{"id":9967,"date":"2019-02-01T14:16:19","date_gmt":"2019-02-01T13:16:19","guid":{"rendered":"https:\/\/www.vichycatalan.com\/font-dor\/histoire\/"},"modified":"2019-05-21T18:14:35","modified_gmt":"2019-05-21T16:14:35","slug":"histoire","status":"publish","type":"page","link":"https:\/\/www.vichycatalan.com\/fr\/nos-marques\/font-dor\/histoire\/","title":{"rendered":"Histoire"},"content":{"rendered":"\n[et_pb_section fb_built=\u00a0\u00bb1&Prime; fullwidth=\u00a0\u00bbon\u00a0\u00bb _builder_version=\u00a0\u00bb3.22.3&Prime; custom_padding=\u00a0\u00bb||||false|false\u00a0\u00bb bottom_divider_color=\u00a0\u00bb#ffffff\u00a0\u00bb bottom_divider_height=\u00a0\u00bb50px\u00a0\u00bb][et_pb_fullwidth_header title=\u00a0\u00bbHistoire de Font D&rsquo;Or\u00a0\u00bb background_overlay_color=\u00a0\u00bbrgba(44,42,41,0.2)\u00a0\u00bb content_max_width=\u00a0\u00bb60%\u00a0\u00bb content_max_width_tablet=\u00a0\u00bb100%\u00a0\u00bb content_max_width_last_edited=\u00a0\u00bbon|phone\u00a0\u00bb _builder_version=\u00a0\u00bb3.19.4&Prime; title_font=\u00a0\u00bbHelvetica Neue standar|700|||||||\u00a0\u00bb title_font_size=\u00a0\u00bb56px\u00a0\u00bb title_text_shadow_style=\u00a0\u00bbpreset1&Prime; content_text_align=\u00a0\u00bbleft\u00a0\u00bb content_font_size=\u00a0\u00bb23px\u00a0\u00bb content_line_height=\u00a0\u00bb1.1em\u00a0\u00bb content_text_shadow_style=\u00a0\u00bbpreset1&Prime; background_image=\u00a0\u00bbhttps:\/\/www.vichycatalan.com\/wp-content\/uploads\/2019\/02\/header-historia-font-d-or.jpg\u00a0\u00bb custom_margin=\u00a0\u00bb0px|0px|0px|0px\u00a0\u00bb custom_padding=\u00a0\u00bb100px|0px|200px|0px\u00a0\u00bb custom_padding_tablet=\u00a0\u00bb50px|0px|150px|0px\u00a0\u00bb custom_padding_phone=\u00a0\u00bb0px||100px\u00a0\u00bb custom_padding_last_edited=\u00a0\u00bbon|phone\u00a0\u00bb text_shadow_style=\u00a0\u00bbpreset1&Prime; divienhancer_set=\u00a0\u00bbnone\u00a0\u00bb]<p>Una fuente que manaba directamente de la roca con un salto de agua que nunca se acababa<\/p>\r[\/et_pb_fullwidth_header][\/et_pb_section][et_pb_section fb_built=\u00a0\u00bb1&Prime; _builder_version=\u00a0\u00bb3.22.3&Prime; background_video_width=\u00a0\u00bb1280&Prime; background_video_height=\u00a0\u00bb720&Prime; custom_margin=\u00a0\u00bb||\u00a0\u00bb custom_padding=\u00a0\u00bb0|0px|16px|0px|false|false\u00a0\u00bb top_divider_color=\u00a0\u00bb#ffffff\u00a0\u00bb top_divider_height=\u00a0\u00bb50px\u00a0\u00bb bottom_divider_color=\u00a0\u00bb#c1c1c1&Prime; bottom_divider_height=\u00a0\u00bb136px\u00a0\u00bb][et_pb_row custom_margin=\u00a0\u00bb40px|||\u00a0\u00bb _builder_version=\u00a0\u00bb3.22.3&Prime; background_size=\u00a0\u00bbinitial\u00a0\u00bb background_position=\u00a0\u00bbtop_left\u00a0\u00bb background_repeat=\u00a0\u00bbrepeat\u00a0\u00bb][et_pb_column type=\u00a0\u00bb1_2&Prime; _builder_version=\u00a0\u00bb3.0.47&Prime;][et_pb_text _builder_version=\u00a0\u00bb3.19.4&Prime; animation_style=\u00a0\u00bbfade\u00a0\u00bb animation_direction=\u00a0\u00bbright\u00a0\u00bb animation_delay=\u00a0\u00bb100ms\u00a0\u00bb divienhancer_set=\u00a0\u00bbnone\u00a0\u00bb]<p><span class=\"et-dropcap\">E<\/span>l agua Font d&rsquo;Or nace en pleno macizo del Montseny, a 1000 metros de altura sobre el nivel del mar.<\/p>\r\n<p>En el paraje del Pla de les Arenes se encontraba una gran finca llamada Cortals de Tarr\u00e9s, formada por una parte de tierras de cultivo y la mayor parte de bosque. Esta propiedad se extend\u00eda por terrenos de dos municipios, la mayor parte de Arb\u00facies y la otra de Sant Hilari Sacalm. En este \u00faltimo se encontraba una fuente llamada popularmente Font d&rsquo;Or. El agua manaba directamente de la roca con un salto de agua que nunca se secaba.<\/p>\r\n<p>Fue a mediados de la d\u00e9cada de los cincuenta cuando D. Florenci Serras Thos se plante\u00f3 la posibilidad de explotar y comercializar aquellas aguas. Para \u00e9l no era una actividad nueva, ya que ten\u00eda experiencia en el mundo del agua, pero se le presentaba la oportunidad de sacar adelante unas aguas familiares que eran propiedad de su t\u00edo Joan Serras Pascual.<\/p>\r\n<p>A finales de 1956 D. Florenci Serras, con la autorizaci\u00f3n de su t\u00edo, inici\u00f3 los tr\u00e1mites y las obras para poder explotar aquellas aguas. Concretamente, el d\u00eda 1 de enero de 1957, cuando ya ten\u00eda todos los permisos, se estren\u00f3 la actividad de su comercializaci\u00f3n en una peque\u00f1a planta de embotellado de planta baja donde solo se llenaban garrafas de vidrio.<\/p>\r[\/et_pb_text][\/et_pb_column][et_pb_column type=\u00a0\u00bb1_2&Prime; _builder_version=\u00a0\u00bb3.0.47&Prime;][et_pb_text _builder_version=\u00a0\u00bb3.19.4&Prime; animation_style=\u00a0\u00bbfade\u00a0\u00bb animation_direction=\u00a0\u00bbright\u00a0\u00bb animation_delay=\u00a0\u00bb100ms\u00a0\u00bb divienhancer_set=\u00a0\u00bbnone\u00a0\u00bb custom_padding=\u00a0\u00bb||0px|||\u00a0\u00bb]<p>La d\u00e9cada de los setenta signific\u00f3 un cambio, ya que en marzo de 1971 se constituy\u00f3 Font d&rsquo;Or, S. A. Este acontecimiento comport\u00f3 la aparici\u00f3n de m\u00e1s socios, m\u00e1s capital y una nueva planta de embotellado m\u00e1s moderna que, a la vez, dio lugar a la aparici\u00f3n de nuevos envases. Ya en los a\u00f1os ochenta se incorporaron nuevos miembros a la sociedad, que la conducir\u00edan a un per\u00edodo de expansi\u00f3n y de gran reconocimiento; Font d&rsquo;Or, S. A., entr\u00f3 a formar parte de Vichy Catalan Corporation.<\/p>\n<p>Estos cambios se iniciaron en 1986 y r\u00e1pidamente se consigui\u00f3 que el agua Font d&rsquo;Or tuviera un gran reconocimiento y se situara en una buena posici\u00f3n del mercado comercial. Pero el gran acontecimiento que consolid\u00f3 Font d&rsquo;Or se produjo en 1992, cuando fue elegida entre muchas otras aguas para acompa\u00f1ar a todo el mundo y en todo momento durante la celebraci\u00f3n de los XXV Juegos Ol\u00edmpicos de Barcelona.<\/p>\n<p>&nbsp;<\/p>[\/et_pb_text][\/et_pb_column][\/et_pb_row][\/et_pb_section][et_pb_section fb_built=\u00a0\u00bb1&Prime; _builder_version=\u00a0\u00bb3.22.3&Prime;][et_pb_row custom_padding=\u00a0\u00bb0||0px||false|false\u00a0\u00bb _builder_version=\u00a0\u00bb3.22.3&Prime;][et_pb_column type=\u00a0\u00bb4_4&Prime; _builder_version=\u00a0\u00bb3.0.47&Prime;][et_pb_divider divider_style=\u00a0\u00bbdouble\u00a0\u00bb divider_position=\u00a0\u00bbcenter\u00a0\u00bb divider_weight=\u00a0\u00bb7px\u00a0\u00bb _builder_version=\u00a0\u00bb3.17.6&Prime; divienhancer_set=\u00a0\u00bbnone\u00a0\u00bb][\/et_pb_divider][\/et_pb_column][\/et_pb_row][et_pb_row custom_padding=\u00a0\u00bb32px|0px|7px|0px|false|false\u00a0\u00bb _builder_version=\u00a0\u00bb3.22.3&Prime; background_size=\u00a0\u00bbinitial\u00a0\u00bb background_position=\u00a0\u00bbtop_left\u00a0\u00bb background_repeat=\u00a0\u00bbrepeat\u00a0\u00bb][et_pb_column type=\u00a0\u00bb4_4&Prime; _builder_version=\u00a0\u00bb3.0.47&Prime;][et_pb_text admin_label=\u00a0\u00bbNuestras marcas\u00a0\u00bb _builder_version=\u00a0\u00bb3.19.4&Prime; header_2_font=\u00a0\u00bbHelvetica Neue standar||||||||\u00a0\u00bb header_2_font_size=\u00a0\u00bb39px\u00a0\u00bb background_color=\u00a0\u00bb#ffffff\u00a0\u00bb max_width=\u00a0\u00bb40%\u00a0\u00bb module_alignment=\u00a0\u00bbcenter\u00a0\u00bb custom_margin=\u00a0\u00bb-60px||\u00a0\u00bb divienhancer_set=\u00a0\u00bbnone\u00a0\u00bb inline_fonts=\u00a0\u00bbHelvetica Neue bold\u00a0\u00bb]<h2 style=\"text-align: center;\">GAMA DE <span style=\"font-family: 'Helvetica Neue bold';\">FONT D&rsquo;OR<\/span><\/h2>\r[\/et_pb_text][\/et_pb_column][\/et_pb_row][et_pb_row custom_padding=\u00a0\u00bb3px|0px|0px|0px|false|false\u00a0\u00bb custom_margin=\u00a0\u00bb||49px\u00a0\u00bb module_class=\u00a0\u00bbsubmarcas\u00a0\u00bb _builder_version=\u00a0\u00bb3.22.3&Prime;][et_pb_column type=\u00a0\u00bb1_3&Prime; _builder_version=\u00a0\u00bb3.0.47&Prime;][et_pb_image src=\u00a0\u00bbhttps:\/\/www.vichycatalan.com\/wp-content\/uploads\/2019\/02\/logo-submarca-classic.jpg\u00a0\u00bb url=\u00a0\u00bbhttps:\/\/www.vichycatalan.com\/fr\/nos-marques\/font-dor-classic\/\u00a0\u00bb use_overlay=\u00a0\u00bbon\u00a0\u00bb overlay_icon_color=\u00a0\u00bb#ffffff\u00a0\u00bb hover_overlay_color=\u00a0\u00bbrgba(252,210,153,0.66)\u00a0\u00bb hover_icon=\u00a0\u00bb%%47%%\u00a0\u00bb show_bottom_space=\u00a0\u00bboff\u00a0\u00bb align=\u00a0\u00bbcenter\u00a0\u00bb _builder_version=\u00a0\u00bb3.19.4&Prime; divienhancer_set=\u00a0\u00bbnone\u00a0\u00bb][\/et_pb_image][\/et_pb_column][et_pb_column type=\u00a0\u00bb1_3&Prime; _builder_version=\u00a0\u00bb3.0.47&Prime;][et_pb_image src=\u00a0\u00bbhttps:\/\/www.vichycatalan.com\/wp-content\/uploads\/2019\/02\/logo-submarca-maximum.jpg\u00a0\u00bb url=\u00a0\u00bbhttps:\/\/www.vichycatalan.com\/fr\/nos-marques\/font-dor-maximum\/\u00a0\u00bb use_overlay=\u00a0\u00bbon\u00a0\u00bb overlay_icon_color=\u00a0\u00bb#ffffff\u00a0\u00bb hover_overlay_color=\u00a0\u00bbrgba(252,210,153,0.66)\u00a0\u00bb hover_icon=\u00a0\u00bb%%47%%\u00a0\u00bb show_bottom_space=\u00a0\u00bboff\u00a0\u00bb align=\u00a0\u00bbcenter\u00a0\u00bb _builder_version=\u00a0\u00bb3.19.4&Prime; divienhancer_set=\u00a0\u00bbnone\u00a0\u00bb][\/et_pb_image][\/et_pb_column][et_pb_column type=\u00a0\u00bb1_3&Prime; _builder_version=\u00a0\u00bb3.0.47&Prime;][et_pb_image src=\u00a0\u00bbhttps:\/\/www.vichycatalan.com\/wp-content\/uploads\/2019\/02\/logo-submarca-pet.jpg\u00a0\u00bb url=\u00a0\u00bbhttps:\/\/www.vichycatalan.com\/fr\/nos-marques\/font-dor-pet\/\u00a0\u00bb use_overlay=\u00a0\u00bbon\u00a0\u00bb overlay_icon_color=\u00a0\u00bb#ffffff\u00a0\u00bb hover_overlay_color=\u00a0\u00bbrgba(252,210,153,0.66)\u00a0\u00bb hover_icon=\u00a0\u00bb%%47%%\u00a0\u00bb show_bottom_space=\u00a0\u00bboff\u00a0\u00bb align=\u00a0\u00bbcenter\u00a0\u00bb _builder_version=\u00a0\u00bb3.19.4&Prime; divienhancer_set=\u00a0\u00bbnone\u00a0\u00bb][\/et_pb_image][\/et_pb_column][\/et_pb_row][\/et_pb_section][et_pb_section fb_built=\u00a0\u00bb1&Prime; fullwidth=\u00a0\u00bbon\u00a0\u00bb admin_label=\u00a0\u00bbfondo colores\u00a0\u00bb module_class=\u00a0\u00bbstop\u00a0\u00bb _builder_version=\u00a0\u00bb3.22.3&Prime; background_image=\u00a0\u00bbhttps:\/\/www.vichycatalan.com\/wp-content\/uploads\/2018\/10\/trencadis-corporate.png\u00a0\u00bb background_position=\u00a0\u00bbtop_center\u00a0\u00bb background_repeat=\u00a0\u00bbrepeat-x\u00a0\u00bb custom_padding=\u00a0\u00bb190px||||false|false\u00a0\u00bb global_module=\u00a0\u00bb634&Prime;][\/et_pb_section]\n","protected":false},"excerpt":{"rendered":"<p>Una fuente que manaba directamente de la roca con un salto de agua que nunca se acababa El agua Font d&rsquo;Or nace en pleno macizo del Montseny, a 1000 metros de altura sobre el nivel del mar. En el paraje del Pla de les Arenes se encontraba una gran finca llamada Cortals de Tarr\u00e9s, formada [&hellip;]<\/p>\n","protected":false},"author":1,"featured_media":0,"parent":9723,"menu_order":0,"comment_status":"closed","ping_status":"closed","template":"","meta":{"_acf_changed":false,"_et_pb_use_builder":"on","_et_pb_old_content":"","_et_gb_content_width":"","footnotes":""},"class_list":["post-9967","page","type-page","status-publish","hentry"],"acf":{"pagina_de_marca":null,"campos_de_marca":null},"yoast_head":"<!-- This site is optimized with the Yoast SEO plugin v27.5 - https:\/\/yoast.com\/product\/yoast-seo-wordpress\/ -->\n<title>Histoire - Vichy Catalan Corporation<\/title>\n<meta name=\"description\" content=\"Zumos Lambda fut fond\u00e9e en 1985, et d\u00e8s ses d\u00e9buts, elle devint une r\u00e9f\u00e9rence dans le secteur des jus de fruits et des nectars.\" \/>\n<meta name=\"robots\" content=\"index, follow, max-snippet:-1, max-image-preview:large, max-video-preview:-1\" \/>\n<link rel=\"canonical\" href=\"https:\/\/www.vichycatalan.com\/fr\/nos-marques\/font-dor\/histoire\/\" \/>\n<meta property=\"og:locale\" content=\"fr_FR\" \/>\n<meta property=\"og:type\" content=\"article\" \/>\n<meta property=\"og:title\" content=\"Histoire - Vichy Catalan Corporation\" \/>\n<meta property=\"og:description\" content=\"Zumos Lambda fut fond\u00e9e en 1985, et d\u00e8s ses d\u00e9buts, elle devint une r\u00e9f\u00e9rence dans le secteur des jus de fruits et des nectars.\" \/>\n<meta property=\"og:url\" content=\"https:\/\/www.vichycatalan.com\/fr\/nos-marques\/font-dor\/histoire\/\" \/>\n<meta property=\"og:site_name\" content=\"Vichy Catalan Corporation\" \/>\n<meta property=\"article:modified_time\" content=\"2019-05-21T16:14:35+00:00\" \/>\n<meta name=\"twitter:card\" content=\"summary_large_image\" \/>\n<meta name=\"twitter:label1\" content=\"Dur\u00e9e de lecture estim\u00e9e\" \/>\n\t<meta name=\"twitter:data1\" content=\"5 minutes\" \/>\n<script type=\"application\/ld+json\" class=\"yoast-schema-graph\">{\"@context\":\"https:\\\/\\\/schema.org\",\"@graph\":[{\"@type\":\"WebPage\",\"@id\":\"https:\\\/\\\/www.vichycatalan.com\\\/fr\\\/nos-marques\\\/font-dor\\\/histoire\\\/\",\"url\":\"https:\\\/\\\/www.vichycatalan.com\\\/fr\\\/nos-marques\\\/font-dor\\\/histoire\\\/\",\"name\":\"Histoire - Vichy Catalan Corporation\",\"isPartOf\":{\"@id\":\"https:\\\/\\\/www.vichycatalan.com\\\/fr\\\/#website\"},\"datePublished\":\"2019-02-01T13:16:19+00:00\",\"dateModified\":\"2019-05-21T16:14:35+00:00\",\"description\":\"Zumos Lambda fut fond\u00e9e en 1985, et d\u00e8s ses d\u00e9buts, elle devint une r\u00e9f\u00e9rence dans le secteur des jus de fruits et des nectars.\",\"breadcrumb\":{\"@id\":\"https:\\\/\\\/www.vichycatalan.com\\\/fr\\\/nos-marques\\\/font-dor\\\/histoire\\\/#breadcrumb\"},\"inLanguage\":\"fr-FR\",\"potentialAction\":[{\"@type\":\"ReadAction\",\"target\":[\"https:\\\/\\\/www.vichycatalan.com\\\/fr\\\/nos-marques\\\/font-dor\\\/histoire\\\/\"]}]},{\"@type\":\"BreadcrumbList\",\"@id\":\"https:\\\/\\\/www.vichycatalan.com\\\/fr\\\/nos-marques\\\/font-dor\\\/histoire\\\/#breadcrumb\",\"itemListElement\":[{\"@type\":\"ListItem\",\"position\":1,\"name\":\"Portada\",\"item\":\"https:\\\/\\\/www.vichycatalan.com\\\/fr\\\/\"},{\"@type\":\"ListItem\",\"position\":2,\"name\":\"Nos marques\",\"item\":\"https:\\\/\\\/www.vichycatalan.com\\\/fr\\\/nos-marques\\\/\"},{\"@type\":\"ListItem\",\"position\":3,\"name\":\"Font d\u2019Or\",\"item\":\"https:\\\/\\\/www.vichycatalan.com\\\/fr\\\/nos-marques\\\/font-dor\\\/\"},{\"@type\":\"ListItem\",\"position\":4,\"name\":\"Histoire\"}]},{\"@type\":\"WebSite\",\"@id\":\"https:\\\/\\\/www.vichycatalan.com\\\/fr\\\/#website\",\"url\":\"https:\\\/\\\/www.vichycatalan.com\\\/fr\\\/\",\"name\":\"Vichy Catalan Corporation\",\"description\":\"Web de Vichy Catalan Corporation\",\"potentialAction\":[{\"@type\":\"SearchAction\",\"target\":{\"@type\":\"EntryPoint\",\"urlTemplate\":\"https:\\\/\\\/www.vichycatalan.com\\\/fr\\\/?s={search_term_string}\"},\"query-input\":{\"@type\":\"PropertyValueSpecification\",\"valueRequired\":true,\"valueName\":\"search_term_string\"}}],\"inLanguage\":\"fr-FR\"}]}<\/script>\n<!-- \/ Yoast SEO plugin. -->","yoast_head_json":{"title":"Histoire - Vichy Catalan Corporation","description":"Zumos Lambda fut fond\u00e9e en 1985, et d\u00e8s ses d\u00e9buts, elle devint une r\u00e9f\u00e9rence dans le secteur des jus de fruits et des nectars.","robots":{"index":"index","follow":"follow","max-snippet":"max-snippet:-1","max-image-preview":"max-image-preview:large","max-video-preview":"max-video-preview:-1"},"canonical":"https:\/\/www.vichycatalan.com\/fr\/nos-marques\/font-dor\/histoire\/","og_locale":"fr_FR","og_type":"article","og_title":"Histoire - Vichy Catalan Corporation","og_description":"Zumos Lambda fut fond\u00e9e en 1985, et d\u00e8s ses d\u00e9buts, elle devint une r\u00e9f\u00e9rence dans le secteur des jus de fruits et des nectars.","og_url":"https:\/\/www.vichycatalan.com\/fr\/nos-marques\/font-dor\/histoire\/","og_site_name":"Vichy Catalan Corporation","article_modified_time":"2019-05-21T16:14:35+00:00","twitter_card":"summary_large_image","twitter_misc":{"Dur\u00e9e de lecture estim\u00e9e":"5 minutes"},"schema":{"@context":"https:\/\/schema.org","@graph":[{"@type":"WebPage","@id":"https:\/\/www.vichycatalan.com\/fr\/nos-marques\/font-dor\/histoire\/","url":"https:\/\/www.vichycatalan.com\/fr\/nos-marques\/font-dor\/histoire\/","name":"Histoire - Vichy Catalan Corporation","isPartOf":{"@id":"https:\/\/www.vichycatalan.com\/fr\/#website"},"datePublished":"2019-02-01T13:16:19+00:00","dateModified":"2019-05-21T16:14:35+00:00","description":"Zumos Lambda fut fond\u00e9e en 1985, et d\u00e8s ses d\u00e9buts, elle devint une r\u00e9f\u00e9rence dans le secteur des jus de fruits et des nectars.","breadcrumb":{"@id":"https:\/\/www.vichycatalan.com\/fr\/nos-marques\/font-dor\/histoire\/#breadcrumb"},"inLanguage":"fr-FR","potentialAction":[{"@type":"ReadAction","target":["https:\/\/www.vichycatalan.com\/fr\/nos-marques\/font-dor\/histoire\/"]}]},{"@type":"BreadcrumbList","@id":"https:\/\/www.vichycatalan.com\/fr\/nos-marques\/font-dor\/histoire\/#breadcrumb","itemListElement":[{"@type":"ListItem","position":1,"name":"Portada","item":"https:\/\/www.vichycatalan.com\/fr\/"},{"@type":"ListItem","position":2,"name":"Nos marques","item":"https:\/\/www.vichycatalan.com\/fr\/nos-marques\/"},{"@type":"ListItem","position":3,"name":"Font d\u2019Or","item":"https:\/\/www.vichycatalan.com\/fr\/nos-marques\/font-dor\/"},{"@type":"ListItem","position":4,"name":"Histoire"}]},{"@type":"WebSite","@id":"https:\/\/www.vichycatalan.com\/fr\/#website","url":"https:\/\/www.vichycatalan.com\/fr\/","name":"Vichy Catalan Corporation","description":"Web de Vichy Catalan Corporation","potentialAction":[{"@type":"SearchAction","target":{"@type":"EntryPoint","urlTemplate":"https:\/\/www.vichycatalan.com\/fr\/?s={search_term_string}"},"query-input":{"@type":"PropertyValueSpecification","valueRequired":true,"valueName":"search_term_string"}}],"inLanguage":"fr-FR"}]}},"_links":{"self":[{"href":"https:\/\/www.vichycatalan.com\/fr\/wp-json\/wp\/v2\/pages\/9967","targetHints":{"allow":["GET"]}}],"collection":[{"href":"https:\/\/www.vichycatalan.com\/fr\/wp-json\/wp\/v2\/pages"}],"about":[{"href":"https:\/\/www.vichycatalan.com\/fr\/wp-json\/wp\/v2\/types\/page"}],"author":[{"embeddable":true,"href":"https:\/\/www.vichycatalan.com\/fr\/wp-json\/wp\/v2\/users\/1"}],"replies":[{"embeddable":true,"href":"https:\/\/www.vichycatalan.com\/fr\/wp-json\/wp\/v2\/comments?post=9967"}],"version-history":[{"count":0,"href":"https:\/\/www.vichycatalan.com\/fr\/wp-json\/wp\/v2\/pages\/9967\/revisions"}],"up":[{"embeddable":true,"href":"https:\/\/www.vichycatalan.com\/fr\/wp-json\/wp\/v2\/pages\/9723"}],"wp:attachment":[{"href":"https:\/\/www.vichycatalan.com\/fr\/wp-json\/wp\/v2\/media?parent=9967"}],"curies":[{"name":"wp","href":"https:\/\/api.w.org\/{rel}","templated":true}]}}