{"id":9785,"date":"2019-03-06T17:59:20","date_gmt":"2019-03-06T16:59:20","guid":{"rendered":"https:\/\/www.vichycatalan.com\/politique-de-cookies\/"},"modified":"2019-04-26T14:14:46","modified_gmt":"2019-04-26T12:14:46","slug":"politique-de-cookies","status":"publish","type":"page","link":"https:\/\/www.vichycatalan.com\/fr\/politique-de-cookies\/","title":{"rendered":"Politique de cookies"},"content":{"rendered":"<p>[et_pb_section fb_built=\u00a0\u00bb1&Prime; fullwidth=\u00a0\u00bbon\u00a0\u00bb _builder_version=\u00a0\u00bb3.22.3&Prime; custom_padding=\u00a0\u00bb||||false|false\u00a0\u00bb bottom_divider_color=\u00a0\u00bb#ffffff\u00a0\u00bb bottom_divider_height=\u00a0\u00bb50px\u00a0\u00bb][et_pb_fullwidth_header title=\u00a0\u00bbPolitique de cookies\u00a0\u00bb background_overlay_color=\u00a0\u00bbrgba(44,42,41,0.44)\u00a0\u00bb content_max_width=\u00a0\u00bb60%\u00a0\u00bb content_max_width_tablet=\u00a0\u00bb100%\u00a0\u00bb content_max_width_last_edited=\u00a0\u00bbon|phone\u00a0\u00bb _builder_version=\u00a0\u00bb3.19.18&Prime; title_font=\u00a0\u00bbHelvetica Neue standar|700|||||||\u00a0\u00bb title_font_size=\u00a0\u00bb56px\u00a0\u00bb title_text_shadow_style=\u00a0\u00bbpreset1&Prime; content_text_align=\u00a0\u00bbleft\u00a0\u00bb content_font_size=\u00a0\u00bb23px\u00a0\u00bb content_line_height=\u00a0\u00bb1.1em\u00a0\u00bb content_text_shadow_style=\u00a0\u00bbpreset1&Prime; background_image=\u00a0\u00bbhttps:\/\/www.vichycatalan.com\/wp-content\/uploads\/2018\/11\/quienes-somos.jpg\u00a0\u00bb parallax=\u00a0\u00bbon\u00a0\u00bb parallax_method=\u00a0\u00bbon\u00a0\u00bb custom_margin=\u00a0\u00bb0px|0px|0px|0px\u00a0\u00bb custom_padding=\u00a0\u00bb100px|0px|200px|0px\u00a0\u00bb custom_padding_tablet=\u00a0\u00bb50px|0px|150px|0px\u00a0\u00bb custom_padding_phone=\u00a0\u00bb0px||100px\u00a0\u00bb custom_padding_last_edited=\u00a0\u00bbon|phone\u00a0\u00bb text_shadow_style=\u00a0\u00bbpreset1&Prime; divienhancer_set=\u00a0\u00bbnone\u00a0\u00bb][\/et_pb_fullwidth_header][\/et_pb_section][et_pb_section fb_built=\u00a0\u00bb1&Prime; _builder_version=\u00a0\u00bb3.22.3&Prime; background_video_width=\u00a0\u00bb1280&Prime; background_video_height=\u00a0\u00bb720&Prime; custom_margin=\u00a0\u00bb||\u00a0\u00bb custom_padding=\u00a0\u00bb0|0px|16px|0px|false|false\u00a0\u00bb top_divider_color=\u00a0\u00bb#ffffff\u00a0\u00bb top_divider_height=\u00a0\u00bb50px\u00a0\u00bb bottom_divider_color=\u00a0\u00bb#c1c1c1&Prime; bottom_divider_height=\u00a0\u00bb136px\u00a0\u00bb][et_pb_row _builder_version=\u00a0\u00bb3.22.3&Prime; background_size=\u00a0\u00bbinitial\u00a0\u00bb background_position=\u00a0\u00bbtop_left\u00a0\u00bb background_repeat=\u00a0\u00bbrepeat\u00a0\u00bb][et_pb_column type=\u00a0\u00bb4_4&Prime; _builder_version=\u00a0\u00bb3.0.47&Prime;][et_pb_text _builder_version=\u00a0\u00bb3.19.18&Prime; divienhancer_set=\u00a0\u00bbnone\u00a0\u00bb]<\/p>\n<h3>Que sont les cookies\u00a0?<\/h3>\n<p>Un cookie est un fichier qui est t\u00e9l\u00e9charg\u00e9 dans l\u2019ordinateur de l\u2019utilisateur lorsque celui-ci acc\u00e8de \u00e0 certains site Web. Les cookies permettent, entre autres, \u00e0 un site Web de stocker et de r\u00e9cup\u00e9rer des informations sur les habitudes de navigation d\u2019un utilisateur ou de son dispositif, et en fonction de l\u2019information obtenue et de la fa\u00e7on d\u2019utiliser le dispositif, ils peuvent \u00eatre utilis\u00e9s pour reconna\u00eetre l\u2019utilisateur.<br \/>\n[\/et_pb_text][\/et_pb_column][\/et_pb_row][et_pb_row _builder_version=\u00a0\u00bb3.22.3&Prime; background_size=\u00a0\u00bbinitial\u00a0\u00bb background_position=\u00a0\u00bbtop_left\u00a0\u00bb background_repeat=\u00a0\u00bbrepeat\u00a0\u00bb][et_pb_column type=\u00a0\u00bb4_4&Prime; _builder_version=\u00a0\u00bb3.0.47&Prime;][et_pb_text _builder_version=\u00a0\u00bb3.19.18&Prime; divienhancer_set=\u00a0\u00bbnone\u00a0\u00bb]<\/p>\n<h3>Quels sont les diff\u00e9rents types de cookies\u00a0?<\/h3>\n<p>Il existe diff\u00e9rents types de cookies en fonction de divers crit\u00e8res\u00a0:<\/p>\n<p>En fonction de la dur\u00e9e pendant laquelle ils sont actifs\u00a0:<\/p>\n<ul>\n<li>Cookies de session\u00a0: il s\u2019agit de cookies con\u00e7us pour collecter et stocker des donn\u00e9es pendant l\u2019acc\u00e8s de l\u2019utilisateur \u00e0 un site Web.<\/li>\n<li>Cookies permanents\u00a0: il s\u2019agit de cookies sur lesquels les donn\u00e9es restent stock\u00e9es dans le terminal et peuvent \u00eatre accessibles et trait\u00e9es pendant une p\u00e9riode d\u00e9termin\u00e9e par le responsable du cookie.<\/li>\n<\/ul>\n<p>En fonction du propri\u00e9taire\u00a0:<\/p>\n<ul>\n<li>Cookies propri\u00e9taires. Il s\u2019agit de cookies qui appartiennent \u00e0 PREMIUM MIX GROUP, S.L.<\/li>\n<li>Cookies de tiers. Il s\u2019agit de cookies qui appartiennent \u00e0 un tiers, autre que PREMIUM MIX GROUP, S.L., qui sera charg\u00e9 de trait\u00e9 l\u2019information collect\u00e9e.<\/li>\n<\/ul>\n<p>En fonction de la finalit\u00e9\u00a0:<\/p>\n<ul>\n<li>Cookies techniques et\/ou de personnalisation. Il s\u2019agit de cookies servant \u00e0 am\u00e9liorer le service, \u00e0 localiser les incidents, \u00e0 reconna\u00eetre l\u2019utilisateur, etc.<\/li>\n<li>Cookies d\u2019analyse et\/ou de publicit\u00e9. Il s\u2019agit de cookies servant \u00e0 analyser les informations sur la navigation et \u00e0 offrir de la publicit\u00e9, g\u00e9n\u00e9rique ou personnalis\u00e9e.<\/li>\n<\/ul>\n<p>[\/et_pb_text][\/et_pb_column][\/et_pb_row][et_pb_row _builder_version=\u00a0\u00bb3.22.3&Prime; background_size=\u00a0\u00bbinitial\u00a0\u00bb background_position=\u00a0\u00bbtop_left\u00a0\u00bb background_repeat=\u00a0\u00bbrepeat\u00a0\u00bb][et_pb_column type=\u00a0\u00bb4_4&Prime; _builder_version=\u00a0\u00bb3.0.47&Prime;][et_pb_text _builder_version=\u00a0\u00bb3.19.18&Prime; divienhancer_set=\u00a0\u00bbnone\u00a0\u00bb]<\/p>\n<h3>Quels sont les cookies les plus habituels\u00a0?<\/h3>\n<p>TECHNIQUES\u00a0: il s\u2019agit des cookies PROPRI\u00c9TAIRES, de session, d\u2019identification, de configuration y de registre, strictement n\u00e9cessaires \u00e0 l\u2019identification de l\u2019utilisateur et pour la prestation des services qu\u2019il a demand\u00e9s. L\u2019information obtenue au travers de ces cookies est trait\u00e9e uniquement par PREMIUM MIX GROUP, S.L.<\/p>\n<p>D\u2019ANALYSE\u00a0: il s\u2019agit des cookies que nous traitons nous-m\u00eames ou au travers de tiers et qui nous permettent de quantifier le nombre d\u2019utilisateurs, afin de r\u00e9aliser un calcul et une analyse statistiques de l\u2019utilisation du service propos\u00e9, de la part des utilisateurs. Pour ce faire, nous analysons leur navigation sur notre site Web, en vue d\u2019am\u00e9liorer l\u2019offre de produits ou de services propos\u00e9s.<\/p>\n<p>DE PUBLICIT\u00c9\u00a0: il s\u2019agit des cookies que nous traitons nous-m\u00eames ou au travers de tiers et qui nous permettent de traiter, de la forme la plus efficace qui soit les espaces publicitaires pouvant \u00eatre inclus dans notre site Web et\/ou qui stockent des informations du comportement des utilisateurs, obtenues au travers de l\u2019observation constante. Gr\u00e2ce \u00e0 ces cookies, nous pouvons conna\u00eetre les habitudes de navigation sur Internet et leur montrer de la publicit\u00e9 associ\u00e9e \u00e0 leur profil de navigation.<br \/>\n[\/et_pb_text][\/et_pb_column][\/et_pb_row][et_pb_row _builder_version=\u00a0\u00bb3.22.3&Prime; background_size=\u00a0\u00bbinitial\u00a0\u00bb background_position=\u00a0\u00bbtop_left\u00a0\u00bb background_repeat=\u00a0\u00bbrepeat\u00a0\u00bb][et_pb_column type=\u00a0\u00bb4_4&Prime; _builder_version=\u00a0\u00bb3.0.47&Prime;][et_pb_text _builder_version=\u00a0\u00bb3.19.18&Prime; divienhancer_set=\u00a0\u00bbnone\u00a0\u00bb]<\/p>\n<h3>\u00c0 quoi servent les cookies\u00a0?<\/h3>\n<p>Les cookies sont utilis\u00e9s pour pouvoir vous offrir des services et\/ou de la publicit\u00e9 personnalis\u00e9s, pour analyser le fonctionnement du syst\u00e8me, vous reconna\u00eetre lorsque vous acc\u00e9dez en qualit\u00e9 d\u2019utilisateur, pour localiser les incidents et les probl\u00e8mes qui peuvent surgir et les r\u00e9soudre le plus rapidement possible, ainsi que pour analyser et calculer l\u2019utilisation et l\u2019activit\u00e9 du site Web.<br \/>\n[\/et_pb_text][\/et_pb_column][\/et_pb_row][et_pb_row _builder_version=\u00a0\u00bb3.22.3&Prime; background_size=\u00a0\u00bbinitial\u00a0\u00bb background_position=\u00a0\u00bbtop_left\u00a0\u00bb background_repeat=\u00a0\u00bbrepeat\u00a0\u00bb][et_pb_column type=\u00a0\u00bb4_4&Prime; _builder_version=\u00a0\u00bb3.0.47&Prime;][et_pb_text _builder_version=\u00a0\u00bb3.19.18&Prime; divienhancer_set=\u00a0\u00bbnone\u00a0\u00bb]<\/p>\n<h3>Mon consentement est-il n\u00e9cessaire pour implanter un cookie\u00a0?<\/h3>\n<p>Votre consentement n\u2019est pas n\u00e9cessaire pour installer des cookies techniques, ni ceux strictement n\u00e9cessaires \u00e0 la prestation d\u2019un service de la soci\u00e9t\u00e9 de l\u2019information express\u00e9ment demand\u00e9 par le destinataire.<\/p>\n<p>Pour le reste en revanche, le consentement de la personne int\u00e9ress\u00e9e est n\u00e9cessaire et peut lui \u00eatre demand\u00e9 par diff\u00e9rents moyens. Dans le cas de PREMIUM MIX GROUP, S.L., nous consid\u00e8rerons que vous nous le donnez si vous continuez \u00e0 utiliser le site Web, sans pr\u00e9judice de pouvoir le r\u00e9voquer \u00e0 tout moment et de d\u00e9sactiver les cookies.<br \/>\n[\/et_pb_text][\/et_pb_column][\/et_pb_row][et_pb_row _builder_version=\u00a0\u00bb3.22.3&Prime; background_size=\u00a0\u00bbinitial\u00a0\u00bb background_position=\u00a0\u00bbtop_left\u00a0\u00bb background_repeat=\u00a0\u00bbrepeat\u00a0\u00bb][et_pb_column type=\u00a0\u00bb4_4&Prime; _builder_version=\u00a0\u00bb3.0.47&Prime;][et_pb_text _builder_version=\u00a0\u00bb3.19.18&Prime; divienhancer_set=\u00a0\u00bbnone\u00a0\u00bb]<\/p>\n<h3>Quels types de cookies utilise ce site Web\u00a0?<\/h3>\n<p>Cookies techniques\u00a0: il s\u2019agit des cookies que nous cr\u00e9ons et traitons nous-m\u00eames uniquement et qui permettent \u00e0 l\u2019utilisateur de naviguer sur notre site Web, d\u2019utiliser les diff\u00e9rentes options telles que l\u2019identification de la session, la personnalisation de l\u2019information ou l\u2019acc\u00e8s aux zones restreintes, entre autres.<\/p>\n<p>Le site Web de PREMIUM MIX GROUP, S.L. utilise (ou peut utiliser) Google Analytics, un outil d\u2019analyse Web d\u00e9velopp\u00e9 par Google, qui aide les propri\u00e9taires de sites Web \u00e0 calculer l\u2019interaction entre les utilisateurs et le contenu du site. Pour pr\u00eater ces services, Google Analytics utilise des cookies qui compilent les informations, y compris l\u2019adresse IP de l\u2019utilisateur qui sera ensuite transmise, trait\u00e9e et stock\u00e9e par Google dans les termes \u00e9tablis sur le site Web Google.com.<br \/>\nPour toute information compl\u00e9mentaire, consultez\u00a0:<\/p>\n<p><a href=\"https:\/\/developers.google.com\/analytics\/devguides\/collection\/analyticsjs\/cookie-usage\">https:\/\/developers.google.com\/analytics\/devguides\/collection\/analyticsjs\/cookie-usage<\/a><\/p>\n<p>Le domaine web www.vichycatalan.com utilise les types de cookies suivants\u00a0:<\/p>\n<table>\n<thead>\n<tr>\n<td style=\"padding: 10px 10px;background: #d6d6d6;width: 170px;text-align: center\">Nom du cookie<\/td>\n<td style=\"padding: 10px 10px;background: #d6d6d6\">Finalit\u00e9<\/td>\n<td style=\"padding: 10px 10px;background: #d6d6d6;width: 140px;text-align: center\">Expire<\/td>\n<\/tr>\n<\/thead>\n<tbody>\n<tr>\n<td style=\"padding: 5px 10px;vertical-align: top;text-align: center;border: 1px solid #d6d6d6\">_ga<\/td>\n<td style=\"padding: 5px 10px;vertical-align: top;border: 1px solid #d6d6d6\">Il est utilis\u00e9 pour distinguer les utilisateurs des sessions. Le cookie est cr\u00e9\u00e9 lors du t\u00e9l\u00e9chargement du carnet javascript et il n\u2019y a pas de version pr\u00e9alable du cookie _ga. Le cookie est utilis\u00e9 chaque fois que vous envoyez les donn\u00e9es \u00e0 Google Analytics.<\/td>\n<td style=\"padding: 5px 10px;vertical-align: top;text-align: center;border: 1px solid #d6d6d6\">2\u00a0ans<\/td>\n<\/tr>\n<tr>\n<td style=\"padding: 5px 10px;vertical-align: top;text-align: center;border: 1px solid #d6d6d6\">_gat<\/td>\n<td style=\"padding: 5px 10px;vertical-align: top;border: 1px solid #d6d6d6\">Il est utilis\u00e9 pour limiter le pourcentage des demandes. Si vous avez rempli Google Analytics au travers de Google Tag Manager, ce cookie s\u2019appellera _dc_gtm_.<\/td>\n<td style=\"padding: 5px 10px;vertical-align: top;text-align: center;border: 1px solid #d6d6d6\">1\u00a0minute<\/td>\n<\/tr>\n<tr>\n<td style=\"padding: 5px 10px;vertical-align: top;text-align: center;border: 1px solid #d6d6d6\">_gid<\/td>\n<td style=\"padding: 5px 10px;vertical-align: top;border: 1px solid #d6d6d6\">Il est utilis\u00e9 pour distinguer les utilisateurs. Cookie de Google Analytics.<\/td>\n<td style=\"padding: 5px 10px;vertical-align: top;text-align: center;border: 1px solid #d6d6d6\">24\u00a0heures<\/td>\n<\/tr>\n<tr>\n<td style=\"padding: 5px 10px;vertical-align: top;text-align: center;border: 1px solid #d6d6d6\">language<\/td>\n<td style=\"padding: 5px 10px;vertical-align: top;border: 1px solid #d6d6d6\">Ce cookie est associ\u00e9 au WordPress et stocke une pr\u00e9f\u00e9rence de langue pour le visiteur, afin d\u2019aider les sites multilingues. Lorsqu\u2019il est \u00e9tabli comme cookies persistant ou d\u2019une dur\u00e9e de vie pr\u00e9d\u00e9termin\u00e9e d\u2019un an, il doit \u00eatre consid\u00e9r\u00e9 comme fonctionnel, au lieu de strictement n\u00e9cessaire.<br \/>\nL\u2019objectif principal de ce cookie est\u00a0: la fonctionnalit\u00e9.<\/td>\n<td style=\"padding: 5px 10px;vertical-align: top;text-align: center;border: 1px solid #d6d6d6\">1\u00a0an<\/td>\n<\/tr>\n<tr>\n<td style=\"padding: 5px 10px;vertical-align: top;text-align: center;border: 1px solid #d6d6d6\">PHPSESSID<\/td>\n<td style=\"padding: 5px 10px;vertical-align: top;border: 1px solid #d6d6d6\">Il a pour but de contr\u00f4ler la session de l\u2019utilisateur. Ils sont n\u00e9cessaires \u00e0 la navigation et au bon fonctionnement de notre site Web.<\/td>\n<td style=\"padding: 5px 10px;vertical-align: top;text-align: center;border: 1px solid #d6d6d6\">\u00c0 la fin de la session<\/td>\n<\/tr>\n<\/tbody>\n<\/table>\n<p>[\/et_pb_text][\/et_pb_column][\/et_pb_row][et_pb_row _builder_version=\u00a0\u00bb3.22.3&Prime; background_size=\u00a0\u00bbinitial\u00a0\u00bb background_position=\u00a0\u00bbtop_left\u00a0\u00bb background_repeat=\u00a0\u00bbrepeat\u00a0\u00bb][et_pb_column type=\u00a0\u00bb4_4&Prime; _builder_version=\u00a0\u00bb3.0.47&Prime;][et_pb_text _builder_version=\u00a0\u00bb3.19.18&Prime; divienhancer_set=\u00a0\u00bbnone\u00a0\u00bb]<\/p>\n<h3>Comment d\u00e9sactiver les cookies\u00a0?<\/h3>\n<p>Vous pouvez autoriser, bloquer ou \u00e9liminer les cookies install\u00e9s dans votre dispositif en configurant les options du navigateur install\u00e9 dans votre ordinateur.<\/p>\n<p>Firefox\u00a0: https:\/\/support.mozilla.org\/es\/kb\/habilitar-y-deshabilitar-cookies-sitios-web-rastrear-preferencias?redirectlocale=es&amp;redirectslug=habilitar-y-deshabilitar-cookies-que-los-sitios-we<\/p>\n<ul>\n<li>Chrome\u00a0: https:\/\/support.google.com\/chrome\/answer\/95647?hl=es<\/li>\n<li>Internet Explorer\u00a0: https:\/\/support.microsoft.com\/es-es\/products\/windows?os=windows-10<\/li>\n<li>Safari\u00a0: https:\/\/support.apple.com\/kb\/ph5042?locale=es_ES<\/li>\n<li>Safari pour iOS\u00a0: https:\/\/support.apple.com\/es-es\/HT201265<\/li>\n<li>Opera\u00a0: http:\/\/help.opera.com\/Windows\/11.50\/es-ES\/cookies.html<\/li>\n<\/ul>\n<p>[\/et_pb_text][\/et_pb_column][\/et_pb_row][\/et_pb_section][et_pb_section fb_built=\u00a0\u00bb1&Prime; fullwidth=\u00a0\u00bbon\u00a0\u00bb admin_label=\u00a0\u00bbfondo colores\u00a0\u00bb module_class=\u00a0\u00bbstop\u00a0\u00bb _builder_version=\u00a0\u00bb3.22.3&Prime; background_image=\u00a0\u00bbhttps:\/\/www.vichycatalan.com\/wp-content\/uploads\/2018\/10\/trencadis-corporate.png\u00a0\u00bb background_position=\u00a0\u00bbtop_center\u00a0\u00bb background_repeat=\u00a0\u00bbrepeat-x\u00a0\u00bb custom_padding=\u00a0\u00bb190px||||false|false\u00a0\u00bb][\/et_pb_section]<\/p>\n","protected":false},"excerpt":{"rendered":"<p>Que sont les cookies\u00a0? Un cookie est un fichier qui est t\u00e9l\u00e9charg\u00e9 dans l\u2019ordinateur de l\u2019utilisateur lorsque celui-ci acc\u00e8de \u00e0 certains site Web. Les cookies permettent, entre autres, \u00e0 un site Web de stocker et de r\u00e9cup\u00e9rer des informations sur les habitudes de navigation d\u2019un utilisateur ou de son dispositif, et en fonction de l\u2019information [&hellip;]<\/p>\n","protected":false},"author":1,"featured_media":0,"parent":0,"menu_order":0,"comment_status":"closed","ping_status":"closed","template":"","meta":{"_acf_changed":false,"_et_pb_use_builder":"on","_et_pb_old_content":"","_et_gb_content_width":"","footnotes":""},"class_list":["post-9785","page","type-page","status-publish","hentry"],"acf":{"pagina_de_marca":null,"campos_de_marca":null},"yoast_head":"<!-- This site is optimized with the Yoast SEO plugin v27.5 - https:\/\/yoast.com\/product\/yoast-seo-wordpress\/ -->\n<title>Politique de cookies - Vichy Catalan Corporation<\/title>\n<meta name=\"description\" content=\"Mentions l\u00e9gales de Vichy Catalan Corporation\" \/>\n<meta name=\"robots\" content=\"index, follow, max-snippet:-1, max-image-preview:large, max-video-preview:-1\" \/>\n<link rel=\"canonical\" href=\"https:\/\/www.vichycatalan.com\/fr\/politique-de-cookies\/\" \/>\n<meta property=\"og:locale\" content=\"fr_FR\" \/>\n<meta property=\"og:type\" content=\"article\" \/>\n<meta property=\"og:title\" content=\"Politique de cookies - Vichy Catalan Corporation\" \/>\n<meta property=\"og:description\" content=\"Mentions l\u00e9gales de Vichy Catalan Corporation\" \/>\n<meta property=\"og:url\" content=\"https:\/\/www.vichycatalan.com\/fr\/politique-de-cookies\/\" \/>\n<meta property=\"og:site_name\" content=\"Vichy Catalan Corporation\" \/>\n<meta property=\"article:modified_time\" content=\"2019-04-26T12:14:46+00:00\" \/>\n<meta name=\"twitter:card\" content=\"summary_large_image\" \/>\n<meta name=\"twitter:label1\" content=\"Dur\u00e9e de lecture estim\u00e9e\" \/>\n\t<meta name=\"twitter:data1\" content=\"8 minutes\" \/>\n<script type=\"application\/ld+json\" class=\"yoast-schema-graph\">{\"@context\":\"https:\\\/\\\/schema.org\",\"@graph\":[{\"@type\":\"WebPage\",\"@id\":\"https:\\\/\\\/www.vichycatalan.com\\\/fr\\\/politique-de-cookies\\\/\",\"url\":\"https:\\\/\\\/www.vichycatalan.com\\\/fr\\\/politique-de-cookies\\\/\",\"name\":\"Politique de cookies - Vichy Catalan Corporation\",\"isPartOf\":{\"@id\":\"https:\\\/\\\/www.vichycatalan.com\\\/fr\\\/#website\"},\"datePublished\":\"2019-03-06T16:59:20+00:00\",\"dateModified\":\"2019-04-26T12:14:46+00:00\",\"description\":\"Mentions l\u00e9gales de Vichy Catalan Corporation\",\"breadcrumb\":{\"@id\":\"https:\\\/\\\/www.vichycatalan.com\\\/fr\\\/politique-de-cookies\\\/#breadcrumb\"},\"inLanguage\":\"fr-FR\",\"potentialAction\":[{\"@type\":\"ReadAction\",\"target\":[\"https:\\\/\\\/www.vichycatalan.com\\\/fr\\\/politique-de-cookies\\\/\"]}]},{\"@type\":\"BreadcrumbList\",\"@id\":\"https:\\\/\\\/www.vichycatalan.com\\\/fr\\\/politique-de-cookies\\\/#breadcrumb\",\"itemListElement\":[{\"@type\":\"ListItem\",\"position\":1,\"name\":\"Portada\",\"item\":\"https:\\\/\\\/www.vichycatalan.com\\\/fr\\\/\"},{\"@type\":\"ListItem\",\"position\":2,\"name\":\"Politique de cookies\"}]},{\"@type\":\"WebSite\",\"@id\":\"https:\\\/\\\/www.vichycatalan.com\\\/fr\\\/#website\",\"url\":\"https:\\\/\\\/www.vichycatalan.com\\\/fr\\\/\",\"name\":\"Vichy Catalan Corporation\",\"description\":\"Web de Vichy Catalan Corporation\",\"potentialAction\":[{\"@type\":\"SearchAction\",\"target\":{\"@type\":\"EntryPoint\",\"urlTemplate\":\"https:\\\/\\\/www.vichycatalan.com\\\/fr\\\/?s={search_term_string}\"},\"query-input\":{\"@type\":\"PropertyValueSpecification\",\"valueRequired\":true,\"valueName\":\"search_term_string\"}}],\"inLanguage\":\"fr-FR\"}]}<\/script>\n<!-- \/ Yoast SEO plugin. -->","yoast_head_json":{"title":"Politique de cookies - Vichy Catalan Corporation","description":"Mentions l\u00e9gales de Vichy Catalan Corporation","robots":{"index":"index","follow":"follow","max-snippet":"max-snippet:-1","max-image-preview":"max-image-preview:large","max-video-preview":"max-video-preview:-1"},"canonical":"https:\/\/www.vichycatalan.com\/fr\/politique-de-cookies\/","og_locale":"fr_FR","og_type":"article","og_title":"Politique de cookies - Vichy Catalan Corporation","og_description":"Mentions l\u00e9gales de Vichy Catalan Corporation","og_url":"https:\/\/www.vichycatalan.com\/fr\/politique-de-cookies\/","og_site_name":"Vichy Catalan Corporation","article_modified_time":"2019-04-26T12:14:46+00:00","twitter_card":"summary_large_image","twitter_misc":{"Dur\u00e9e de lecture estim\u00e9e":"8 minutes"},"schema":{"@context":"https:\/\/schema.org","@graph":[{"@type":"WebPage","@id":"https:\/\/www.vichycatalan.com\/fr\/politique-de-cookies\/","url":"https:\/\/www.vichycatalan.com\/fr\/politique-de-cookies\/","name":"Politique de cookies - Vichy Catalan Corporation","isPartOf":{"@id":"https:\/\/www.vichycatalan.com\/fr\/#website"},"datePublished":"2019-03-06T16:59:20+00:00","dateModified":"2019-04-26T12:14:46+00:00","description":"Mentions l\u00e9gales de Vichy Catalan Corporation","breadcrumb":{"@id":"https:\/\/www.vichycatalan.com\/fr\/politique-de-cookies\/#breadcrumb"},"inLanguage":"fr-FR","potentialAction":[{"@type":"ReadAction","target":["https:\/\/www.vichycatalan.com\/fr\/politique-de-cookies\/"]}]},{"@type":"BreadcrumbList","@id":"https:\/\/www.vichycatalan.com\/fr\/politique-de-cookies\/#breadcrumb","itemListElement":[{"@type":"ListItem","position":1,"name":"Portada","item":"https:\/\/www.vichycatalan.com\/fr\/"},{"@type":"ListItem","position":2,"name":"Politique de cookies"}]},{"@type":"WebSite","@id":"https:\/\/www.vichycatalan.com\/fr\/#website","url":"https:\/\/www.vichycatalan.com\/fr\/","name":"Vichy Catalan Corporation","description":"Web de Vichy Catalan Corporation","potentialAction":[{"@type":"SearchAction","target":{"@type":"EntryPoint","urlTemplate":"https:\/\/www.vichycatalan.com\/fr\/?s={search_term_string}"},"query-input":{"@type":"PropertyValueSpecification","valueRequired":true,"valueName":"search_term_string"}}],"inLanguage":"fr-FR"}]}},"_links":{"self":[{"href":"https:\/\/www.vichycatalan.com\/fr\/wp-json\/wp\/v2\/pages\/9785","targetHints":{"allow":["GET"]}}],"collection":[{"href":"https:\/\/www.vichycatalan.com\/fr\/wp-json\/wp\/v2\/pages"}],"about":[{"href":"https:\/\/www.vichycatalan.com\/fr\/wp-json\/wp\/v2\/types\/page"}],"author":[{"embeddable":true,"href":"https:\/\/www.vichycatalan.com\/fr\/wp-json\/wp\/v2\/users\/1"}],"replies":[{"embeddable":true,"href":"https:\/\/www.vichycatalan.com\/fr\/wp-json\/wp\/v2\/comments?post=9785"}],"version-history":[{"count":0,"href":"https:\/\/www.vichycatalan.com\/fr\/wp-json\/wp\/v2\/pages\/9785\/revisions"}],"wp:attachment":[{"href":"https:\/\/www.vichycatalan.com\/fr\/wp-json\/wp\/v2\/media?parent=9785"}],"curies":[{"name":"wp","href":"https:\/\/api.w.org\/{rel}","templated":true}]}}