{"id":9625,"date":"2018-11-14T10:18:15","date_gmt":"2018-11-14T09:18:15","guid":{"rendered":"https:\/\/www.vichycatalan.com\/nos-produits-aux-quatre-coins-du-globe\/"},"modified":"2019-04-16T10:42:32","modified_gmt":"2019-04-16T08:42:32","slug":"nos-produits-aux-quatre-coins-du-globe","status":"publish","type":"page","link":"https:\/\/www.vichycatalan.com\/fr\/nos-produits-aux-quatre-coins-du-globe\/","title":{"rendered":"Nos produits aux quatre coins du globe"},"content":{"rendered":"<p>[et_pb_section bb_built=\u00a0\u00bb1&Prime; fullwidth=\u00a0\u00bbon\u00a0\u00bb _builder_version=\u00a0\u00bb3.17.2&Prime; custom_padding=\u00a0\u00bb||||false|false\u00a0\u00bb bottom_divider_color=\u00a0\u00bb#ffffff\u00a0\u00bb bottom_divider_height=\u00a0\u00bb50px\u00a0\u00bb next_background_color=\u00a0\u00bb#000000&Prime;][et_pb_fullwidth_header title=\u00a0\u00bbNos produits aux quatre coins du globe\u00a0\u00bb background_overlay_color=\u00a0\u00bbrgba(0,0,0,0.21)\u00a0\u00bb content_max_width=\u00a0\u00bb60%\u00a0\u00bb content_max_width_tablet=\u00a0\u00bb100%\u00a0\u00bb content_max_width_phone=\u00a0\u00bb100%\u00a0\u00bb content_max_width_last_edited=\u00a0\u00bbon|phone\u00a0\u00bb _builder_version=\u00a0\u00bb3.17.6&Prime; title_font=\u00a0\u00bbHelvetica Neue standar|700|||||||\u00a0\u00bb title_font_size=\u00a0\u00bb56px\u00a0\u00bb title_text_shadow_style=\u00a0\u00bbpreset1&Prime; content_font=\u00a0\u00bb||||||||\u00a0\u00bb content_text_align=\u00a0\u00bbleft\u00a0\u00bb content_font_size=\u00a0\u00bb23px\u00a0\u00bb content_line_height=\u00a0\u00bb1.1em\u00a0\u00bb content_text_shadow_style=\u00a0\u00bbpreset1&Prime; background_image=\u00a0\u00bbhttps:\/\/www.vichycatalan.com\/wp-content\/uploads\/2018\/11\/nuestros-productos-por-el-mundo.jpg\u00a0\u00bb custom_margin=\u00a0\u00bb0px|0px|0px|0px\u00a0\u00bb custom_padding=\u00a0\u00bb100px|0px|200px|0px\u00a0\u00bb text_shadow_style=\u00a0\u00bbpreset1&Prime;]<\/p>\n<p>\nConsultez les pays o\u00f9 les diff\u00e9rentes marques de Vichy Catalan Corporation sont pr\u00e9sentes.<\/p>\n<p>[\/et_pb_fullwidth_header][\/et_pb_section][et_pb_section bb_built=\u00a0\u00bb1&Prime; _builder_version=\u00a0\u00bb3.17.6&Prime; custom_padding=\u00a0\u00bb11px|0px|65px|0px|false|false\u00a0\u00bb prev_background_color=\u00a0\u00bb#000000&Prime; next_background_color=\u00a0\u00bb#000000&Prime;][et_pb_row _builder_version=\u00a0\u00bb3.17.6&Prime; custom_padding=\u00a0\u00bb16px|0px|32px|0px|false|false\u00a0\u00bb][et_pb_column type=\u00a0\u00bb4_4&Prime;][et_pb_text _builder_version=\u00a0\u00bb3.17.6&Prime;]<\/p>\n<p>Cliquez sur le plan interactif pour d\u00e9couvrir les pays qui distribuent nos produits. <\/p>\n<p>[\/et_pb_text][et_pb_text _builder_version=\u00a0\u00bb3.17.6&Prime; divienhancer_set=\u00a0\u00bbnone\u00a0\u00bb divienhancer_hover_effect=\u00a0\u00bbnone\u00a0\u00bb divienhancer_sticky_module=\u00a0\u00bbnone\u00a0\u00bb divienhancer_modal_overlay=\u00a0\u00bb#333333&Prime; divienhancer_module_menu_button_background=\u00a0\u00bb#333333&Prime; divienhancer_module_menu_button_color=\u00a0\u00bb#ffffff\u00a0\u00bb]<\/p>\n <!-- start Fla-shop.com HTML5 Map --> <div class='worldcountriesHtml5Mapbottom htmlMapResponsive' style='max-width:1300px'><div id='worldcountries-html5-map-map-container_0' class='worldcountriesHtml5MapContainer' data-map-variable='worldcountrieshtml5map_map_0'><\/div><div style='clear:both; height: 20px;'><\/div> <style> #worldcountries-html5-map-map-container_0 { } #worldcountries-html5-map-map-container_0 .fm-tooltip-name { color: #000000; font-size: 40px; } #worldcountries-html5-map-map-container_0 .fm-tooltip-comment { } @media only screen and (max-width: 480px) { #worldcountries-html5-map-map-container_0 { float: none; width: 100%; } } <\/style><script type=\"text\/javascript\"> jQuery(function(){ var hightlighted = null; worldcountrieshtml5map_map_0 = new FlaShopWorldMap(worldcountrieshtml5map_map_cfg_0); worldcountrieshtml5map_map_0.draw('worldcountries-html5-map-map-container_0'); worldcountrieshtml5map_map_0.on('mousein', function(ev, sid, map) { if (hightlighted && sid != hightlighted) { map.stateHighlightOut(hightlighted); hightlighted = null; } }); var html5map_onclick = function(ev, sid, map) { var cfg = worldcountrieshtml5map_map_cfg_0; var link = map.fetchStateAttr(sid, 'link'); var is_group = map.fetchStateAttr(sid, 'group'); var popup_id = map.fetchStateAttr(sid, 'popup-id'); var is_group_info = false; if (typeof cfg.map_data[sid] !== 'undefined') jQuery('#worldcountries-html5-map-selector_0').val(sid); else jQuery('#worldcountries-html5-map-selector_0').val(''); if (is_group==undefined) { if (sid.substr(0,1)=='p') { popup_id = map.fetchPointAttr(sid, 'popup_id'); link = map.fetchPointAttr(sid, 'link'); } } else if (typeof cfg.groups[is_group]['ignore_link'] == 'undefined' || ! cfg.groups[is_group].ignore_link) { link = cfg.groups[is_group].link; popup_id = cfg.groups[is_group]['popup_id']; is_group_info = true; } if (link=='#popup') { if (typeof SG_POPUP_DATA == \"object\") { if (popup_id in SG_POPUP_DATA) { SGPopup.prototype.showPopup(popup_id,false); } else { jQuery.ajax({ type: 'POST', url: 'https:\/\/www.vichycatalan.com\/index.php?worldcountrieshtml5map_get_popup', data: {popup_id:popup_id}, }).done(function(data) { jQuery('body').append(data); SGPopup.prototype.showPopup(popup_id,false); }); } } else if (typeof SGPBPopup == \"function\") { var popup = SGPBPopup.createPopupObjById(popup_id); popup.prepareOpen(); popup.open(); } return false; } if (link == '#info') { var id = is_group_info ? is_group : (sid.substr(0,1)=='p' ? sid : map.fetchStateAttr(sid, 'id')); jQuery('#worldcountries-html5-map-state-info_0').html('Chargement en cours'); jQuery.ajax({ type: 'POST', url: 'https:\/\/www.vichycatalan.com\/index.php?worldcountrieshtml5map_get_'+(is_group_info ? 'group' : 'state')+'_info='+id+'&map_id=0', success: function(data, textStatus, jqXHR){ jQuery('#worldcountries-html5-map-state-info_0').html(data); }, dataType: 'text' }); return false; } if (ev===null && link!='') { if (!jQuery('.html5dummilink').length) { jQuery('body').append('<a href=\"#\" class=\"html5dummilink\" style=\"display:none\"><\/a>'); } jQuery('.html5dummilink').attr('href',link).attr('target',(map.fetchStateAttr(sid, 'isNewWindow') ? '_blank' : '_self'))[0].click(); } }; worldcountrieshtml5map_map_0.on('click',html5map_onclick); }); <\/script><div id='worldcountries-html5-map-state-info_0' class='worldcountriesHtml5MapStateInfo'><\/div> <\/div> <div style='clear: both'><\/div> <!-- end HTML5 Map --> \n<p>[\/et_pb_text][et_pb_text _builder_version=\u00a0\u00bb3.17.6&Prime;]<\/p>\n<p>Vous pouvez contacter notre d\u00e9partement des exportations par e-mail \u00e0 l\u2019adresse\u00a0: <a href=\"mailto:exportacion@pmg1881.com\">exportacion@pmg1881.com<\/a><\/p>\n<p>[\/et_pb_text][\/et_pb_column][\/et_pb_row][\/et_pb_section][et_pb_section bb_built=\u00a0\u00bb1&Prime; admin_label=\u00a0\u00bbfondo colores\u00a0\u00bb fullwidth=\u00a0\u00bbon\u00a0\u00bb module_class=\u00a0\u00bbstop\u00a0\u00bb _builder_version=\u00a0\u00bb3.17.6&Prime; background_image=\u00a0\u00bbhttps:\/\/www.vichycatalan.com\/wp-content\/uploads\/2018\/10\/trencadis-corporate.png\u00a0\u00bb background_position=\u00a0\u00bbtop_center\u00a0\u00bb background_repeat=\u00a0\u00bbrepeat-x\u00a0\u00bb custom_padding=\u00a0\u00bb190px||||false|false\u00a0\u00bb prev_background_color=\u00a0\u00bb#ffffff\u00a0\u00bb global_module=\u00a0\u00bb634&Prime;][\/et_pb_section]<\/p>\n","protected":false},"excerpt":{"rendered":"<p>Consultez les pays o\u00f9 les diff\u00e9rentes marques de Vichy Catalan Corporation sont pr\u00e9sentes. Cliquez sur le plan interactif pour d\u00e9couvrir les pays qui distribuent nos produits.  <!-- start Fla-shop.com HTML5 Map --> <div class='worldcountriesHtml5Mapbottom htmlMapResponsive' style='max-width:1300px'><div id='worldcountries-html5-map-map-container_1' class='worldcountriesHtml5MapContainer' data-map-variable='worldcountrieshtml5map_map_1'><\/div><div style='clear:both; height: 20px;'><\/div> <style> #worldcountries-html5-map-map-container_1 { } #worldcountries-html5-map-map-container_1 .fm-tooltip-name { color: #000000; font-size: 40px; } #worldcountries-html5-map-map-container_1 .fm-tooltip-comment { } @media only screen and (max-width: 480px) { #worldcountries-html5-map-map-container_1 { float: none; width: 100%; } } <\/style><script type=\"text\/javascript\"> jQuery(function(){ var hightlighted = null; worldcountrieshtml5map_map_1 = new FlaShopWorldMap(worldcountrieshtml5map_map_cfg_0); worldcountrieshtml5map_map_1.draw('worldcountries-html5-map-map-container_1'); worldcountrieshtml5map_map_1.on('mousein', function(ev, sid, map) { if (hightlighted && sid != hightlighted) { map.stateHighlightOut(hightlighted); hightlighted = null; } }); var html5map_onclick = function(ev, sid, map) { var cfg = worldcountrieshtml5map_map_cfg_0; var link = map.fetchStateAttr(sid, 'link'); var is_group = map.fetchStateAttr(sid, 'group'); var popup_id = map.fetchStateAttr(sid, 'popup-id'); var is_group_info = false; if (typeof cfg.map_data[sid] !== 'undefined') jQuery('#worldcountries-html5-map-selector_1').val(sid); else jQuery('#worldcountries-html5-map-selector_1').val(''); if (is_group==undefined) { if (sid.substr(0,1)=='p') { popup_id = map.fetchPointAttr(sid, 'popup_id'); link = map.fetchPointAttr(sid, 'link'); } } else if (typeof cfg.groups[is_group]['ignore_link'] == 'undefined' || ! cfg.groups[is_group].ignore_link) { link = cfg.groups[is_group].link; popup_id = cfg.groups[is_group]['popup_id']; is_group_info = true; } if (link=='#popup') { if (typeof SG_POPUP_DATA == \"object\") { if (popup_id in SG_POPUP_DATA) { SGPopup.prototype.showPopup(popup_id,false); } else { jQuery.ajax({ type: 'POST', url: 'https:\/\/www.vichycatalan.com\/index.php?worldcountrieshtml5map_get_popup', data: {popup_id:popup_id}, }).done(function(data) { jQuery('body').append(data); SGPopup.prototype.showPopup(popup_id,false); }); } } else if (typeof SGPBPopup == \"function\") { var popup = SGPBPopup.createPopupObjById(popup_id); popup.prepareOpen(); popup.open(); } return false; } if (link == '#info') { var id = is_group_info ? is_group : (sid.substr(0,1)=='p' ? sid : map.fetchStateAttr(sid, 'id')); jQuery('#worldcountries-html5-map-state-info_1').html('Chargement en cours'); jQuery.ajax({ type: 'POST', url: 'https:\/\/www.vichycatalan.com\/index.php?worldcountrieshtml5map_get_'+(is_group_info ? 'group' : 'state')+'_info='+id+'&map_id=0', success: function(data, textStatus, jqXHR){ jQuery('#worldcountries-html5-map-state-info_1').html(data); }, dataType: 'text' }); return false; } if (ev===null && link!='') { if (!jQuery('.html5dummilink').length) { jQuery('body').append('<a href=\"#\" class=\"html5dummilink\" style=\"display:none\"><\/a>'); } jQuery('.html5dummilink').attr('href',link).attr('target',(map.fetchStateAttr(sid, 'isNewWindow') ? '_blank' : '_self'))[0].click(); } }; worldcountrieshtml5map_map_1.on('click',html5map_onclick); }); <\/script><div id='worldcountries-html5-map-state-info_1' class='worldcountriesHtml5MapStateInfo'><\/div> <\/div> <div style='clear: both'><\/div> <!-- end HTML5 Map -->  Vous pouvez contacter notre d\u00e9partement des exportations par e-mail \u00e0 l\u2019adresse\u00a0: exportacion@pmg1881.com<\/p>\n","protected":false},"author":1,"featured_media":0,"parent":0,"menu_order":0,"comment_status":"closed","ping_status":"closed","template":"","meta":{"_acf_changed":false,"_et_pb_use_builder":"on","_et_pb_old_content":"","_et_gb_content_width":"","footnotes":""},"class_list":["post-9625","page","type-page","status-publish","hentry"],"acf":{"pagina_de_marca":null,"campos_de_marca":null},"yoast_head":"<!-- This site is optimized with the Yoast SEO plugin v27.5 - https:\/\/yoast.com\/product\/yoast-seo-wordpress\/ -->\n<title>Nos produits aux quatre coins du globe - Vichy Catalan Corporation<\/title>\n<meta name=\"description\" content=\"Consultez les pays o\u00f9 les diff\u00e9rentes marques de Vichy Catalan Corporation sont pr\u00e9sentes.\" \/>\n<meta name=\"robots\" content=\"index, follow, max-snippet:-1, max-image-preview:large, max-video-preview:-1\" \/>\n<link rel=\"canonical\" href=\"https:\/\/www.vichycatalan.com\/fr\/nos-produits-aux-quatre-coins-du-globe\/\" \/>\n<meta property=\"og:locale\" content=\"fr_FR\" \/>\n<meta property=\"og:type\" content=\"article\" \/>\n<meta property=\"og:title\" content=\"Nos produits aux quatre coins du globe - Vichy Catalan Corporation\" \/>\n<meta property=\"og:description\" content=\"Consultez les pays o\u00f9 les diff\u00e9rentes marques de Vichy Catalan Corporation sont pr\u00e9sentes.\" \/>\n<meta property=\"og:url\" content=\"https:\/\/www.vichycatalan.com\/fr\/nos-produits-aux-quatre-coins-du-globe\/\" \/>\n<meta property=\"og:site_name\" content=\"Vichy Catalan Corporation\" \/>\n<meta property=\"article:modified_time\" content=\"2019-04-16T08:42:32+00:00\" \/>\n<meta name=\"twitter:card\" content=\"summary_large_image\" \/>\n<meta name=\"twitter:label1\" content=\"Dur\u00e9e de lecture estim\u00e9e\" \/>\n\t<meta name=\"twitter:data1\" content=\"2 minutes\" \/>\n<script type=\"application\/ld+json\" class=\"yoast-schema-graph\">{\"@context\":\"https:\\\/\\\/schema.org\",\"@graph\":[{\"@type\":\"WebPage\",\"@id\":\"https:\\\/\\\/www.vichycatalan.com\\\/fr\\\/nos-produits-aux-quatre-coins-du-globe\\\/\",\"url\":\"https:\\\/\\\/www.vichycatalan.com\\\/fr\\\/nos-produits-aux-quatre-coins-du-globe\\\/\",\"name\":\"Nos produits aux quatre coins du globe - Vichy Catalan Corporation\",\"isPartOf\":{\"@id\":\"https:\\\/\\\/www.vichycatalan.com\\\/fr\\\/#website\"},\"datePublished\":\"2018-11-14T09:18:15+00:00\",\"dateModified\":\"2019-04-16T08:42:32+00:00\",\"description\":\"Consultez les pays o\u00f9 les diff\u00e9rentes marques de Vichy Catalan Corporation sont pr\u00e9sentes.\",\"breadcrumb\":{\"@id\":\"https:\\\/\\\/www.vichycatalan.com\\\/fr\\\/nos-produits-aux-quatre-coins-du-globe\\\/#breadcrumb\"},\"inLanguage\":\"fr-FR\",\"potentialAction\":[{\"@type\":\"ReadAction\",\"target\":[\"https:\\\/\\\/www.vichycatalan.com\\\/fr\\\/nos-produits-aux-quatre-coins-du-globe\\\/\"]}]},{\"@type\":\"BreadcrumbList\",\"@id\":\"https:\\\/\\\/www.vichycatalan.com\\\/fr\\\/nos-produits-aux-quatre-coins-du-globe\\\/#breadcrumb\",\"itemListElement\":[{\"@type\":\"ListItem\",\"position\":1,\"name\":\"Portada\",\"item\":\"https:\\\/\\\/www.vichycatalan.com\\\/fr\\\/\"},{\"@type\":\"ListItem\",\"position\":2,\"name\":\"Nos produits aux quatre coins du globe\"}]},{\"@type\":\"WebSite\",\"@id\":\"https:\\\/\\\/www.vichycatalan.com\\\/fr\\\/#website\",\"url\":\"https:\\\/\\\/www.vichycatalan.com\\\/fr\\\/\",\"name\":\"Vichy Catalan Corporation\",\"description\":\"Web de Vichy Catalan Corporation\",\"potentialAction\":[{\"@type\":\"SearchAction\",\"target\":{\"@type\":\"EntryPoint\",\"urlTemplate\":\"https:\\\/\\\/www.vichycatalan.com\\\/fr\\\/?s={search_term_string}\"},\"query-input\":{\"@type\":\"PropertyValueSpecification\",\"valueRequired\":true,\"valueName\":\"search_term_string\"}}],\"inLanguage\":\"fr-FR\"}]}<\/script>\n<!-- \/ Yoast SEO plugin. -->","yoast_head_json":{"title":"Nos produits aux quatre coins du globe - Vichy Catalan Corporation","description":"Consultez les pays o\u00f9 les diff\u00e9rentes marques de Vichy Catalan Corporation sont pr\u00e9sentes.","robots":{"index":"index","follow":"follow","max-snippet":"max-snippet:-1","max-image-preview":"max-image-preview:large","max-video-preview":"max-video-preview:-1"},"canonical":"https:\/\/www.vichycatalan.com\/fr\/nos-produits-aux-quatre-coins-du-globe\/","og_locale":"fr_FR","og_type":"article","og_title":"Nos produits aux quatre coins du globe - Vichy Catalan Corporation","og_description":"Consultez les pays o\u00f9 les diff\u00e9rentes marques de Vichy Catalan Corporation sont pr\u00e9sentes.","og_url":"https:\/\/www.vichycatalan.com\/fr\/nos-produits-aux-quatre-coins-du-globe\/","og_site_name":"Vichy Catalan Corporation","article_modified_time":"2019-04-16T08:42:32+00:00","twitter_card":"summary_large_image","twitter_misc":{"Dur\u00e9e de lecture estim\u00e9e":"2 minutes"},"schema":{"@context":"https:\/\/schema.org","@graph":[{"@type":"WebPage","@id":"https:\/\/www.vichycatalan.com\/fr\/nos-produits-aux-quatre-coins-du-globe\/","url":"https:\/\/www.vichycatalan.com\/fr\/nos-produits-aux-quatre-coins-du-globe\/","name":"Nos produits aux quatre coins du globe - Vichy Catalan Corporation","isPartOf":{"@id":"https:\/\/www.vichycatalan.com\/fr\/#website"},"datePublished":"2018-11-14T09:18:15+00:00","dateModified":"2019-04-16T08:42:32+00:00","description":"Consultez les pays o\u00f9 les diff\u00e9rentes marques de Vichy Catalan Corporation sont pr\u00e9sentes.","breadcrumb":{"@id":"https:\/\/www.vichycatalan.com\/fr\/nos-produits-aux-quatre-coins-du-globe\/#breadcrumb"},"inLanguage":"fr-FR","potentialAction":[{"@type":"ReadAction","target":["https:\/\/www.vichycatalan.com\/fr\/nos-produits-aux-quatre-coins-du-globe\/"]}]},{"@type":"BreadcrumbList","@id":"https:\/\/www.vichycatalan.com\/fr\/nos-produits-aux-quatre-coins-du-globe\/#breadcrumb","itemListElement":[{"@type":"ListItem","position":1,"name":"Portada","item":"https:\/\/www.vichycatalan.com\/fr\/"},{"@type":"ListItem","position":2,"name":"Nos produits aux quatre coins du globe"}]},{"@type":"WebSite","@id":"https:\/\/www.vichycatalan.com\/fr\/#website","url":"https:\/\/www.vichycatalan.com\/fr\/","name":"Vichy Catalan Corporation","description":"Web de Vichy Catalan Corporation","potentialAction":[{"@type":"SearchAction","target":{"@type":"EntryPoint","urlTemplate":"https:\/\/www.vichycatalan.com\/fr\/?s={search_term_string}"},"query-input":{"@type":"PropertyValueSpecification","valueRequired":true,"valueName":"search_term_string"}}],"inLanguage":"fr-FR"}]}},"_links":{"self":[{"href":"https:\/\/www.vichycatalan.com\/fr\/wp-json\/wp\/v2\/pages\/9625","targetHints":{"allow":["GET"]}}],"collection":[{"href":"https:\/\/www.vichycatalan.com\/fr\/wp-json\/wp\/v2\/pages"}],"about":[{"href":"https:\/\/www.vichycatalan.com\/fr\/wp-json\/wp\/v2\/types\/page"}],"author":[{"embeddable":true,"href":"https:\/\/www.vichycatalan.com\/fr\/wp-json\/wp\/v2\/users\/1"}],"replies":[{"embeddable":true,"href":"https:\/\/www.vichycatalan.com\/fr\/wp-json\/wp\/v2\/comments?post=9625"}],"version-history":[{"count":0,"href":"https:\/\/www.vichycatalan.com\/fr\/wp-json\/wp\/v2\/pages\/9625\/revisions"}],"wp:attachment":[{"href":"https:\/\/www.vichycatalan.com\/fr\/wp-json\/wp\/v2\/media?parent=9625"}],"curies":[{"name":"wp","href":"https:\/\/api.w.org\/{rel}","templated":true}]}}