{"id":9619,"date":"2018-10-31T15:35:34","date_gmt":"2018-10-31T14:35:34","guid":{"rendered":"https:\/\/www.vichycatalan.com\/hotel-balneaire-vichy-catalan\/"},"modified":"2025-02-18T10:34:23","modified_gmt":"2025-02-18T09:34:23","slug":"1881-hotels","status":"publish","type":"page","link":"https:\/\/www.vichycatalan.com\/fr\/1881-hotels\/","title":{"rendered":"1881 HOTELS"},"content":{"rendered":"<p>[et_pb_section fb_built=\u00a0\u00bb1&Prime; fullwidth=\u00a0\u00bbon\u00a0\u00bb _builder_version=\u00a0\u00bb4.16&Prime; custom_padding=\u00a0\u00bb||||false|false\u00a0\u00bb bottom_divider_color=\u00a0\u00bb#ffffff\u00a0\u00bb bottom_divider_height=\u00a0\u00bb50px\u00a0\u00bb global_colors_info=\u00a0\u00bb{}\u00a0\u00bb][et_pb_fullwidth_header title=\u00a0\u00bb1881 HOTELS\u00a0\u00bb background_overlay_color=\u00a0\u00bbrgba(44,42,41,0.24)\u00a0\u00bb content_max_width=\u00a0\u00bb60%\u00a0\u00bb content_max_width_tablet=\u00a0\u00bb100%\u00a0\u00bb content_max_width_phone=\u00a0\u00bb\u00a0\u00bb content_max_width_last_edited=\u00a0\u00bbon|phone\u00a0\u00bb _builder_version=\u00a0\u00bb4.27.4&Prime; title_font=\u00a0\u00bbHelvetica Neue standar|700|||||||\u00a0\u00bb title_font_size=\u00a0\u00bb56px\u00a0\u00bb content_font=\u00a0\u00bb||||||||\u00a0\u00bb content_text_align=\u00a0\u00bbleft\u00a0\u00bb content_font_size=\u00a0\u00bb23px\u00a0\u00bb content_line_height=\u00a0\u00bb1.1em\u00a0\u00bb background_image=\u00a0\u00bbhttps:\/\/www.vichycatalan.com\/wp-content\/uploads\/2018\/10\/hotel-balneario-1.jpg\u00a0\u00bb custom_margin=\u00a0\u00bb0px|0px|0px|0px\u00a0\u00bb custom_padding=\u00a0\u00bb100px|0px|200px|0px\u00a0\u00bb custom_padding_tablet=\u00a0\u00bb0px|0px|100px|0px\u00a0\u00bb custom_padding_phone=\u00a0\u00bb||50px\u00a0\u00bb custom_padding_last_edited=\u00a0\u00bbon|phone\u00a0\u00bb title_text_shadow_style=\u00a0\u00bbpreset1&Prime; content_text_shadow_style=\u00a0\u00bbpreset1&Prime; text_shadow_style=\u00a0\u00bbpreset1&Prime; global_colors_info=\u00a0\u00bb{}\u00a0\u00bb]<\/p>\n<p>Un havre de paix au service du bien-\u00eatre<\/p>\n<p>[\/et_pb_fullwidth_header][\/et_pb_section][et_pb_section fb_built=\u00a0\u00bb1&Prime; _builder_version=\u00a0\u00bb4.16&Prime; custom_padding=\u00a0\u00bb0|0px|65px|0px|false|false\u00a0\u00bb global_colors_info=\u00a0\u00bb{}\u00a0\u00bb][et_pb_row column_structure=\u00a0\u00bb1_2,1_2&Prime; use_custom_gutter=\u00a0\u00bbon\u00a0\u00bb make_equal=\u00a0\u00bbon\u00a0\u00bb _builder_version=\u00a0\u00bb4.16&Prime; background_size=\u00a0\u00bbinitial\u00a0\u00bb background_position=\u00a0\u00bbtop_left\u00a0\u00bb background_repeat=\u00a0\u00bbrepeat\u00a0\u00bb custom_margin=\u00a0\u00bb||\u00a0\u00bb custom_padding=\u00a0\u00bb32px|0px|32px|0px|false|false\u00a0\u00bb global_colors_info=\u00a0\u00bb{}\u00a0\u00bb][et_pb_column type=\u00a0\u00bb1_2&Prime; _builder_version=\u00a0\u00bb4.16&Prime; custom_padding=\u00a0\u00bb|||\u00a0\u00bb global_colors_info=\u00a0\u00bb{}\u00a0\u00bb custom_padding__hover=\u00a0\u00bb|||\u00a0\u00bb][et_pb_image src=\u00a0\u00bbhttps:\/\/www.vichycatalan.com\/wp-content\/uploads\/2024\/02\/Captura.png\u00a0\u00bb alt=\u00a0\u00bb1881 hotels\u00a0\u00bb title_text=\u00a0\u00bbCaptura\u00a0\u00bb align=\u00a0\u00bbcenter\u00a0\u00bb force_fullwidth=\u00a0\u00bbon\u00a0\u00bb align_tablet=\u00a0\u00bbcenter\u00a0\u00bb align_phone=\u00a0\u00bbcenter\u00a0\u00bb align_last_edited=\u00a0\u00bbon|desktop\u00a0\u00bb _builder_version=\u00a0\u00bb4.27.4&Prime; custom_margin=\u00a0\u00bb-100px||\u00a0\u00bb animation_style=\u00a0\u00bbslide\u00a0\u00bb animation_direction=\u00a0\u00bbbottom\u00a0\u00bb animation_duration=\u00a0\u00bb1400ms\u00a0\u00bb animation_intensity_slide=\u00a0\u00bb10%\u00a0\u00bb border_radii=\u00a0\u00bb|50px||50px|\u00a0\u00bb box_shadow_style=\u00a0\u00bbpreset1&Prime; global_colors_info=\u00a0\u00bb{}\u00a0\u00bb]<\/p>\n<p>[\/et_pb_image][\/et_pb_column][et_pb_column type=\u00a0\u00bb1_2&Prime; _builder_version=\u00a0\u00bb4.16&Prime; custom_padding=\u00a0\u00bb|||\u00a0\u00bb custom_css_main_element=\u00a0\u00bbalign-items:center;||justify-content:center;\u00a0\u00bb global_colors_info=\u00a0\u00bb{}\u00a0\u00bb custom_padding__hover=\u00a0\u00bb|||\u00a0\u00bb][et_pb_text _builder_version=\u00a0\u00bb4.27.4&Prime; text_font=\u00a0\u00bb||||||||\u00a0\u00bb text_orientation=\u00a0\u00bbjustified\u00a0\u00bb custom_padding=\u00a0\u00bb20px|20px|20px|20px\u00a0\u00bb animation_style=\u00a0\u00bbslide\u00a0\u00bb animation_direction=\u00a0\u00bbright\u00a0\u00bb animation_duration=\u00a0\u00bb1500ms\u00a0\u00bb animation_delay=\u00a0\u00bb1500ms\u00a0\u00bb animation_intensity_slide=\u00a0\u00bb8%\u00a0\u00bb box_shadow_style=\u00a0\u00bbpreset2&Prime; box_shadow_horizontal=\u00a0\u00bb18px\u00a0\u00bb box_shadow_vertical=\u00a0\u00bb17px\u00a0\u00bb box_shadow_blur=\u00a0\u00bb49px\u00a0\u00bb box_shadow_spread=\u00a0\u00bb-26px\u00a0\u00bb global_colors_info=\u00a0\u00bb{}\u00a0\u00bb]<\/p>\n<p><span class='et-dropcap'>L<\/span>e groupe h\u00f4telier 1881 Hotels est n\u00e9 de la vision de Vichy Catalan Corporation, visant \u00e0 offrir une exp\u00e9rience de bien-\u00eatre \u00e0 ses clients.<\/p>\n<p data-start=\"143\" data-end=\"338\">L\u2019emplacement des diff\u00e9rents h\u00f4tels du groupe a \u00e9t\u00e9 soigneusement pens\u00e9 afin que toute personne voyageant pour affaires ou pour le plaisir puisse disposer d\u2019un lieu o\u00f9 s\u00e9journer et se d\u00e9tendre.<\/p>\n<p data-start=\"340\" data-end=\"462\">Depuis plus de 140 ans, l\u2019H\u00f4tel Baln\u00e9aire Vichy Catalan est un \u00e9l\u00e9ment essentiel du projet de Vichy Catalan Corporation.<\/p>\n<p data-start=\"464\" data-end=\"673\" data-is-last-node=\"\">Un lieu qui, conform\u00e9ment \u00e0 la vision du docteur Furest et des \u00ab indianos \u00bb \u00e0 ses d\u00e9buts, s\u2019est toujours attach\u00e9 \u00e0 offrir une exp\u00e9rience de soin personnel adapt\u00e9e aux besoins de chaque client et de la soci\u00e9t\u00e9.<\/p>\n<p>[\/et_pb_text][\/et_pb_column][\/et_pb_row][et_pb_row _builder_version=\u00a0\u00bb4.16&Prime; custom_margin=\u00a0\u00bb14px|auto||auto||\u00a0\u00bb custom_padding=\u00a0\u00bb32px|0px|0|0px|false|false\u00a0\u00bb global_colors_info=\u00a0\u00bb{}\u00a0\u00bb][et_pb_column type=\u00a0\u00bb4_4&Prime; _builder_version=\u00a0\u00bb4.16&Prime; custom_padding=\u00a0\u00bb|||\u00a0\u00bb global_colors_info=\u00a0\u00bb{}\u00a0\u00bb custom_padding__hover=\u00a0\u00bb|||\u00a0\u00bb][et_pb_divider _builder_version=\u00a0\u00bb4.16&Prime; custom_css_main_element=\u00a0\u00bbz-index:-1;\u00a0\u00bb global_colors_info=\u00a0\u00bb{}\u00a0\u00bb]<\/p>\n<p>[\/et_pb_divider][et_pb_text content_tablet=\u00a0\u00bb<\/p>\n<h2 style=%22text-align: center;%22>H\u00d4TELS<\/h2>\n<p>\u00a0\u00bb content_phone=\u00a0\u00bb\u00a0\u00bb content_last_edited=\u00a0\u00bbon|phone\u00a0\u00bb _builder_version=\u00a0\u00bb4.27.4&Prime; header_font=\u00a0\u00bb||||||||\u00a0\u00bb header_2_font=\u00a0\u00bbMyriadPro Regular|600|||||||\u00a0\u00bb header_2_font_size=\u00a0\u00bb41px\u00a0\u00bb custom_margin=\u00a0\u00bb-64px||\u00a0\u00bb custom_margin_tablet=\u00a0\u00bb-72px||||false|false\u00a0\u00bb custom_margin_phone=\u00a0\u00bb-72px||||false|false\u00a0\u00bb custom_margin_last_edited=\u00a0\u00bbon|tablet\u00a0\u00bb header_2_font_size_tablet=\u00a0\u00bb37px\u00a0\u00bb header_2_font_size_phone=\u00a0\u00bb37px\u00a0\u00bb header_2_font_size_last_edited=\u00a0\u00bbon|tablet\u00a0\u00bb background_color_tablet=\u00a0\u00bb#FFFFFF\u00a0\u00bb background_color_phone=\u00a0\u00bbRGBA(255,255,255,0)\u00a0\u00bb background_last_edited=\u00a0\u00bbon|phone\u00a0\u00bb background_enable_color_tablet=\u00a0\u00bbon\u00a0\u00bb background_enable_color_phone=\u00a0\u00bbon\u00a0\u00bb custom_css_main_element=\u00a0\u00bbz-index:999;||background-color:white;||width:20%;||text-align:center;||margin:0 auto;\u00a0\u00bb global_colors_info=\u00a0\u00bb{}\u00a0\u00bb]<\/p>\n<h2 style=\"text-align: center;\">H\u00d4TELS<\/h2>\n<p>[\/et_pb_text][\/et_pb_column][\/et_pb_row][et_pb_row _builder_version=\u00a0\u00bb4.27.4&Prime; _module_preset=\u00a0\u00bbdefault\u00a0\u00bb custom_margin=\u00a0\u00bb||-21px||false|false\u00a0\u00bb custom_margin_tablet=\u00a0\u00bb||-20px||false|false\u00a0\u00bb custom_margin_phone=\u00a0\u00bb||-4px||false|false\u00a0\u00bb custom_margin_last_edited=\u00a0\u00bbon|phone\u00a0\u00bb custom_padding=\u00a0\u00bb||0px||false|false\u00a0\u00bb global_colors_info=\u00a0\u00bb{}\u00a0\u00bb][et_pb_column type=\u00a0\u00bb4_4&Prime; _builder_version=\u00a0\u00bb4.27.4&Prime; _module_preset=\u00a0\u00bbdefault\u00a0\u00bb global_colors_info=\u00a0\u00bb{}\u00a0\u00bb][et_pb_text content_tablet=\u00a0\u00bb\u00a0\u00bb content_phone=\u00a0\u00bb<\/p>\n<h2 style=%22text-align: center;%22>H\u00d4TELS<\/h2>\n<p>\u00a0\u00bb content_last_edited=\u00a0\u00bbon|phone\u00a0\u00bb _builder_version=\u00a0\u00bb4.27.4&Prime; _module_preset=\u00a0\u00bbdefault\u00a0\u00bb header_2_font=\u00a0\u00bb|600|||||||\u00a0\u00bb global_colors_info=\u00a0\u00bb{}\u00a0\u00bb][\/et_pb_text][\/et_pb_column][\/et_pb_row][et_pb_row column_structure=\u00a0\u00bb1_3,1_3,1_3&Prime; _builder_version=\u00a0\u00bb4.27.4&Prime; _module_preset=\u00a0\u00bbdefault\u00a0\u00bb global_colors_info=\u00a0\u00bb{}\u00a0\u00bb][et_pb_column type=\u00a0\u00bb1_3&Prime; _builder_version=\u00a0\u00bb4.27.4&Prime; _module_preset=\u00a0\u00bbdefault\u00a0\u00bb global_colors_info=\u00a0\u00bb{}\u00a0\u00bb][et_pb_image src=\u00a0\u00bbhttps:\/\/www.vichycatalan.com\/wp-content\/uploads\/2024\/02\/Captura3.jpg\u00a0\u00bb alt=\u00a0\u00bb1881 Hotel Balneario Vichy Catalan\u00a0\u00bb title_text=\u00a0\u00bbCaptura3&Prime; _builder_version=\u00a0\u00bb4.27.4&Prime; _module_preset=\u00a0\u00bbdefault\u00a0\u00bb animation_style=\u00a0\u00bbslide\u00a0\u00bb animation_direction=\u00a0\u00bbleft\u00a0\u00bb border_radii=\u00a0\u00bboff|50px||50px|\u00a0\u00bb global_colors_info=\u00a0\u00bb{}\u00a0\u00bb][\/et_pb_image][et_pb_text _builder_version=\u00a0\u00bb4.27.4&Prime; _module_preset=\u00a0\u00bbdefault\u00a0\u00bb text_orientation=\u00a0\u00bbjustified\u00a0\u00bb global_colors_info=\u00a0\u00bb{}\u00a0\u00bb]<\/p>\n<p>\u00c0 l&rsquo;H\u00f4tel Baln\u00e9aire Vichy Catalan, vous profiterez non seulement de l&rsquo;h\u00e9bergement et des services de thermalisme, mais aussi de la tranquillit\u00e9 et du bien-\u00eatre. Laissez-vous emporter par le charme du Modernisme, les vastes jardins et les espaces communs d&rsquo;un h\u00f4tel au caract\u00e8re unique.<\/p>\n<p>[\/et_pb_text][et_pb_image src=\u00a0\u00bbhttps:\/\/www.vichycatalan.com\/wp-content\/uploads\/2024\/02\/Proyecto-nuevo-2-1.jpg\u00a0\u00bb alt=\u00a0\u00bb1881 Hotel Balneario Vichy Catalan\u00a0\u00bb title_text=\u00a0\u00bbProyecto nuevo (2)\u00a0\u00bb align=\u00a0\u00bbcenter\u00a0\u00bb _builder_version=\u00a0\u00bb4.27.4&Prime; _module_preset=\u00a0\u00bbdefault\u00a0\u00bb custom_margin=\u00a0\u00bb40px|||||\u00a0\u00bb global_colors_info=\u00a0\u00bb{}\u00a0\u00bb][\/et_pb_image][et_pb_button button_url=\u00a0\u00bbhttps:\/\/www.1881hotels.com\/es\/1881-hotel-balneario-vichy-catalan\/\u00a0\u00bb button_text=\u00a0\u00bbVISITER LE SITE\u00a0\u00bb button_alignment=\u00a0\u00bbcenter\u00a0\u00bb _builder_version=\u00a0\u00bb4.27.4&Prime; _module_preset=\u00a0\u00bbdefault\u00a0\u00bb hover_enabled=\u00a0\u00bb0&Prime; global_colors_info=\u00a0\u00bb{}\u00a0\u00bb sticky_enabled=\u00a0\u00bb0&Prime;][\/et_pb_button][\/et_pb_column][et_pb_column type=\u00a0\u00bb1_3&Prime; _builder_version=\u00a0\u00bb4.27.4&Prime; _module_preset=\u00a0\u00bbdefault\u00a0\u00bb global_colors_info=\u00a0\u00bb{}\u00a0\u00bb][et_pb_image src=\u00a0\u00bbhttps:\/\/www.vichycatalan.com\/wp-content\/uploads\/2024\/02\/Captura3-1.jpg\u00a0\u00bb alt=\u00a0\u00bb1881 Hotels Las ventas\u00a0\u00bb title_text=\u00a0\u00bbCaptura3 (1)\u00a0\u00bb _builder_version=\u00a0\u00bb4.27.4&Prime; _module_preset=\u00a0\u00bbdefault\u00a0\u00bb border_radii=\u00a0\u00bboff|50px||50px|\u00a0\u00bb global_colors_info=\u00a0\u00bb{}\u00a0\u00bb][\/et_pb_image][et_pb_text _builder_version=\u00a0\u00bb4.27.4&Prime; _module_preset=\u00a0\u00bbdefault\u00a0\u00bb text_orientation=\u00a0\u00bbjustified\u00a0\u00bb global_colors_info=\u00a0\u00bb{}\u00a0\u00bb]<\/p>\n<p>D\u00e9couvrez l&rsquo;essence vibrante de Madrid, la capitale espagnole. Plongez dans le parfait m\u00e9lange d&rsquo;histoire et de modernit\u00e9, savourez sa gastronomie unique et laissez-vous emporter par son \u00e9nergie contagieuse. Venez vivre l&rsquo;exp\u00e9rience inoubliable que seule Madrid peut vous offrir !<\/p>\n<p>[\/et_pb_text][et_pb_image src=\u00a0\u00bbhttps:\/\/www.vichycatalan.com\/wp-content\/uploads\/2024\/02\/Proyecto-nuevo-4.jpg\u00a0\u00bb alt=\u00a0\u00bb1881 Hotels Las ventas\u00a0\u00bb title_text=\u00a0\u00bbProyecto nuevo\u00a0\u00bb align=\u00a0\u00bbcenter\u00a0\u00bb _builder_version=\u00a0\u00bb4.27.4&Prime; _module_preset=\u00a0\u00bbdefault\u00a0\u00bb custom_margin=\u00a0\u00bb41px|||||\u00a0\u00bb global_colors_info=\u00a0\u00bb{}\u00a0\u00bb][\/et_pb_image][et_pb_button button_url=\u00a0\u00bbhttps:\/\/1881madridventashotel.com\/es\/?https:\/\/1881madridventashotel.com\/es\/utm_medium=cpc&#038;utm_source=google&#038;utm_campaign=branding-1881-madrid-ventas-es-search&#038;utm_term=20445897976&#038;utm_id=summum-ventas&#038;utm_source=google&#038;utm_medium=cpc&#038;utm_campaign=20445897976&#038;utm_term=1881%20madrid%20ventas&#038;utm_content=669256358825&#038;gad_source=1&#038;gclid=CjwKCAiAqrG9BhAVEiwAaPu5zp_4QFrQvxIpSkI1h6hnVLgjHFJ6NwYEENM5YjmgB99gZpxEKBwIjxoCIYAQAvD_BwE\u00a0\u00bb button_text=\u00a0\u00bbVISITER LE SITE\u00a0\u00bb button_alignment=\u00a0\u00bbcenter\u00a0\u00bb _builder_version=\u00a0\u00bb4.27.4&Prime; _module_preset=\u00a0\u00bbdefault\u00a0\u00bb hover_enabled=\u00a0\u00bb0&Prime; global_colors_info=\u00a0\u00bb{}\u00a0\u00bb sticky_enabled=\u00a0\u00bb0&Prime;][\/et_pb_button][\/et_pb_column][et_pb_column type=\u00a0\u00bb1_3&Prime; _builder_version=\u00a0\u00bb4.27.4&Prime; _module_preset=\u00a0\u00bbdefault\u00a0\u00bb global_colors_info=\u00a0\u00bb{}\u00a0\u00bb][et_pb_image src=\u00a0\u00bbhttps:\/\/www.vichycatalan.com\/wp-content\/uploads\/2024\/02\/Captura3-2.jpg\u00a0\u00bb alt=\u00a0\u00bb1881 Gran Rosell\u00f3n Hotel\u00a0\u00bb title_text=\u00a0\u00bbCaptura3 (2)\u00a0\u00bb _builder_version=\u00a0\u00bb4.27.4&Prime; _module_preset=\u00a0\u00bbdefault\u00a0\u00bb border_radii=\u00a0\u00bboff|50px||50px|\u00a0\u00bb global_colors_info=\u00a0\u00bb{}\u00a0\u00bb][\/et_pb_image][et_pb_text _builder_version=\u00a0\u00bb4.27.4&Prime; _module_preset=\u00a0\u00bbdefault\u00a0\u00bb text_orientation=\u00a0\u00bbjustified\u00a0\u00bb global_colors_info=\u00a0\u00bb{}\u00a0\u00bb]<\/p>\n<p>D\u00e9couvrez la fascinante Barcelone, o\u00f9 le moderne se fusionne avec l&rsquo;historique, et choisissez le <strong data-start=\"97\" data-end=\"135\">1881 Barcelona Gran Rosell\u00f3n Hotel<\/strong>. Ses \u00e9l\u00e9gantes chambres, ses terrasses panoramiques et ses commodit\u00e9s exceptionnelles vous plongeront dans l&rsquo;essence vibrante de cette ville en perp\u00e9tuel mouvement.<\/p>\n<p>[\/et_pb_text][et_pb_image src=\u00a0\u00bbhttps:\/\/www.vichycatalan.com\/wp-content\/uploads\/2024\/02\/Proyecto-nuevo-1-1.jpg\u00a0\u00bb alt=\u00a0\u00bb1881 hotels Gran Rosellon\u00a0\u00bb title_text=\u00a0\u00bbProyecto nuevo (1)\u00a0\u00bb align=\u00a0\u00bbcenter\u00a0\u00bb _builder_version=\u00a0\u00bb4.27.4&Prime; _module_preset=\u00a0\u00bbdefault\u00a0\u00bb global_colors_info=\u00a0\u00bb{}\u00a0\u00bb][\/et_pb_image][et_pb_button button_url=\u00a0\u00bbhttps:\/\/www.1881granrosellonhotel.com\/es\/\u00a0\u00bb button_text=\u00a0\u00bbVISITER LE SITE\u00a0\u00bb button_alignment=\u00a0\u00bbcenter\u00a0\u00bb _builder_version=\u00a0\u00bb4.27.4&Prime; _module_preset=\u00a0\u00bbdefault\u00a0\u00bb hover_enabled=\u00a0\u00bb0&Prime; global_colors_info=\u00a0\u00bb{}\u00a0\u00bb sticky_enabled=\u00a0\u00bb0&Prime;][\/et_pb_button][\/et_pb_column][\/et_pb_row][\/et_pb_section][et_pb_section fb_built=\u00a0\u00bb1&Prime; fullwidth=\u00a0\u00bbon\u00a0\u00bb admin_label=\u00a0\u00bbfondo colores\u00a0\u00bb module_class=\u00a0\u00bbstop\u00a0\u00bb _builder_version=\u00a0\u00bb4.16&Prime; background_image=\u00a0\u00bbhttps:\/\/www.vichycatalan.com\/wp-content\/uploads\/2018\/10\/trencadis-corporate.png\u00a0\u00bb background_position=\u00a0\u00bbtop_center\u00a0\u00bb background_repeat=\u00a0\u00bbrepeat-x\u00a0\u00bb custom_padding=\u00a0\u00bb190px||||false|false\u00a0\u00bb global_colors_info=\u00a0\u00bb{}\u00a0\u00bb][\/et_pb_section]<\/p>\n","protected":false},"excerpt":{"rendered":"<p>Un havre de paix au service du bien-\u00eatre <span class='et-dropcap'>L<\/span>e groupe h\u00f4telier 1881 Hotels est n\u00e9 de la vision de Vichy Catalan Corporation, visant \u00e0 offrir une exp\u00e9rience de bien-\u00eatre \u00e0 ses clients. L\u2019emplacement des diff\u00e9rents h\u00f4tels du groupe a \u00e9t\u00e9 soigneusement pens\u00e9 afin que toute personne voyageant pour affaires ou pour le plaisir puisse disposer [&hellip;]<\/p>\n","protected":false},"author":1,"featured_media":0,"parent":0,"menu_order":0,"comment_status":"closed","ping_status":"closed","template":"","meta":{"_acf_changed":false,"_et_pb_use_builder":"on","_et_pb_old_content":"","_et_gb_content_width":"","footnotes":""},"class_list":["post-9619","page","type-page","status-publish","hentry"],"acf":{"pagina_de_marca":"no"},"yoast_head":"<!-- This site is optimized with the Yoast SEO plugin v27.2 - https:\/\/yoast.com\/product\/yoast-seo-wordpress\/ -->\n<title>1881 Hotels - Vichy Catalan Corporation<\/title>\n<meta name=\"description\" content=\"1881 Hotels est n\u00e9 de la vision de Vichy Catalan Corporation afin d&#039;offrir \u00e0 ses h\u00f4tes une exp\u00e9rience de bien-\u00eatre unique.\" \/>\n<meta name=\"robots\" content=\"index, follow, max-snippet:-1, max-image-preview:large, max-video-preview:-1\" \/>\n<link rel=\"canonical\" href=\"https:\/\/www.vichycatalan.com\/fr\/1881-hotels\/\" \/>\n<meta property=\"og:locale\" content=\"fr_FR\" \/>\n<meta property=\"og:type\" content=\"article\" \/>\n<meta property=\"og:title\" content=\"1881 Hotels - Vichy Catalan Corporation\" \/>\n<meta property=\"og:description\" content=\"1881 Hotels est n\u00e9 de la vision de Vichy Catalan Corporation afin d&#039;offrir \u00e0 ses h\u00f4tes une exp\u00e9rience de bien-\u00eatre unique.\" \/>\n<meta property=\"og:url\" content=\"https:\/\/www.vichycatalan.com\/fr\/1881-hotels\/\" \/>\n<meta property=\"og:site_name\" content=\"Vichy Catalan Corporation\" \/>\n<meta property=\"article:modified_time\" content=\"2025-02-18T09:34:23+00:00\" \/>\n<meta name=\"twitter:card\" content=\"summary_large_image\" \/>\n<meta name=\"twitter:label1\" content=\"Dur\u00e9e de lecture estim\u00e9e\" \/>\n\t<meta name=\"twitter:data1\" content=\"3 minutes\" \/>\n<script type=\"application\/ld+json\" class=\"yoast-schema-graph\">{\"@context\":\"https:\/\/schema.org\",\"@graph\":[{\"@type\":\"WebPage\",\"@id\":\"https:\/\/www.vichycatalan.com\/fr\/1881-hotels\/\",\"url\":\"https:\/\/www.vichycatalan.com\/fr\/1881-hotels\/\",\"name\":\"1881 Hotels - Vichy Catalan Corporation\",\"isPartOf\":{\"@id\":\"https:\/\/www.vichycatalan.com\/fr\/#website\"},\"datePublished\":\"2018-10-31T14:35:34+00:00\",\"dateModified\":\"2025-02-18T09:34:23+00:00\",\"description\":\"1881 Hotels est n\u00e9 de la vision de Vichy Catalan Corporation afin d'offrir \u00e0 ses h\u00f4tes une exp\u00e9rience de bien-\u00eatre unique.\",\"breadcrumb\":{\"@id\":\"https:\/\/www.vichycatalan.com\/fr\/1881-hotels\/#breadcrumb\"},\"inLanguage\":\"fr-FR\",\"potentialAction\":[{\"@type\":\"ReadAction\",\"target\":[\"https:\/\/www.vichycatalan.com\/fr\/1881-hotels\/\"]}]},{\"@type\":\"BreadcrumbList\",\"@id\":\"https:\/\/www.vichycatalan.com\/fr\/1881-hotels\/#breadcrumb\",\"itemListElement\":[{\"@type\":\"ListItem\",\"position\":1,\"name\":\"Portada\",\"item\":\"https:\/\/www.vichycatalan.com\/fr\/\"},{\"@type\":\"ListItem\",\"position\":2,\"name\":\"1881 HOTELS\"}]},{\"@type\":\"WebSite\",\"@id\":\"https:\/\/www.vichycatalan.com\/fr\/#website\",\"url\":\"https:\/\/www.vichycatalan.com\/fr\/\",\"name\":\"Vichy Catalan Corporation\",\"description\":\"Web de Vichy Catalan Corporation\",\"potentialAction\":[{\"@type\":\"SearchAction\",\"target\":{\"@type\":\"EntryPoint\",\"urlTemplate\":\"https:\/\/www.vichycatalan.com\/fr\/?s={search_term_string}\"},\"query-input\":{\"@type\":\"PropertyValueSpecification\",\"valueRequired\":true,\"valueName\":\"search_term_string\"}}],\"inLanguage\":\"fr-FR\"}]}<\/script>\n<!-- \/ Yoast SEO plugin. -->","yoast_head_json":{"title":"1881 Hotels - Vichy Catalan Corporation","description":"1881 Hotels est n\u00e9 de la vision de Vichy Catalan Corporation afin d'offrir \u00e0 ses h\u00f4tes une exp\u00e9rience de bien-\u00eatre unique.","robots":{"index":"index","follow":"follow","max-snippet":"max-snippet:-1","max-image-preview":"max-image-preview:large","max-video-preview":"max-video-preview:-1"},"canonical":"https:\/\/www.vichycatalan.com\/fr\/1881-hotels\/","og_locale":"fr_FR","og_type":"article","og_title":"1881 Hotels - Vichy Catalan Corporation","og_description":"1881 Hotels est n\u00e9 de la vision de Vichy Catalan Corporation afin d'offrir \u00e0 ses h\u00f4tes une exp\u00e9rience de bien-\u00eatre unique.","og_url":"https:\/\/www.vichycatalan.com\/fr\/1881-hotels\/","og_site_name":"Vichy Catalan Corporation","article_modified_time":"2025-02-18T09:34:23+00:00","twitter_card":"summary_large_image","twitter_misc":{"Dur\u00e9e de lecture estim\u00e9e":"3 minutes"},"schema":{"@context":"https:\/\/schema.org","@graph":[{"@type":"WebPage","@id":"https:\/\/www.vichycatalan.com\/fr\/1881-hotels\/","url":"https:\/\/www.vichycatalan.com\/fr\/1881-hotels\/","name":"1881 Hotels - Vichy Catalan Corporation","isPartOf":{"@id":"https:\/\/www.vichycatalan.com\/fr\/#website"},"datePublished":"2018-10-31T14:35:34+00:00","dateModified":"2025-02-18T09:34:23+00:00","description":"1881 Hotels est n\u00e9 de la vision de Vichy Catalan Corporation afin d'offrir \u00e0 ses h\u00f4tes une exp\u00e9rience de bien-\u00eatre unique.","breadcrumb":{"@id":"https:\/\/www.vichycatalan.com\/fr\/1881-hotels\/#breadcrumb"},"inLanguage":"fr-FR","potentialAction":[{"@type":"ReadAction","target":["https:\/\/www.vichycatalan.com\/fr\/1881-hotels\/"]}]},{"@type":"BreadcrumbList","@id":"https:\/\/www.vichycatalan.com\/fr\/1881-hotels\/#breadcrumb","itemListElement":[{"@type":"ListItem","position":1,"name":"Portada","item":"https:\/\/www.vichycatalan.com\/fr\/"},{"@type":"ListItem","position":2,"name":"1881 HOTELS"}]},{"@type":"WebSite","@id":"https:\/\/www.vichycatalan.com\/fr\/#website","url":"https:\/\/www.vichycatalan.com\/fr\/","name":"Vichy Catalan Corporation","description":"Web de Vichy Catalan Corporation","potentialAction":[{"@type":"SearchAction","target":{"@type":"EntryPoint","urlTemplate":"https:\/\/www.vichycatalan.com\/fr\/?s={search_term_string}"},"query-input":{"@type":"PropertyValueSpecification","valueRequired":true,"valueName":"search_term_string"}}],"inLanguage":"fr-FR"}]}},"_links":{"self":[{"href":"https:\/\/www.vichycatalan.com\/fr\/wp-json\/wp\/v2\/pages\/9619","targetHints":{"allow":["GET"]}}],"collection":[{"href":"https:\/\/www.vichycatalan.com\/fr\/wp-json\/wp\/v2\/pages"}],"about":[{"href":"https:\/\/www.vichycatalan.com\/fr\/wp-json\/wp\/v2\/types\/page"}],"author":[{"embeddable":true,"href":"https:\/\/www.vichycatalan.com\/fr\/wp-json\/wp\/v2\/users\/1"}],"replies":[{"embeddable":true,"href":"https:\/\/www.vichycatalan.com\/fr\/wp-json\/wp\/v2\/comments?post=9619"}],"version-history":[{"count":10,"href":"https:\/\/www.vichycatalan.com\/fr\/wp-json\/wp\/v2\/pages\/9619\/revisions"}],"predecessor-version":[{"id":25680,"href":"https:\/\/www.vichycatalan.com\/fr\/wp-json\/wp\/v2\/pages\/9619\/revisions\/25680"}],"wp:attachment":[{"href":"https:\/\/www.vichycatalan.com\/fr\/wp-json\/wp\/v2\/media?parent=9619"}],"curies":[{"name":"wp","href":"https:\/\/api.w.org\/{rel}","templated":true}]}}