{"id":9846,"date":"2018-12-18T17:26:58","date_gmt":"2018-12-18T16:26:58","guid":{"rendered":"https:\/\/www.vichycatalan.com\/vinachy\/"},"modified":"2025-10-20T16:23:12","modified_gmt":"2025-10-20T14:23:12","slug":"vinachy","status":"publish","type":"page","link":"https:\/\/www.vichycatalan.com\/en\/our-brands\/vinachy\/","title":{"rendered":"Vi\u00f1achy"},"content":{"rendered":"<p>[et_pb_section fb_built=&#8221;1&#8243; fullwidth=&#8221;on&#8221; _builder_version=&#8221;4.16&#8243; custom_padding=&#8221;||||false|false&#8221; bottom_divider_color=&#8221;#ffffff&#8221; bottom_divider_height=&#8221;50px&#8221; global_colors_info=&#8221;{}&#8221;][et_pb_fullwidth_header title=&#8221;@ET-DC@eyJkeW5hbWljIjp0cnVlLCJjb250ZW50IjoiY3VzdG9tX21ldGFfY2FtcG9zX2RlX21hcmNhX21hcmNhX3RpdHVsbyIsInNldHRpbmdzIjp7ImJlZm9yZSI6IiIsImFmdGVyIjoiIiwiZW5hYmxlX2h0bWwiOiJvZmYifX0=@&#8221; background_overlay_color=&#8221;rgba(44,42,41,0.15)&#8221; content_max_width=&#8221;60%&#8221; content_max_width_tablet=&#8221;100%&#8221; content_max_width_phone=&#8221;&#8221; content_max_width_last_edited=&#8221;on|phone&#8221; _builder_version=&#8221;4.16&#8243; _dynamic_attributes=&#8221;title,content&#8221; title_font=&#8221;Helvetica Neue standar|700|||||||&#8221; title_font_size=&#8221;56px&#8221; content_text_align=&#8221;left&#8221; content_font_size=&#8221;23px&#8221; content_line_height=&#8221;1.1em&#8221; background_image=&#8221;https:\/\/www.vichycatalan.com\/wp-content\/uploads\/2018\/12\/header-marca-vinachy.jpg&#8221; custom_margin=&#8221;0px|0px|0px|0px&#8221; custom_padding=&#8221;100px|0px|200px|0px&#8221; custom_padding_tablet=&#8221;50px|0px|150px|0px&#8221; custom_padding_phone=&#8221;0px||100px&#8221; custom_padding_last_edited=&#8221;on|phone&#8221; title_text_shadow_style=&#8221;preset1&#8243; content_text_shadow_style=&#8221;preset1&#8243; text_shadow_style=&#8221;preset1&#8243; global_colors_info=&#8221;{}&#8221;]@ET-DC@eyJkeW5hbWljIjp0cnVlLCJjb250ZW50IjoiY3VzdG9tX21ldGFfY2FtcG9zX2RlX21hcmNhX21hcmNhX2VzbG9nYW4iLCJzZXR0aW5ncyI6eyJiZWZvcmUiOiIiLCJhZnRlciI6IiIsImVuYWJsZV9odG1sIjoib2ZmIn19@[\/et_pb_fullwidth_header][\/et_pb_section][et_pb_section fb_built=&#8221;1&#8243; _builder_version=&#8221;4.16&#8243; background_video_width=&#8221;1280&#8243; background_video_height=&#8221;720&#8243; custom_margin=&#8221;||&#8221; custom_padding=&#8221;0|0px|16px|0px|false|false&#8221; top_divider_color=&#8221;#ffffff&#8221; top_divider_height=&#8221;50px&#8221; bottom_divider_color=&#8221;#c1c1c1&#8243; bottom_divider_height=&#8221;136px&#8221; global_colors_info=&#8221;{}&#8221;][et_pb_row column_structure=&#8221;1_3,2_3&#8243; _builder_version=&#8221;4.16&#8243; background_size=&#8221;initial&#8221; background_position=&#8221;top_left&#8221; background_repeat=&#8221;repeat&#8221; global_colors_info=&#8221;{}&#8221;][et_pb_column type=&#8221;1_3&#8243; _builder_version=&#8221;4.16&#8243; custom_padding=&#8221;|||&#8221; global_colors_info=&#8221;{}&#8221; custom_padding__hover=&#8221;|||&#8221;][et_pb_image src=&#8221;https:\/\/www.vichycatalan.com\/wp-content\/uploads\/2025\/10\/VinaCHY_blanco-y-rosado.jpg&#8221; alt=&#8221;Vi\u00f1aCHY_blanco y rosado&#8221; title_text=&#8221;Vi\u00f1aCHY&#8221; align=&#8221;center&#8221; align_tablet=&#8221;center&#8221; align_phone=&#8221;&#8221; align_last_edited=&#8221;on|desktop&#8221; _builder_version=&#8221;4.27.4&#8243; animation_style=&#8221;slide&#8221; animation_direction=&#8221;bottom&#8221; animation_duration=&#8221;1500ms&#8221; animation_intensity_slide=&#8221;10%&#8221; hover_enabled=&#8221;0&#8243; global_colors_info=&#8221;{}&#8221; transform_scale=&#8221;92%|92%&#8221; sticky_enabled=&#8221;0&#8243;]<\/p>\n<p>[\/et_pb_image][\/et_pb_column][et_pb_column type=&#8221;2_3&#8243; _builder_version=&#8221;4.16&#8243; custom_padding=&#8221;|||&#8221; global_colors_info=&#8221;{}&#8221; custom_padding__hover=&#8221;|||&#8221;][et_pb_image src=&#8221;@ET-DC@eyJkeW5hbWljIjp0cnVlLCJjb250ZW50IjoiY3VzdG9tX21ldGFfY2FtcG9zX2RlX21hcmNhX21hcmNhX2xvZ28iLCJzZXR0aW5ncyI6eyJiZWZvcmUiOiIiLCJhZnRlciI6IiIsImVuYWJsZV9odG1sIjoib2ZmIn19@&#8221; _builder_version=&#8221;4.16&#8243; _dynamic_attributes=&#8221;src&#8221; background_color=&#8221;#ffffff&#8221; custom_padding=&#8221;|||&#8221; animation_style=&#8221;slide&#8221; animation_direction=&#8221;left&#8221; animation_duration=&#8221;1500ms&#8221; animation_intensity_slide=&#8221;10%&#8221; always_center_on_mobile=&#8221;off&#8221; global_colors_info=&#8221;{}&#8221;]<\/p>\n<p>[\/et_pb_image][et_pb_divider divider_style=&#8221;double&#8221; divider_position=&#8221;center&#8221; divider_weight=&#8221;10px&#8221; _builder_version=&#8221;4.16&#8243; height=&#8221;13px&#8221; custom_margin=&#8221;-140px|||&#8221; custom_padding=&#8221;||104px|160px&#8221; custom_css_before=&#8221;left:100px !important;&#8221; global_colors_info=&#8221;{}&#8221;]<\/p>\n<p>[\/et_pb_divider][et_pb_text _builder_version=&#8221;4.16&#8243; _dynamic_attributes=&#8221;content&#8221; custom_margin=&#8221;||&#8221; animation_style=&#8221;fade&#8221; animation_direction=&#8221;right&#8221; animation_delay=&#8221;100ms&#8221; global_colors_info=&#8221;{}&#8221;]@ET-DC@eyJkeW5hbWljIjp0cnVlLCJjb250ZW50IjoiY3VzdG9tX21ldGFfY2FtcG9zX2RlX21hcmNhX21hcmNhX2Rlc2NyaXBjaW9uIiwic2V0dGluZ3MiOnsiYmVmb3JlIjoiIiwiYWZ0ZXIiOiIiLCJlbmFibGVfaHRtbCI6Im9uIn19@[\/et_pb_text][\/et_pb_column][\/et_pb_row][et_pb_row _builder_version=&#8221;4.16&#8243; custom_padding=&#8221;||0px|&#8221; global_colors_info=&#8221;{}&#8221;][et_pb_column type=&#8221;4_4&#8243; _builder_version=&#8221;4.16&#8243; custom_padding=&#8221;|||&#8221; global_colors_info=&#8221;{}&#8221; custom_padding__hover=&#8221;|||&#8221;][et_pb_divider divider_style=&#8221;double&#8221; divider_position=&#8221;center&#8221; divider_weight=&#8221;7px&#8221; _builder_version=&#8221;4.16&#8243; global_colors_info=&#8221;{}&#8221;]<br \/>\n[\/et_pb_divider][\/et_pb_column][\/et_pb_row][\/et_pb_section][et_pb_section fb_built=&#8221;1&#8243; _builder_version=&#8221;4.16&#8243; custom_padding=&#8221;0px|||&#8221; global_colors_info=&#8221;{}&#8221;][et_pb_row _builder_version=&#8221;4.16&#8243; background_size=&#8221;initial&#8221; background_position=&#8221;top_left&#8221; background_repeat=&#8221;repeat&#8221; global_colors_info=&#8221;{}&#8221;][et_pb_column type=&#8221;4_4&#8243; _builder_version=&#8221;4.16&#8243; custom_padding=&#8221;|||&#8221; global_colors_info=&#8221;{}&#8221; custom_padding__hover=&#8221;|||&#8221;][et_pb_text admin_label=&#8221;Nuestras marcas&#8221; _builder_version=&#8221;4.27.4&#8243; header_2_font=&#8221;Helvetica Neue standar||||||||&#8221; header_2_font_size=&#8221;39px&#8221; background_color=&#8221;#ffffff&#8221; max_width=&#8221;50%&#8221; module_alignment=&#8221;center&#8221; custom_margin=&#8221;-85px|||&#8221; header_2_font_size_tablet=&#8221;30px&#8221; header_2_font_size_phone=&#8221;22px&#8221; header_2_font_size_last_edited=&#8221;on|phone&#8221; inline_fonts=&#8221;Helvetica Neue bold&#8221; global_colors_info=&#8221;{}&#8221;]<\/p>\n<h2 style=\"text-align: center;\"><strong>VI\u00d1ACHY <\/strong> PRODUCTS<\/span><\/h2>\n<p>[\/et_pb_text][\/et_pb_column][\/et_pb_row][et_pb_row column_structure=&#8221;1_4,1_4,1_4,1_4&#8243; use_custom_gutter=&#8221;on&#8221; gutter_width=&#8221;4&#8243; module_class=&#8221;productos-marcas&#8221; _builder_version=&#8221;4.16&#8243; global_colors_info=&#8221;{}&#8221;][et_pb_column type=&#8221;1_4&#8243; _builder_version=&#8221;4.16&#8243; custom_padding=&#8221;|||&#8221; global_colors_info=&#8221;{}&#8221; custom_padding__hover=&#8221;|||&#8221;][et_pb_image src=&#8221;https:\/\/www.vichycatalan.com\/wp-content\/uploads\/2024\/07\/Vinachy-Blanco.jpg&#8221; alt=&#8221;Vi\u00f1achy Blanco&#8221; title_text=&#8221;Vi\u00f1achy Blanco&#8221; show_in_lightbox=&#8221;on&#8221; use_overlay=&#8221;on&#8221; overlay_icon_color=&#8221;#ffffff&#8221; hover_overlay_color=&#8221;rgba(252,210,153,0.66)&#8221; hover_icon=&#8221;&#x55;||divi||400&#8243; show_bottom_space=&#8221;off&#8221; align=&#8221;center&#8221; align_tablet=&#8221;center&#8221; align_phone=&#8221;&#8221; align_last_edited=&#8221;on|desktop&#8221; _builder_version=&#8221;4.26.0&#8243; global_colors_info=&#8221;{}&#8221;]<\/p>\n<p>[\/et_pb_image][et_pb_text _builder_version=&#8221;4.16&#8243; custom_margin=&#8221;15px|||&#8221; link_option_url=&#8221;https:\/\/latiendavichy.com\/sabores-0\/207.html?utm_source=fruit_limon_1200ml&#038;utm_medium=button&#038;utm_campaign=webs_grup&#038;utm_term=body&#8221; link_option_url_new_window=&#8221;on&#8221; global_colors_info=&#8221;{}&#8221;]<\/p>\n<p style=\"text-align: center\">Vi\u00f1aCHY White 0.75L <\/p>\n<p>[\/et_pb_text][et_pb_button button_url=&#8221;https:\/\/latiendavichy.com\/cervezas-vinos\/vino\/&#8221; url_new_window=&#8221;on&#8221; button_text=&#8221;PURCHASE&#8221; button_alignment=&#8221;center&#8221; _builder_version=&#8221;4.21.0&#8243; global_colors_info=&#8221;{}&#8221;]<\/p>\n<p>[\/et_pb_button][\/et_pb_column][et_pb_column type=&#8221;1_4&#8243; _builder_version=&#8221;4.16&#8243; custom_padding=&#8221;|||&#8221; global_colors_info=&#8221;{}&#8221; custom_padding__hover=&#8221;|||&#8221;][et_pb_image src=&#8221;https:\/\/www.vichycatalan.com\/wp-content\/uploads\/2024\/07\/Vinachy-Rosado.jpg&#8221; alt=&#8221;Vi\u00f1achy Rosado&#8221; title_text=&#8221;Vi\u00f1achy Rosado&#8221; show_in_lightbox=&#8221;on&#8221; use_overlay=&#8221;on&#8221; overlay_icon_color=&#8221;#ffffff&#8221; hover_overlay_color=&#8221;rgba(252,210,153,0.66)&#8221; hover_icon=&#8221;&#x55;||divi||400&#8243; show_bottom_space=&#8221;off&#8221; align=&#8221;center&#8221; align_tablet=&#8221;center&#8221; align_phone=&#8221;&#8221; align_last_edited=&#8221;on|desktop&#8221; _builder_version=&#8221;4.26.0&#8243; global_colors_info=&#8221;{}&#8221;]<\/p>\n<p>[\/et_pb_image][et_pb_text _builder_version=&#8221;4.16&#8243; custom_margin=&#8221;15px|||&#8221; link_option_url=&#8221;https:\/\/latiendavichy.com\/sabores-0\/210.html?utm_source=fruit_limon_500ml&#038;utm_medium=button&#038;utm_campaign=webs_grup&#038;utm_term=body&#8221; link_option_url_new_window=&#8221;on&#8221; global_colors_info=&#8221;{}&#8221;]<\/p>\n<p style=\"text-align: center\">Vi\u00f1aCHY Ros\u00e9 0.75L <\/p>\n<p>[\/et_pb_text][et_pb_button button_url=&#8221;https:\/\/latiendavichy.com\/cervezas-vinos\/vino\/&#8221; url_new_window=&#8221;on&#8221; button_text=&#8221;PURCHASE&#8221; button_alignment=&#8221;center&#8221; _builder_version=&#8221;4.21.0&#8243; global_colors_info=&#8221;{}&#8221;]<\/p>\n<p>[\/et_pb_button][\/et_pb_column][et_pb_column type=&#8221;1_4&#8243; _builder_version=&#8221;4.16&#8243; custom_padding=&#8221;|||&#8221; global_colors_info=&#8221;{}&#8221; custom_padding__hover=&#8221;|||&#8221;][\/et_pb_column][et_pb_column type=&#8221;1_4&#8243; _builder_version=&#8221;4.16&#8243; custom_padding=&#8221;|||&#8221; global_colors_info=&#8221;{}&#8221; custom_padding__hover=&#8221;|||&#8221;][\/et_pb_column][\/et_pb_row][\/et_pb_section][et_pb_section fb_built=&#8221;1&#8243; fullwidth=&#8221;on&#8221; admin_label=&#8221;fondo colores&#8221; module_class=&#8221;stop&#8221; _builder_version=&#8221;4.16&#8243; background_image=&#8221;https:\/\/www.vichycatalan.com\/wp-content\/uploads\/2018\/10\/trencadis-corporate.png&#8221; background_position=&#8221;top_center&#8221; background_repeat=&#8221;repeat-x&#8221; custom_padding=&#8221;190px||||false|false&#8221; global_colors_info=&#8221;{}&#8221;][\/et_pb_section]<\/p>\n","protected":false},"excerpt":{"rendered":"<p>VI\u00d1ACHY PRODUCTS Vi\u00f1aCHY White 0.75L Vi\u00f1aCHY Ros\u00e9 0.75L<\/p>\n","protected":false},"author":1,"featured_media":0,"parent":9958,"menu_order":0,"comment_status":"closed","ping_status":"closed","template":"","meta":{"_acf_changed":false,"_et_pb_use_builder":"on","_et_pb_old_content":"","_et_gb_content_width":"","footnotes":""},"class_list":["post-9846","page","type-page","status-publish","hentry"],"acf":{"pagina_de_marca":"si","campos_de_marca":{"marca_titulo":"Vi\u00f1aCHY","marca_eslogan":"The refreshing wine-based drink","marca_logo":"https:\/\/www.vichycatalan.com\/wp-content\/uploads\/2018\/12\/vinachy-logohead.jpg","marca_descripcion":"<p>\n<span class=\"et-dropcap\">V<\/span>i\u00f1aCHY is a refreshing wine-based drink, made from Vichy Catalan genuine and the most select wine from Casa de la Vi\u00f1a, culminating in a perfect, innovative and young pairing.<\/p>\n<p>It comes in an original bottle, in 0.75L format and in 3 varieties:<\/p>\n<p><strong>Vi\u00f1aCHY White<\/strong>: The perfect pairing of the Chardonnay, Sauvignon Blanc and Macabeo grapes with Vichy Catalan. An explosion of excitement and flavor!<br \/><em>Steely yellow with light green highlights, intense and fresh notes of tropical fruit invade the sense of smell.<\/em><\/p>\n<p><strong>Vi\u00f1aCHY Ros\u00e9 <\/strong>: A result of combining the Petit Verdot and Tempranillo grapes with Vichy Catalan. Friendship and complicity in every bubble!<br \/><em>Strawberry pink with light violet highlights on the edges. Fine aroma with notes of red fruits. Fresh, smooth and unique. <\/em><\/p>\n<p><strong>Vi\u00f1aCHY Red<\/strong>: The red revolution with the pairing of the Merlot and Tempranillo grapes with Vichy Catalan. Surprising and captivating from the first sip!<br \/><em>Cherry red with light purple highlights on the edges. Powerful citrus notes with a light background of black fruit. <\/em><\/p>\n<p>An explosion of excitement, combined with its low alcohol content (7\u00ba), make it ideal for serving with food, snacks or as an accompaniment at any time.<\/p>\n","marca_foto":"https:\/\/www.vichycatalan.com\/wp-content\/uploads\/2018\/12\/les-vinachy-main-img.jpg","marca_bodegon":"https:\/\/www.vichycatalan.com\/wp-content\/uploads\/2019\/10\/bodegon-vinachy.jpg"}},"yoast_head":"<!-- This site is optimized with the Yoast SEO plugin v27.5 - https:\/\/yoast.com\/product\/yoast-seo-wordpress\/ -->\n<title>Vi\u00f1achy - Vichy Catalan Corporation<\/title>\n<meta name=\"description\" content=\"Our obsession with quality and our firm commitment to innovation have turned the Vichy Catalan Corporation\u2019s brands into market leaders.\" \/>\n<meta name=\"robots\" content=\"index, follow, max-snippet:-1, max-image-preview:large, max-video-preview:-1\" \/>\n<link rel=\"canonical\" href=\"https:\/\/www.vichycatalan.com\/en\/our-brands\/vinachy\/\" \/>\n<meta property=\"og:locale\" content=\"en_US\" \/>\n<meta property=\"og:type\" content=\"article\" \/>\n<meta property=\"og:title\" content=\"Vi\u00f1achy - Vichy Catalan Corporation\" \/>\n<meta property=\"og:description\" content=\"Our obsession with quality and our firm commitment to innovation have turned the Vichy Catalan Corporation\u2019s brands into market leaders.\" \/>\n<meta property=\"og:url\" content=\"https:\/\/www.vichycatalan.com\/en\/our-brands\/vinachy\/\" \/>\n<meta property=\"og:site_name\" content=\"Vichy Catalan Corporation\" \/>\n<meta property=\"article:modified_time\" content=\"2025-10-20T14:23:12+00:00\" \/>\n<meta name=\"twitter:card\" content=\"summary_large_image\" \/>\n<meta name=\"twitter:label1\" content=\"Est. reading time\" \/>\n\t<meta name=\"twitter:data1\" content=\"1 minute\" \/>\n<script type=\"application\/ld+json\" class=\"yoast-schema-graph\">{\"@context\":\"https:\\\/\\\/schema.org\",\"@graph\":[{\"@type\":\"WebPage\",\"@id\":\"https:\\\/\\\/www.vichycatalan.com\\\/en\\\/our-brands\\\/vinachy\\\/\",\"url\":\"https:\\\/\\\/www.vichycatalan.com\\\/en\\\/our-brands\\\/vinachy\\\/\",\"name\":\"Vi\u00f1achy - Vichy Catalan Corporation\",\"isPartOf\":{\"@id\":\"https:\\\/\\\/www.vichycatalan.com\\\/en\\\/#website\"},\"datePublished\":\"2018-12-18T16:26:58+00:00\",\"dateModified\":\"2025-10-20T14:23:12+00:00\",\"description\":\"Our obsession with quality and our firm commitment to innovation have turned the Vichy Catalan Corporation\u2019s brands into market leaders.\",\"breadcrumb\":{\"@id\":\"https:\\\/\\\/www.vichycatalan.com\\\/en\\\/our-brands\\\/vinachy\\\/#breadcrumb\"},\"inLanguage\":\"en-US\",\"potentialAction\":[{\"@type\":\"ReadAction\",\"target\":[\"https:\\\/\\\/www.vichycatalan.com\\\/en\\\/our-brands\\\/vinachy\\\/\"]}]},{\"@type\":\"BreadcrumbList\",\"@id\":\"https:\\\/\\\/www.vichycatalan.com\\\/en\\\/our-brands\\\/vinachy\\\/#breadcrumb\",\"itemListElement\":[{\"@type\":\"ListItem\",\"position\":1,\"name\":\"Portada\",\"item\":\"https:\\\/\\\/www.vichycatalan.com\\\/en\\\/\"},{\"@type\":\"ListItem\",\"position\":2,\"name\":\"Our brands\",\"item\":\"https:\\\/\\\/www.vichycatalan.com\\\/en\\\/our-brands\\\/\"},{\"@type\":\"ListItem\",\"position\":3,\"name\":\"Vi\u00f1achy\"}]},{\"@type\":\"WebSite\",\"@id\":\"https:\\\/\\\/www.vichycatalan.com\\\/en\\\/#website\",\"url\":\"https:\\\/\\\/www.vichycatalan.com\\\/en\\\/\",\"name\":\"Vichy Catalan Corporation\",\"description\":\"Web de Vichy Catalan Corporation\",\"potentialAction\":[{\"@type\":\"SearchAction\",\"target\":{\"@type\":\"EntryPoint\",\"urlTemplate\":\"https:\\\/\\\/www.vichycatalan.com\\\/en\\\/?s={search_term_string}\"},\"query-input\":{\"@type\":\"PropertyValueSpecification\",\"valueRequired\":true,\"valueName\":\"search_term_string\"}}],\"inLanguage\":\"en-US\"}]}<\/script>\n<!-- \/ Yoast SEO plugin. -->","yoast_head_json":{"title":"Vi\u00f1achy - Vichy Catalan Corporation","description":"Our obsession with quality and our firm commitment to innovation have turned the Vichy Catalan Corporation\u2019s brands into market leaders.","robots":{"index":"index","follow":"follow","max-snippet":"max-snippet:-1","max-image-preview":"max-image-preview:large","max-video-preview":"max-video-preview:-1"},"canonical":"https:\/\/www.vichycatalan.com\/en\/our-brands\/vinachy\/","og_locale":"en_US","og_type":"article","og_title":"Vi\u00f1achy - Vichy Catalan Corporation","og_description":"Our obsession with quality and our firm commitment to innovation have turned the Vichy Catalan Corporation\u2019s brands into market leaders.","og_url":"https:\/\/www.vichycatalan.com\/en\/our-brands\/vinachy\/","og_site_name":"Vichy Catalan Corporation","article_modified_time":"2025-10-20T14:23:12+00:00","twitter_card":"summary_large_image","twitter_misc":{"Est. reading time":"1 minute"},"schema":{"@context":"https:\/\/schema.org","@graph":[{"@type":"WebPage","@id":"https:\/\/www.vichycatalan.com\/en\/our-brands\/vinachy\/","url":"https:\/\/www.vichycatalan.com\/en\/our-brands\/vinachy\/","name":"Vi\u00f1achy - Vichy Catalan Corporation","isPartOf":{"@id":"https:\/\/www.vichycatalan.com\/en\/#website"},"datePublished":"2018-12-18T16:26:58+00:00","dateModified":"2025-10-20T14:23:12+00:00","description":"Our obsession with quality and our firm commitment to innovation have turned the Vichy Catalan Corporation\u2019s brands into market leaders.","breadcrumb":{"@id":"https:\/\/www.vichycatalan.com\/en\/our-brands\/vinachy\/#breadcrumb"},"inLanguage":"en-US","potentialAction":[{"@type":"ReadAction","target":["https:\/\/www.vichycatalan.com\/en\/our-brands\/vinachy\/"]}]},{"@type":"BreadcrumbList","@id":"https:\/\/www.vichycatalan.com\/en\/our-brands\/vinachy\/#breadcrumb","itemListElement":[{"@type":"ListItem","position":1,"name":"Portada","item":"https:\/\/www.vichycatalan.com\/en\/"},{"@type":"ListItem","position":2,"name":"Our brands","item":"https:\/\/www.vichycatalan.com\/en\/our-brands\/"},{"@type":"ListItem","position":3,"name":"Vi\u00f1achy"}]},{"@type":"WebSite","@id":"https:\/\/www.vichycatalan.com\/en\/#website","url":"https:\/\/www.vichycatalan.com\/en\/","name":"Vichy Catalan Corporation","description":"Web de Vichy Catalan Corporation","potentialAction":[{"@type":"SearchAction","target":{"@type":"EntryPoint","urlTemplate":"https:\/\/www.vichycatalan.com\/en\/?s={search_term_string}"},"query-input":{"@type":"PropertyValueSpecification","valueRequired":true,"valueName":"search_term_string"}}],"inLanguage":"en-US"}]}},"_links":{"self":[{"href":"https:\/\/www.vichycatalan.com\/en\/wp-json\/wp\/v2\/pages\/9846","targetHints":{"allow":["GET"]}}],"collection":[{"href":"https:\/\/www.vichycatalan.com\/en\/wp-json\/wp\/v2\/pages"}],"about":[{"href":"https:\/\/www.vichycatalan.com\/en\/wp-json\/wp\/v2\/types\/page"}],"author":[{"embeddable":true,"href":"https:\/\/www.vichycatalan.com\/en\/wp-json\/wp\/v2\/users\/1"}],"replies":[{"embeddable":true,"href":"https:\/\/www.vichycatalan.com\/en\/wp-json\/wp\/v2\/comments?post=9846"}],"version-history":[{"count":0,"href":"https:\/\/www.vichycatalan.com\/en\/wp-json\/wp\/v2\/pages\/9846\/revisions"}],"up":[{"embeddable":true,"href":"https:\/\/www.vichycatalan.com\/en\/wp-json\/wp\/v2\/pages\/9958"}],"wp:attachment":[{"href":"https:\/\/www.vichycatalan.com\/en\/wp-json\/wp\/v2\/media?parent=9846"}],"curies":[{"name":"wp","href":"https:\/\/api.w.org\/{rel}","templated":true}]}}