{"id":27888,"date":"2025-10-27T10:52:32","date_gmt":"2025-10-27T09:52:32","guid":{"rendered":"https:\/\/www.vichycatalan.com\/?page_id=27888"},"modified":"2025-10-28T09:21:52","modified_gmt":"2025-10-28T08:21:52","slug":"cupra-x-vichy-catalan","status":"publish","type":"page","link":"https:\/\/www.vichycatalan.com\/en\/cupra-x-vichy-catalan\/","title":{"rendered":"CUPRA X VICHY CATALAN"},"content":{"rendered":"<p>[et_pb_section fb_built=&#8221;1&#8243; custom_padding_last_edited=&#8221;on|phone&#8221; _builder_version=&#8221;4.27.4&#8243; _module_preset=&#8221;default&#8221; background_image=&#8221;https:\/\/www.vichycatalan.com\/wp-content\/uploads\/2025\/10\/VCxCUPRA-1920&#215;490-v3.jpg&#8221; custom_margin_tablet=&#8221;&#8221; custom_margin_phone=&#8221;-36px||-34px||false|false&#8221; custom_margin_last_edited=&#8221;on|phone&#8221; custom_padding=&#8221;||264px||false|false&#8221; custom_padding_tablet=&#8221;||264px||false|false&#8221; custom_padding_phone=&#8221;||230px||false|false&#8221; background_last_edited=&#8221;on|desktop&#8221; background_size_phone=&#8221;custom&#8221; background_image_width_phone=&#8221;0%&#8221; background_image_height_phone=&#8221;85%&#8221; global_colors_info=&#8221;{}&#8221;][et_pb_row _builder_version=&#8221;4.27.0&#8243; _module_preset=&#8221;default&#8221; global_colors_info=&#8221;{}&#8221;][et_pb_column type=&#8221;4_4&#8243; _builder_version=&#8221;4.27.0&#8243; _module_preset=&#8221;default&#8221; global_colors_info=&#8221;{}&#8221;][et_pb_image _builder_version=&#8221;4.27.0&#8243; _module_preset=&#8221;default&#8221; global_colors_info=&#8221;{}&#8221;][\/et_pb_image][\/et_pb_column][\/et_pb_row][\/et_pb_section][et_pb_section fb_built=&#8221;1&#8243; _builder_version=&#8221;4.27.0&#8243; _module_preset=&#8221;default&#8221; background_color=&#8221;#000000&#8243; custom_padding=&#8221;124px||26px|||&#8221; global_colors_info=&#8221;{}&#8221;][et_pb_row _builder_version=&#8221;4.27.0&#8243; _module_preset=&#8221;default&#8221; global_colors_info=&#8221;{}&#8221;][et_pb_column type=&#8221;4_4&#8243; _builder_version=&#8221;4.27.0&#8243; _module_preset=&#8221;default&#8221; global_colors_info=&#8221;{}&#8221;][et_pb_heading title=&#8221;CUPRA X VICHY CATALAN BRAND PARTNERSHIP&#8221; _builder_version=&#8221;4.27.0&#8243; _module_preset=&#8221;default&#8221; title_font=&#8221;Helvetica Neue bold||||||||&#8221; title_text_align=&#8221;center&#8221; title_text_color=&#8221;#FFFFFF&#8221; title_font_size=&#8221;40px&#8221; custom_margin=&#8221;||37px|||&#8221; global_colors_info=&#8221;{}&#8221;][\/et_pb_heading][et_pb_text _builder_version=&#8221;4.27.4&#8243; _module_preset=&#8221;default&#8221; text_font=&#8221;Helvetica Neue standar||||||||&#8221; text_text_color=&#8221;#FFFFFF&#8221; text_font_size=&#8221;18px&#8221; global_colors_info=&#8221;{}&#8221;]<\/p>\n<p>VICHY CATALAN and CUPRA join forces to bring the sense of taste to the CUPRA user experience. After standing out in the visual, tactile, auditory, and olfactory dimensions, these two iconic brands now present a beverage that embodies the dynamism of CUPRA and the quality of VICHY CATALAN \u2014 both deeply rooted in Barcelona.<\/p>\n<p>[\/et_pb_text][\/et_pb_column][\/et_pb_row][\/et_pb_section][et_pb_section fb_built=&#8221;1&#8243; _builder_version=&#8221;4.27.0&#8243; _module_preset=&#8221;default&#8221; background_color=&#8221;#000000&#8243; custom_margin=&#8221;||-5px|||&#8221; custom_padding=&#8221;32px||89px|||&#8221; global_colors_info=&#8221;{}&#8221;][et_pb_row column_structure=&#8221;1_2,1_2&#8243; _builder_version=&#8221;4.27.0&#8243; _module_preset=&#8221;default&#8221; global_colors_info=&#8221;{}&#8221;][et_pb_column type=&#8221;1_2&#8243; _builder_version=&#8221;4.27.0&#8243; _module_preset=&#8221;default&#8221; global_colors_info=&#8221;{}&#8221;][et_pb_text _builder_version=&#8221;4.27.4&#8243; _module_preset=&#8221;default&#8221; text_text_color=&#8221;#FFFFFF&#8221; text_font_size=&#8221;32px&#8221; header_font_size=&#8221;28px&#8221; header_3_font=&#8221;Helvetica Neue bold||||||||&#8221; header_3_text_color=&#8221;#FFFFFF&#8221; header_3_font_size=&#8221;30px&#8221; custom_padding=&#8221;140px|||||&#8221; global_colors_info=&#8221;{}&#8221;]<\/p>\n<h3><strong>GINGER LIME SPARKLING WATER<\/strong><\/h3>\n<p>[\/et_pb_text][et_pb_text _builder_version=&#8221;4.27.4&#8243; _module_preset=&#8221;default&#8221; text_font=&#8221;Helvetica Neue standar||||||||&#8221; text_text_color=&#8221;#FFFFFF&#8221; text_font_size=&#8221;18px&#8221; global_colors_info=&#8221;{}&#8221;]The spiciness of ginger, the tang of lime, and Vichy Catalan\u2019s iconic sparkling water come together to create the taste of Cupra. Vichy Catalan and Cupra join forces to offer you an electrifying experience with a drink that\u2019s anything but conventional.[\/et_pb_text][et_pb_image src=&#8221;https:\/\/www.vichycatalan.com\/wp-content\/uploads\/2024\/10\/VICHY-CATALAN-CUPRA-INGREDIENTES.jpg&#8221; alt=&#8221;VICHY CATALAN CUPRA INGREDIENTES&#8221; title_text=&#8221;VICHY CATALAN CUPRA INGREDIENTES&#8221; _builder_version=&#8221;4.27.0&#8243; _module_preset=&#8221;default&#8221; global_colors_info=&#8221;{}&#8221;][\/et_pb_image][\/et_pb_column][et_pb_column type=&#8221;1_2&#8243; _builder_version=&#8221;4.27.0&#8243; _module_preset=&#8221;default&#8221; global_colors_info=&#8221;{}&#8221;][et_pb_image src=&#8221;https:\/\/www.vichycatalan.com\/wp-content\/uploads\/2024\/10\/VICHY-CATALAN-CUPRA-LATA-2.jpg&#8221; alt=&#8221;VICHY CATALAN CUPRA LATA 1&#8243; title_text=&#8221;VICHY CATALAN CUPRA LATA 2&#8243; _builder_version=&#8221;4.27.0&#8243; _module_preset=&#8221;default&#8221; custom_padding=&#8221;0px|||||&#8221; global_colors_info=&#8221;{}&#8221;][\/et_pb_image][\/et_pb_column][\/et_pb_row][\/et_pb_section][et_pb_section fb_built=&#8221;1&#8243; _builder_version=&#8221;4.27.4&#8243; _module_preset=&#8221;default&#8221; background_video_mp4=&#8221;https:\/\/www.vichycatalan.com\/wp-content\/uploads\/2024\/10\/VICHY-CATALAN-CUPRA-VID.mp4&#8243; custom_margin_tablet=&#8221;&#8221; custom_margin_phone=&#8221;|-168px||-196px|false|false&#8221; custom_margin_last_edited=&#8221;on|phone&#8221; custom_padding=&#8221;178px||733px||false|false&#8221; background_last_edited=&#8221;on|phone&#8221; background_video_mp4_phone=&#8221;https:\/\/www.vichycatalan.com\/wp-content\/uploads\/2024\/10\/VICHY-CATALAN-CUPRA-VID-MOBILE.mp4&#8243; background_enable_video_mp4_phone=&#8221;on&#8221; global_colors_info=&#8221;{}&#8221;][\/et_pb_section][et_pb_section fb_built=&#8221;1&#8243; _builder_version=&#8221;4.27.4&#8243; _module_preset=&#8221;default&#8221; background_color=&#8221;#000000&#8243; custom_margin_tablet=&#8221;&#8221; custom_margin_phone=&#8221;-137px||||false|false&#8221; custom_margin_last_edited=&#8221;on|phone&#8221; custom_padding=&#8221;0px||||false|false&#8221; global_colors_info=&#8221;{}&#8221;][et_pb_row column_structure=&#8221;1_2,1_2&#8243; _builder_version=&#8221;4.27.0&#8243; _module_preset=&#8221;default&#8221; custom_padding=&#8221;150px|||||&#8221; global_colors_info=&#8221;{}&#8221;][et_pb_column type=&#8221;1_2&#8243; _builder_version=&#8221;4.27.0&#8243; _module_preset=&#8221;default&#8221; global_colors_info=&#8221;{}&#8221;][et_pb_image src=&#8221;https:\/\/www.vichycatalan.com\/wp-content\/uploads\/2024\/10\/VICHY-CATALAN-CUPRA-BANDERA.jpg&#8221; alt=&#8221;VICHY CATALAN CUPRA BANDERA&#8221; title_text=&#8221;VICHY CATALAN CUPRA BANDERA&#8221; _builder_version=&#8221;4.27.4&#8243; _module_preset=&#8221;default&#8221; custom_padding=&#8221;4px||0px||false|false&#8221; global_colors_info=&#8221;{}&#8221;][\/et_pb_image][\/et_pb_column][et_pb_column type=&#8221;1_2&#8243; _builder_version=&#8221;4.27.0&#8243; _module_preset=&#8221;default&#8221; global_colors_info=&#8221;{}&#8221;][et_pb_text _builder_version=&#8221;4.27.4&#8243; _module_preset=&#8221;default&#8221; header_font=&#8221;Helvetica Neue bold||||||||&#8221; header_3_font=&#8221;Helvetica Neue bold||||||||&#8221; header_3_text_color=&#8221;#FFFFFF&#8221; header_3_font_size=&#8221;30px&#8221; custom_margin=&#8221;||29px|||&#8221; global_colors_info=&#8221;{}&#8221;]<\/p>\n<h3><strong>UNIQUE SPIRIT AND STYLE<\/strong><\/h3>\n<p>[\/et_pb_text][et_pb_text _builder_version=&#8221;4.27.4&#8243; _module_preset=&#8221;default&#8221; text_font=&#8221;Helvetica Neue standar||||||||&#8221; text_text_color=&#8221;#FFFFFF&#8221; text_font_size=&#8221;18px&#8221; global_colors_info=&#8221;{}&#8221;]The design of Vichy Catalan, inspired by Gaud\u00ed\u2019s works, and <strong>the adexxx<\/strong> CUPRA \u2014 a brand that defies convention \u2014 come together to create a drink that embodies the taste and emotion of CUPRA: unique, intense, and full of character.[\/et_pb_text][et_pb_image src=&#8221;https:\/\/www.vichycatalan.com\/wp-content\/uploads\/2024\/10\/VICHY-CATALAN-CUPRA-LATA-LATERAL.jpg&#8221; alt=&#8221;VICHY CATALAN CUPRA LATA LATERAL&#8221; title_text=&#8221;VICHY CATALAN CUPRA LATA LATERAL&#8221; _builder_version=&#8221;4.27.0&#8243; _module_preset=&#8221;default&#8221; custom_margin=&#8221;-10px|||||&#8221; custom_padding=&#8221;0px|||||&#8221; global_colors_info=&#8221;{}&#8221;][\/et_pb_image][\/et_pb_column][\/et_pb_row][\/et_pb_section][et_pb_section fb_built=&#8221;1&#8243; _builder_version=&#8221;4.27.0&#8243; _module_preset=&#8221;default&#8221; background_color=&#8221;#000000&#8243; custom_padding=&#8221;34px||101px|||&#8221; global_colors_info=&#8221;{}&#8221;][et_pb_row _builder_version=&#8221;4.27.0&#8243; _module_preset=&#8221;default&#8221; custom_margin=&#8221;|auto|37px|auto||&#8221; custom_padding=&#8221;||52px|||&#8221; global_colors_info=&#8221;{}&#8221;][et_pb_column type=&#8221;4_4&#8243; _builder_version=&#8221;4.27.0&#8243; _module_preset=&#8221;default&#8221; global_colors_info=&#8221;{}&#8221;][et_pb_text _builder_version=&#8221;4.27.4&#8243; _module_preset=&#8221;default&#8221; text_font=&#8221;Helvetica Neue bold||||||||&#8221; text_text_color=&#8221;#FFFFFF&#8221; text_font_size=&#8221;36px&#8221; custom_margin=&#8221;||43px|||&#8221; custom_margin_tablet=&#8221;||43px|||&#8221; custom_margin_phone=&#8221;||43px|||&#8221; custom_margin_last_edited=&#8221;on|phone&#8221; custom_padding_tablet=&#8221;&#8221; custom_padding_phone=&#8221;&#8221; custom_padding_last_edited=&#8221;on|phone&#8221; hover_enabled=&#8221;0&#8243; text_font_size_tablet=&#8221;36px&#8221; text_font_size_phone=&#8221;32px&#8221; text_font_size_last_edited=&#8221;on|phone&#8221; global_colors_info=&#8221;{}&#8221; sticky_enabled=&#8221;0&#8243;]<\/p>\n<p style=\"text-align: center;\"><a style=\"color: white; text-decoration: none;\" href=\"https:\/\/latiendavichy.com\/es\/0-azucar\/vichy-catalan-sabores\/cupra\/?utm_source=VCH-Cupra-Ginger-Lime-&amp;utm_medium=referral&amp;utm_campaign=webs_grup&amp;utm_term=body\" target=\"_blank\" rel=\"noopener\"> <strong>JOIN THE JOURNEY!<\/strong> <\/a><\/p>\n<p>[\/et_pb_text][\/et_pb_column][\/et_pb_row][\/et_pb_section]<\/p>\n","protected":false},"excerpt":{"rendered":"<p>VICHY CATALAN and CUPRA join forces to bring the sense of taste to the CUPRA user experience. After standing out in the visual, tactile, auditory, and olfactory dimensions, these two iconic brands now present a beverage that embodies the dynamism of CUPRA and the quality of VICHY CATALAN \u2014 both deeply rooted in Barcelona.GINGER LIME [&hellip;]<\/p>\n","protected":false},"author":3,"featured_media":0,"parent":0,"menu_order":0,"comment_status":"closed","ping_status":"closed","template":"","meta":{"_acf_changed":false,"_et_pb_use_builder":"on","_et_pb_old_content":"[et_pb_section fb_built=\"1\" custom_padding_last_edited=\"on|phone\" _builder_version=\"4.27.4\" _module_preset=\"default\" background_image=\"https:\/\/www.vichycatalan.com\/wp-content\/uploads\/2025\/10\/VCxCUPRA-1920x490-v3.jpg\" custom_margin_tablet=\"\" custom_margin_phone=\"-36px||-34px||false|false\" custom_margin_last_edited=\"on|phone\" custom_padding=\"||264px||false|false\" custom_padding_tablet=\"||264px||false|false\" custom_padding_phone=\"||230px||false|false\" hover_enabled=\"0\" background_last_edited=\"on|desktop\" background_size_phone=\"custom\" background_image_width_phone=\"0%\" background_image_height_phone=\"85%\" global_colors_info=\"{}\" sticky_enabled=\"0\"][et_pb_row _builder_version=\"4.27.0\" _module_preset=\"default\" global_colors_info=\"{}\"][et_pb_column type=\"4_4\" _builder_version=\"4.27.0\" _module_preset=\"default\" global_colors_info=\"{}\"][et_pb_image _builder_version=\"4.27.0\" _module_preset=\"default\" global_colors_info=\"{}\"][\/et_pb_image][\/et_pb_column][\/et_pb_row][\/et_pb_section][et_pb_section fb_built=\"1\" _builder_version=\"4.27.0\" _module_preset=\"default\" background_color=\"#000000\" custom_padding=\"124px||26px|||\" global_colors_info=\"{}\"][et_pb_row _builder_version=\"4.27.0\" _module_preset=\"default\" global_colors_info=\"{}\"][et_pb_column type=\"4_4\" _builder_version=\"4.27.0\" _module_preset=\"default\" global_colors_info=\"{}\"][et_pb_heading title=\"CUPRA X VICHY CATALAN BRAND PARTNERSHIP\" _builder_version=\"4.27.0\" _module_preset=\"default\" title_font=\"Helvetica Neue bold||||||||\" title_text_align=\"center\" title_text_color=\"#FFFFFF\" title_font_size=\"40px\" custom_margin=\"||37px|||\" global_colors_info=\"{}\"][\/et_pb_heading][et_pb_text _builder_version=\"4.27.4\" _module_preset=\"default\" text_font=\"Helvetica Neue standar||||||||\" text_text_color=\"#FFFFFF\" text_font_size=\"18px\" global_colors_info=\"{}\"]<p>VICHY CATALAN y CUPRA se asocian para incorporar el sentido del gusto a la experiencia de los usuarios de CUPRA. Tras destacar en aspectos visuales, t\u00e1ctiles, auditivos y olfativos, ahora estas dos ic\u00f3nicas marcas presentan una bebida que refleja el dinamismo de CUPRA y la calidad de VICHY CATALAN, ambas con un fuerte arraigo en Barcelona.<\/p>[\/et_pb_text][\/et_pb_column][\/et_pb_row][\/et_pb_section][et_pb_section fb_built=\"1\" _builder_version=\"4.27.0\" _module_preset=\"default\" background_color=\"#000000\" custom_margin=\"||-5px|||\" custom_padding=\"32px||89px|||\" global_colors_info=\"{}\"][et_pb_row column_structure=\"1_2,1_2\" _builder_version=\"4.27.0\" _module_preset=\"default\" global_colors_info=\"{}\"][et_pb_column type=\"1_2\" _builder_version=\"4.27.0\" _module_preset=\"default\" global_colors_info=\"{}\"][et_pb_text _builder_version=\"4.27.4\" _module_preset=\"default\" text_text_color=\"#FFFFFF\" text_font_size=\"32px\" header_font_size=\"28px\" header_3_font=\"Helvetica Neue bold||||||||\" header_3_text_color=\"#FFFFFF\" header_3_font_size=\"30px\" custom_padding=\"140px|||||\" global_colors_info=\"{}\"]<h3><strong>GINGER LIME SPARKLING WATER<\/strong><\/h3>[\/et_pb_text][et_pb_text _builder_version=\"4.27.4\" _module_preset=\"default\" text_font=\"Helvetica Neue standar||||||||\" text_text_color=\"#FFFFFF\" text_font_size=\"18px\" global_colors_info=\"{}\"]El picante del jengibre, el \u00e1cido de la lima y el agua con gas ic\u00f3nica de Vichy Catalan se unen para crear el sabor de Cupra. Vichy Catalan y Cupra se asocian para ofrecerte una experiencia electrificante con una bebida que es todo menos convencional. [\/et_pb_text][et_pb_image src=\"https:\/\/www.vichycatalan.com\/wp-content\/uploads\/2024\/10\/VICHY-CATALAN-CUPRA-INGREDIENTES.jpg\" alt=\"VICHY CATALAN CUPRA INGREDIENTES\" title_text=\"VICHY CATALAN CUPRA INGREDIENTES\" _builder_version=\"4.27.0\" _module_preset=\"default\" global_colors_info=\"{}\"][\/et_pb_image][\/et_pb_column][et_pb_column type=\"1_2\" _builder_version=\"4.27.0\" _module_preset=\"default\" global_colors_info=\"{}\"][et_pb_image src=\"https:\/\/www.vichycatalan.com\/wp-content\/uploads\/2024\/10\/VICHY-CATALAN-CUPRA-LATA-2.jpg\" alt=\"VICHY CATALAN CUPRA LATA 1\" title_text=\"VICHY CATALAN CUPRA LATA 2\" _builder_version=\"4.27.0\" _module_preset=\"default\" custom_padding=\"0px|||||\" global_colors_info=\"{}\"][\/et_pb_image][\/et_pb_column][\/et_pb_row][\/et_pb_section][et_pb_section fb_built=\"1\" _builder_version=\"4.27.4\" _module_preset=\"default\" background_video_mp4=\"https:\/\/www.vichycatalan.com\/wp-content\/uploads\/2024\/10\/VICHY-CATALAN-CUPRA-VID.mp4\" custom_margin_tablet=\"\" custom_margin_phone=\"|-168px||-196px|false|false\" custom_margin_last_edited=\"on|phone\" custom_padding=\"178px||733px||false|false\" background_last_edited=\"on|phone\" background_video_mp4_phone=\"https:\/\/www.vichycatalan.com\/wp-content\/uploads\/2024\/10\/VICHY-CATALAN-CUPRA-VID-MOBILE.mp4\" background_enable_video_mp4_phone=\"on\" global_colors_info=\"{}\"][\/et_pb_section][et_pb_section fb_built=\"1\" _builder_version=\"4.27.4\" _module_preset=\"default\" background_color=\"#000000\" custom_margin_tablet=\"\" custom_margin_phone=\"-137px||||false|false\" custom_margin_last_edited=\"on|phone\" custom_padding=\"0px||||false|false\" global_colors_info=\"{}\"][et_pb_row column_structure=\"1_2,1_2\" _builder_version=\"4.27.0\" _module_preset=\"default\" custom_padding=\"150px|||||\" global_colors_info=\"{}\"][et_pb_column type=\"1_2\" _builder_version=\"4.27.0\" _module_preset=\"default\" global_colors_info=\"{}\"][et_pb_image src=\"https:\/\/www.vichycatalan.com\/wp-content\/uploads\/2024\/10\/VICHY-CATALAN-CUPRA-BANDERA.jpg\" alt=\"VICHY CATALAN CUPRA BANDERA\" title_text=\"VICHY CATALAN CUPRA BANDERA\" _builder_version=\"4.27.4\" _module_preset=\"default\" custom_padding=\"4px||0px||false|false\" global_colors_info=\"{}\"][\/et_pb_image][\/et_pb_column][et_pb_column type=\"1_2\" _builder_version=\"4.27.0\" _module_preset=\"default\" global_colors_info=\"{}\"][et_pb_text _builder_version=\"4.27.4\" _module_preset=\"default\" header_font=\"Helvetica Neue bold||||||||\" header_3_font=\"Helvetica Neue bold||||||||\" header_3_text_color=\"#FFFFFF\" header_3_font_size=\"30px\" custom_margin=\"||29px|||\" global_colors_info=\"{}\"]<h3><strong>ESP\u00cdRITU Y ESTILO \u00daNICO<\/strong><\/h3>[\/et_pb_text][et_pb_text _builder_version=\"4.27.4\" _module_preset=\"default\" text_font=\"Helvetica Neue standar||||||||\" text_text_color=\"#FFFFFF\" text_font_size=\"18px\" global_colors_info=\"{}\"]El dise\u00f1o de Vichy Catalan, inspirado en las obras de Gaud\u00ed, y <strong>la adexxx<\/strong> CUPRA, una marca que desaf\u00eda lo convencional, se fusionan para crear una bebida que representa el sabor y la emoci\u00f3n de CUPRA: \u00fanica, intensa y llena de car\u00e1cter. [\/et_pb_text][et_pb_image src=\"https:\/\/www.vichycatalan.com\/wp-content\/uploads\/2024\/10\/VICHY-CATALAN-CUPRA-LATA-LATERAL.jpg\" alt=\"VICHY CATALAN CUPRA LATA LATERAL\" title_text=\"VICHY CATALAN CUPRA LATA LATERAL\" _builder_version=\"4.27.0\" _module_preset=\"default\" custom_margin=\"-10px|||||\" custom_padding=\"0px|||||\" global_colors_info=\"{}\"][\/et_pb_image][\/et_pb_column][\/et_pb_row][\/et_pb_section][et_pb_section fb_built=\"1\" _builder_version=\"4.27.0\" _module_preset=\"default\" background_color=\"#000000\" custom_padding=\"34px||101px|||\" global_colors_info=\"{}\"][et_pb_row _builder_version=\"4.27.0\" _module_preset=\"default\" custom_margin=\"|auto|37px|auto||\" custom_padding=\"||52px|||\" global_colors_info=\"{}\"][et_pb_column type=\"4_4\" _builder_version=\"4.27.0\" _module_preset=\"default\" global_colors_info=\"{}\"][et_pb_text _builder_version=\"4.27.4\" _module_preset=\"default\" text_font=\"Helvetica Neue bold||||||||\" text_text_color=\"#FFFFFF\" text_font_size=\"36px\" custom_margin=\"||43px|||\" custom_margin_tablet=\"||43px|||\" custom_margin_phone=\"||43px|||\" custom_margin_last_edited=\"on|phone\" custom_padding_tablet=\"\" custom_padding_phone=\"\" custom_padding_last_edited=\"on|phone\" text_font_size_tablet=\"36px\" text_font_size_phone=\"32px\" text_font_size_last_edited=\"on|phone\" global_colors_info=\"{}\"]<p style=\"text-align: center;\"><a style=\"color: white; text-decoration: none;\" href=\"https:\/\/latiendavichy.com\/es\/0-azucar\/vichy-catalan-sabores\/cupra\/\" target=\"_blank\" rel=\"noopener\"> <strong>\u00a1\u00daNETE AL VIAJE!<\/strong> <\/a><\/p>[\/et_pb_text][\/et_pb_column][\/et_pb_row][\/et_pb_section]","_et_gb_content_width":"","footnotes":""},"class_list":["post-27888","page","type-page","status-publish","hentry"],"acf":{"pagina_de_marca":"no"},"yoast_head":"<!-- This site is optimized with the Yoast SEO plugin v27.5 - https:\/\/yoast.com\/product\/yoast-seo-wordpress\/ -->\n<title>CUPRA X VICHY CATALAN - Vichy Catalan Corporation<\/title>\n<meta name=\"robots\" content=\"index, follow, max-snippet:-1, max-image-preview:large, max-video-preview:-1\" \/>\n<link rel=\"canonical\" href=\"https:\/\/www.vichycatalan.com\/en\/cupra-x-vichy-catalan\/\" \/>\n<meta property=\"og:locale\" content=\"en_US\" \/>\n<meta property=\"og:type\" content=\"article\" \/>\n<meta property=\"og:title\" content=\"CUPRA X VICHY CATALAN - Vichy Catalan Corporation\" \/>\n<meta property=\"og:description\" content=\"VICHY CATALAN and CUPRA join forces to bring the sense of taste to the CUPRA user experience. After standing out in the visual, tactile, auditory, and olfactory dimensions, these two iconic brands now present a beverage that embodies the dynamism of CUPRA and the quality of VICHY CATALAN \u2014 both deeply rooted in Barcelona.GINGER LIME [&hellip;]\" \/>\n<meta property=\"og:url\" content=\"https:\/\/www.vichycatalan.com\/en\/cupra-x-vichy-catalan\/\" \/>\n<meta property=\"og:site_name\" content=\"Vichy Catalan Corporation\" \/>\n<meta property=\"article:modified_time\" content=\"2025-10-28T08:21:52+00:00\" \/>\n<meta name=\"twitter:card\" content=\"summary_large_image\" \/>\n<meta name=\"twitter:label1\" content=\"Est. reading time\" \/>\n\t<meta name=\"twitter:data1\" content=\"2 minutes\" \/>\n<script type=\"application\/ld+json\" class=\"yoast-schema-graph\">{\"@context\":\"https:\\\/\\\/schema.org\",\"@graph\":[{\"@type\":\"WebPage\",\"@id\":\"https:\\\/\\\/www.vichycatalan.com\\\/en\\\/cupra-x-vichy-catalan\\\/\",\"url\":\"https:\\\/\\\/www.vichycatalan.com\\\/en\\\/cupra-x-vichy-catalan\\\/\",\"name\":\"CUPRA X VICHY CATALAN - Vichy Catalan Corporation\",\"isPartOf\":{\"@id\":\"https:\\\/\\\/www.vichycatalan.com\\\/en\\\/#website\"},\"datePublished\":\"2025-10-27T09:52:32+00:00\",\"dateModified\":\"2025-10-28T08:21:52+00:00\",\"breadcrumb\":{\"@id\":\"https:\\\/\\\/www.vichycatalan.com\\\/en\\\/cupra-x-vichy-catalan\\\/#breadcrumb\"},\"inLanguage\":\"en-US\",\"potentialAction\":[{\"@type\":\"ReadAction\",\"target\":[\"https:\\\/\\\/www.vichycatalan.com\\\/en\\\/cupra-x-vichy-catalan\\\/\"]}]},{\"@type\":\"BreadcrumbList\",\"@id\":\"https:\\\/\\\/www.vichycatalan.com\\\/en\\\/cupra-x-vichy-catalan\\\/#breadcrumb\",\"itemListElement\":[{\"@type\":\"ListItem\",\"position\":1,\"name\":\"Portada\",\"item\":\"https:\\\/\\\/www.vichycatalan.com\\\/en\\\/\"},{\"@type\":\"ListItem\",\"position\":2,\"name\":\"CUPRA X VICHY CATALAN\"}]},{\"@type\":\"WebSite\",\"@id\":\"https:\\\/\\\/www.vichycatalan.com\\\/en\\\/#website\",\"url\":\"https:\\\/\\\/www.vichycatalan.com\\\/en\\\/\",\"name\":\"Vichy Catalan Corporation\",\"description\":\"Web de Vichy Catalan Corporation\",\"potentialAction\":[{\"@type\":\"SearchAction\",\"target\":{\"@type\":\"EntryPoint\",\"urlTemplate\":\"https:\\\/\\\/www.vichycatalan.com\\\/en\\\/?s={search_term_string}\"},\"query-input\":{\"@type\":\"PropertyValueSpecification\",\"valueRequired\":true,\"valueName\":\"search_term_string\"}}],\"inLanguage\":\"en-US\"}]}<\/script>\n<!-- \/ Yoast SEO plugin. -->","yoast_head_json":{"title":"CUPRA X VICHY CATALAN - Vichy Catalan Corporation","robots":{"index":"index","follow":"follow","max-snippet":"max-snippet:-1","max-image-preview":"max-image-preview:large","max-video-preview":"max-video-preview:-1"},"canonical":"https:\/\/www.vichycatalan.com\/en\/cupra-x-vichy-catalan\/","og_locale":"en_US","og_type":"article","og_title":"CUPRA X VICHY CATALAN - Vichy Catalan Corporation","og_description":"VICHY CATALAN and CUPRA join forces to bring the sense of taste to the CUPRA user experience. After standing out in the visual, tactile, auditory, and olfactory dimensions, these two iconic brands now present a beverage that embodies the dynamism of CUPRA and the quality of VICHY CATALAN \u2014 both deeply rooted in Barcelona.GINGER LIME [&hellip;]","og_url":"https:\/\/www.vichycatalan.com\/en\/cupra-x-vichy-catalan\/","og_site_name":"Vichy Catalan Corporation","article_modified_time":"2025-10-28T08:21:52+00:00","twitter_card":"summary_large_image","twitter_misc":{"Est. reading time":"2 minutes"},"schema":{"@context":"https:\/\/schema.org","@graph":[{"@type":"WebPage","@id":"https:\/\/www.vichycatalan.com\/en\/cupra-x-vichy-catalan\/","url":"https:\/\/www.vichycatalan.com\/en\/cupra-x-vichy-catalan\/","name":"CUPRA X VICHY CATALAN - Vichy Catalan Corporation","isPartOf":{"@id":"https:\/\/www.vichycatalan.com\/en\/#website"},"datePublished":"2025-10-27T09:52:32+00:00","dateModified":"2025-10-28T08:21:52+00:00","breadcrumb":{"@id":"https:\/\/www.vichycatalan.com\/en\/cupra-x-vichy-catalan\/#breadcrumb"},"inLanguage":"en-US","potentialAction":[{"@type":"ReadAction","target":["https:\/\/www.vichycatalan.com\/en\/cupra-x-vichy-catalan\/"]}]},{"@type":"BreadcrumbList","@id":"https:\/\/www.vichycatalan.com\/en\/cupra-x-vichy-catalan\/#breadcrumb","itemListElement":[{"@type":"ListItem","position":1,"name":"Portada","item":"https:\/\/www.vichycatalan.com\/en\/"},{"@type":"ListItem","position":2,"name":"CUPRA X VICHY CATALAN"}]},{"@type":"WebSite","@id":"https:\/\/www.vichycatalan.com\/en\/#website","url":"https:\/\/www.vichycatalan.com\/en\/","name":"Vichy Catalan Corporation","description":"Web de Vichy Catalan Corporation","potentialAction":[{"@type":"SearchAction","target":{"@type":"EntryPoint","urlTemplate":"https:\/\/www.vichycatalan.com\/en\/?s={search_term_string}"},"query-input":{"@type":"PropertyValueSpecification","valueRequired":true,"valueName":"search_term_string"}}],"inLanguage":"en-US"}]}},"_links":{"self":[{"href":"https:\/\/www.vichycatalan.com\/en\/wp-json\/wp\/v2\/pages\/27888","targetHints":{"allow":["GET"]}}],"collection":[{"href":"https:\/\/www.vichycatalan.com\/en\/wp-json\/wp\/v2\/pages"}],"about":[{"href":"https:\/\/www.vichycatalan.com\/en\/wp-json\/wp\/v2\/types\/page"}],"author":[{"embeddable":true,"href":"https:\/\/www.vichycatalan.com\/en\/wp-json\/wp\/v2\/users\/3"}],"replies":[{"embeddable":true,"href":"https:\/\/www.vichycatalan.com\/en\/wp-json\/wp\/v2\/comments?post=27888"}],"version-history":[{"count":0,"href":"https:\/\/www.vichycatalan.com\/en\/wp-json\/wp\/v2\/pages\/27888\/revisions"}],"wp:attachment":[{"href":"https:\/\/www.vichycatalan.com\/en\/wp-json\/wp\/v2\/media?parent=27888"}],"curies":[{"name":"wp","href":"https:\/\/api.w.org\/{rel}","templated":true}]}}