{"id":9425,"date":"2019-01-15T09:54:54","date_gmt":"2019-01-15T08:54:54","guid":{"rendered":"https:\/\/www.vichycatalan.com\/euroacqua\/"},"modified":"2019-04-17T16:39:26","modified_gmt":"2019-04-17T14:39:26","slug":"euroacqua","status":"publish","type":"page","link":"https:\/\/www.vichycatalan.com\/ca\/les-nostres-marques\/euroacqua\/","title":{"rendered":"Euroacqua"},"content":{"rendered":"<p>[et_pb_section bb_built=&#8221;1&#8243; fullwidth=&#8221;on&#8221; _builder_version=&#8221;3.17.6&#8243; custom_padding=&#8221;||||false|false&#8221; bottom_divider_color=&#8221;#ffffff&#8221; bottom_divider_height=&#8221;50px&#8221; next_background_color=&#8221;#000000&#8243;][et_pb_fullwidth_header title=&#8221;Euroacqua&#8221; background_overlay_color=&#8221;rgba(44,42,41,0.15)&#8221; content_max_width=&#8221;60%&#8221; content_max_width_tablet=&#8221;100%&#8221; content_max_width_last_edited=&#8221;on|phone&#8221; _builder_version=&#8221;3.19.4&#8243; title_font=&#8221;Helvetica Neue standar|700|||||||&#8221; title_font_size=&#8221;56px&#8221; title_text_shadow_style=&#8221;preset1&#8243; content_text_align=&#8221;left&#8221; content_font_size=&#8221;23px&#8221; content_line_height=&#8221;1.1em&#8221; content_text_shadow_style=&#8221;preset1&#8243; background_image=&#8221;https:\/\/www.vichycatalan.com\/wp-content\/uploads\/2019\/01\/header-marca-euroacquai.jpg&#8221; custom_margin=&#8221;0px|0px|0px|0px&#8221; custom_padding=&#8221;100px|0px|200px|0px&#8221; custom_padding_tablet=&#8221;50px|0px|150px|0px&#8221; custom_padding_phone=&#8221;0px||100px&#8221; custom_padding_last_edited=&#8221;on|phone&#8221; text_shadow_style=&#8221;preset1&#8243; divienhancer_set=&#8221;none&#8221; divienhancer_hover_effect=&#8221;none&#8221; divienhancer_sticky_module=&#8221;none&#8221; divienhancer_modal_overlay=&#8221;#333333&#8243; divienhancer_module_menu_button_background=&#8221;#333333&#8243; divienhancer_module_menu_button_color=&#8221;#ffffff&#8221;]<\/p>\n<p>D&#8217;Europa i per a Europa.<\/p>\n<p>[\/et_pb_fullwidth_header][\/et_pb_section][et_pb_section bb_built=&#8221;1&#8243; _builder_version=&#8221;3.17.6&#8243; background_video_width=&#8221;1280&#8243; background_video_height=&#8221;720&#8243; custom_margin=&#8221;||&#8221; custom_padding=&#8221;0|0px|16px|0px|false|false&#8221; top_divider_color=&#8221;#ffffff&#8221; top_divider_height=&#8221;50px&#8221; bottom_divider_color=&#8221;#c1c1c1&#8243; bottom_divider_height=&#8221;136px&#8221; prev_background_color=&#8221;#000000&#8243; next_background_color=&#8221;#000000&#8243;][et_pb_row _builder_version=&#8221;3.0.48&#8243; background_size=&#8221;initial&#8221; background_position=&#8221;top_left&#8221; background_repeat=&#8221;repeat&#8221;][et_pb_column type=&#8221;1_3&#8243;][et_pb_image src=&#8221;https:\/\/www.vichycatalan.com\/wp-content\/uploads\/2019\/01\/euroacqua-main-img-1.jpg&#8221; _builder_version=&#8221;3.19.4&#8243; animation_style=&#8221;slide&#8221; animation_direction=&#8221;bottom&#8221; animation_duration=&#8221;1500ms&#8221; animation_intensity_slide=&#8221;10%&#8221; divienhancer_set=&#8221;none&#8221; divienhancer_hover_effect=&#8221;none&#8221; divienhancer_sticky_module=&#8221;none&#8221; divienhancer_modal_overlay=&#8221;#333333&#8243; divienhancer_module_menu_button_background=&#8221;#333333&#8243; divienhancer_module_menu_button_color=&#8221;#ffffff&#8221; \/][\/et_pb_column][et_pb_column type=&#8221;2_3&#8243;][et_pb_image src=&#8221;https:\/\/www.vichycatalan.com\/wp-content\/uploads\/2019\/01\/euroacqua-logohead.jpg&#8221; always_center_on_mobile=&#8221;off&#8221; _builder_version=&#8221;3.19.4&#8243; background_color=&#8221;#ffffff&#8221; custom_padding=&#8221;|||&#8221; animation_style=&#8221;slide&#8221; animation_direction=&#8221;left&#8221; animation_duration=&#8221;1500ms&#8221; animation_intensity_slide=&#8221;10%&#8221; divienhancer_set=&#8221;none&#8221; divienhancer_hover_effect=&#8221;none&#8221; divienhancer_sticky_module=&#8221;none&#8221; divienhancer_modal_overlay=&#8221;#333333&#8243; divienhancer_module_menu_button_background=&#8221;#333333&#8243; divienhancer_module_menu_button_color=&#8221;#ffffff&#8221; \/][et_pb_divider divider_style=&#8221;double&#8221; divider_position=&#8221;center&#8221; divider_weight=&#8221;10px&#8221; height=&#8221;13px&#8221; _builder_version=&#8221;3.17.6&#8243; custom_margin=&#8221;-130px||&#8221; custom_padding=&#8221;||104px|160px&#8221; \/][et_pb_text _builder_version=&#8221;3.19.4&#8243; custom_margin=&#8221;||&#8221; animation_style=&#8221;fade&#8221; animation_direction=&#8221;right&#8221; animation_delay=&#8221;100ms&#8221; divienhancer_set=&#8221;none&#8221; divienhancer_hover_effect=&#8221;none&#8221; divienhancer_sticky_module=&#8221;none&#8221; divienhancer_modal_overlay=&#8221;#333333&#8243; divienhancer_module_menu_button_background=&#8221;#333333&#8243; divienhancer_module_menu_button_color=&#8221;#ffffff&#8221;]<\/p>\n<p><span class='et-dropcap'>E<\/span>uroacqua, d&#8217;Europa i per a Europa. Prov\u00e9 d&#8217;un dels paratges m\u00e9s purs i impressionants de la natura. Brolla de les entranyes de les muntanyes del Parc Natural del Montseny-Guilleries, un lloc m\u00e0gic on emanen la serenitat de l&#8217;entorn i la for\u00e7a de la terra en vital evoluci\u00f3. En aquest estat neix l&#8217;aigua de deu Euroacqua, de refinat gust i composici\u00f3 constant, fresca i natural.<\/p>\n<p>Des del cor de la terra arriba fins a la taula en env\u00e0s PET transparent i n\u00edtid, amb totes les seves qualitats intactes, i en una garrafa de 8\u00a0litres perqu\u00e8 sigui m\u00e9s pr\u00e0ctic. La millor aigua Euroacqua, des del Montseny per a tot Europa.<\/p>\n<p>[\/et_pb_text][\/et_pb_column][\/et_pb_row][et_pb_row custom_padding=&#8221;||0px|&#8221; _builder_version=&#8221;3.17.6&#8243;][et_pb_column type=&#8221;4_4&#8243;][et_pb_divider divider_style=&#8221;double&#8221; divider_position=&#8221;center&#8221; divider_weight=&#8221;7px&#8221; _builder_version=&#8221;3.17.6&#8243; divienhancer_set=&#8221;none&#8221; divienhancer_hover_effect=&#8221;none&#8221; divienhancer_sticky_module=&#8221;none&#8221;]<\/p>\n<p>[\/et_pb_divider][\/et_pb_column][\/et_pb_row][\/et_pb_section][et_pb_section bb_built=&#8221;1&#8243; _builder_version=&#8221;3.17.6&#8243; custom_padding=&#8221;0px||0||false|false&#8221; prev_background_color=&#8221;#000000&#8243; next_background_color=&#8221;#000000&#8243;][et_pb_row _builder_version=&#8221;3.0.48&#8243; background_size=&#8221;initial&#8221; background_position=&#8221;top_left&#8221; background_repeat=&#8221;repeat&#8221;][et_pb_column type=&#8221;4_4&#8243;][et_pb_text admin_label=&#8221;Nuestras marcas&#8221; _builder_version=&#8221;3.19.16&#8243; header_2_font=&#8221;Helvetica Neue standar||||||||&#8221; header_2_font_size=&#8221;39px&#8221; background_color=&#8221;#ffffff&#8221; max_width=&#8221;50%&#8221; module_alignment=&#8221;center&#8221; custom_margin=&#8221;-85px|||&#8221; divienhancer_set=&#8221;none&#8221; divienhancer_hover_effect=&#8221;none&#8221; divienhancer_sticky_module=&#8221;none&#8221; inline_fonts=&#8221;Helvetica Neue bold&#8221; divienhancer_modal_overlay=&#8221;#333333&#8243; divienhancer_module_menu_button_background=&#8221;#333333&#8243; divienhancer_module_menu_button_color=&#8221;#ffffff&#8221; header_2_font_size_tablet=&#8221;30px&#8221; header_2_font_size_phone=&#8221;22px&#8221; header_2_font_size_last_edited=&#8221;on|phone&#8221; divienhancer_interactive_bg_transform=&#8221;none&#8221;]<\/p>\n<h2 style=\"text-align: center\">PRODUCTES <span style=\"font-family: 'Helvetica Neue bold'\">EUROACQUA<\/span><\/h2>\n<p>[\/et_pb_text][\/et_pb_column][\/et_pb_row][et_pb_row use_custom_gutter=&#8221;on&#8221; gutter_width=&#8221;4&#8243; module_class=&#8221;productos-marcas&#8221; _builder_version=&#8221;3.19.4&#8243;][et_pb_column type=&#8221;1_4&#8243;][et_pb_image src=&#8221;https:\/\/www.vichycatalan.com\/wp-content\/uploads\/2019\/01\/euroacqua-8-l.jpg&#8221; show_in_lightbox=&#8221;on&#8221; use_overlay=&#8221;on&#8221; overlay_icon_color=&#8221;#ffffff&#8221; hover_overlay_color=&#8221;rgba(252,210,153,0.66)&#8221; hover_icon=&#8221;%%52%%&#8221; show_bottom_space=&#8221;off&#8221; align=&#8221;center&#8221; _builder_version=&#8221;3.19.4&#8243; divienhancer_set=&#8221;none&#8221; divienhancer_hover_effect=&#8221;none&#8221; divienhancer_sticky_module=&#8221;none&#8221; divienhancer_modal_overlay=&#8221;#333333&#8243; divienhancer_module_menu_button_background=&#8221;#333333&#8243; divienhancer_module_menu_button_color=&#8221;#ffffff&#8221; \/][et_pb_text _builder_version=&#8221;3.19.4&#8243; custom_margin=&#8221;15px|||&#8221; link_option_url_new_window=&#8221;on&#8221; divienhancer_set=&#8221;none&#8221; divienhancer_hover_effect=&#8221;none&#8221; divienhancer_sticky_module=&#8221;none&#8221; divienhancer_modal_overlay=&#8221;#333333&#8243; divienhancer_module_menu_button_background=&#8221;#333333&#8243; divienhancer_module_menu_button_color=&#8221;#ffffff&#8221;]<\/p>\n<p style=\"text-align: center\">Euroacqua 8\u00a0L<\/p>\n<p>[\/et_pb_text][\/et_pb_column][et_pb_column type=&#8221;1_4&#8243;][\/et_pb_column][et_pb_column type=&#8221;1_4&#8243;][\/et_pb_column][et_pb_column type=&#8221;1_4&#8243;][\/et_pb_column][\/et_pb_row][\/et_pb_section][et_pb_section bb_built=&#8221;1&#8243; admin_label=&#8221;fondo colores&#8221; fullwidth=&#8221;on&#8221; module_class=&#8221;stop&#8221; _builder_version=&#8221;3.17.6&#8243; background_image=&#8221;https:\/\/www.vichycatalan.com\/wp-content\/uploads\/2018\/10\/trencadis-corporate.png&#8221; background_position=&#8221;top_center&#8221; background_repeat=&#8221;repeat-x&#8221; custom_padding=&#8221;190px||||false|false&#8221; prev_background_color=&#8221;#ffffff&#8221; global_module=&#8221;634&#8243;][\/et_pb_section]<\/p>\n","protected":false},"excerpt":{"rendered":"<p>D&#8217;Europa i per a Europa. <span class='et-dropcap'>E<\/span>uroacqua, d&#8217;Europa i per a Europa. Prov\u00e9 d&#8217;un dels paratges m\u00e9s purs i impressionants de la natura. Brolla de les entranyes de les muntanyes del Parc Natural del Montseny-Guilleries, un lloc m\u00e0gic on emanen la serenitat de l&#8217;entorn i la for\u00e7a de la terra en vital evoluci\u00f3. En aquest estat [&hellip;]<\/p>\n","protected":false},"author":1,"featured_media":0,"parent":9658,"menu_order":0,"comment_status":"closed","ping_status":"closed","template":"","meta":{"_acf_changed":false,"_et_pb_use_builder":"on","_et_pb_old_content":"","_et_gb_content_width":"","footnotes":""},"class_list":["post-9425","page","type-page","status-publish","hentry"],"acf":{"pagina_de_marca":null,"campos_de_marca":null},"yoast_head":"<!-- This site is optimized with the Yoast SEO plugin v27.5 - https:\/\/yoast.com\/product\/yoast-seo-wordpress\/ -->\n<title>Euroacqua - Vichy Catalan Corporation<\/title>\n<meta name=\"description\" content=\"Euroacqua brolla de les entranyes de les muntanyes del Parc Natural del Montseny-Guilleries, un lloc m\u00e0gic on emana la serenitat de l&#039;entorn.\" \/>\n<meta name=\"robots\" content=\"index, follow, max-snippet:-1, max-image-preview:large, max-video-preview:-1\" \/>\n<link rel=\"canonical\" href=\"https:\/\/www.vichycatalan.com\/ca\/les-nostres-marques\/euroacqua\/\" \/>\n<meta property=\"og:locale\" content=\"ca_ES\" \/>\n<meta property=\"og:type\" content=\"article\" \/>\n<meta property=\"og:title\" content=\"Euroacqua - Vichy Catalan Corporation\" \/>\n<meta property=\"og:description\" content=\"Euroacqua brolla de les entranyes de les muntanyes del Parc Natural del Montseny-Guilleries, un lloc m\u00e0gic on emana la serenitat de l&#039;entorn.\" \/>\n<meta property=\"og:url\" content=\"https:\/\/www.vichycatalan.com\/ca\/les-nostres-marques\/euroacqua\/\" \/>\n<meta property=\"og:site_name\" content=\"Vichy Catalan Corporation\" \/>\n<meta property=\"article:modified_time\" content=\"2019-04-17T14:39:26+00:00\" \/>\n<meta name=\"twitter:card\" content=\"summary_large_image\" \/>\n<meta name=\"twitter:label1\" content=\"Temps estimat de lectura\" \/>\n\t<meta name=\"twitter:data1\" content=\"5 minuts\" \/>\n<script type=\"application\/ld+json\" class=\"yoast-schema-graph\">{\"@context\":\"https:\\\/\\\/schema.org\",\"@graph\":[{\"@type\":\"WebPage\",\"@id\":\"https:\\\/\\\/www.vichycatalan.com\\\/ca\\\/les-nostres-marques\\\/euroacqua\\\/\",\"url\":\"https:\\\/\\\/www.vichycatalan.com\\\/ca\\\/les-nostres-marques\\\/euroacqua\\\/\",\"name\":\"Euroacqua - Vichy Catalan Corporation\",\"isPartOf\":{\"@id\":\"https:\\\/\\\/www.vichycatalan.com\\\/ca\\\/#website\"},\"datePublished\":\"2019-01-15T08:54:54+00:00\",\"dateModified\":\"2019-04-17T14:39:26+00:00\",\"description\":\"Euroacqua brolla de les entranyes de les muntanyes del Parc Natural del Montseny-Guilleries, un lloc m\u00e0gic on emana la serenitat de l'entorn.\",\"breadcrumb\":{\"@id\":\"https:\\\/\\\/www.vichycatalan.com\\\/ca\\\/les-nostres-marques\\\/euroacqua\\\/#breadcrumb\"},\"inLanguage\":\"ca\",\"potentialAction\":[{\"@type\":\"ReadAction\",\"target\":[\"https:\\\/\\\/www.vichycatalan.com\\\/ca\\\/les-nostres-marques\\\/euroacqua\\\/\"]}]},{\"@type\":\"BreadcrumbList\",\"@id\":\"https:\\\/\\\/www.vichycatalan.com\\\/ca\\\/les-nostres-marques\\\/euroacqua\\\/#breadcrumb\",\"itemListElement\":[{\"@type\":\"ListItem\",\"position\":1,\"name\":\"Portada\",\"item\":\"https:\\\/\\\/www.vichycatalan.com\\\/ca\\\/\"},{\"@type\":\"ListItem\",\"position\":2,\"name\":\"Les nostres marques\",\"item\":\"https:\\\/\\\/www.vichycatalan.com\\\/ca\\\/les-nostres-marques\\\/\"},{\"@type\":\"ListItem\",\"position\":3,\"name\":\"Euroacqua\"}]},{\"@type\":\"WebSite\",\"@id\":\"https:\\\/\\\/www.vichycatalan.com\\\/ca\\\/#website\",\"url\":\"https:\\\/\\\/www.vichycatalan.com\\\/ca\\\/\",\"name\":\"Vichy Catalan Corporation\",\"description\":\"Web de Vichy Catalan Corporation\",\"potentialAction\":[{\"@type\":\"SearchAction\",\"target\":{\"@type\":\"EntryPoint\",\"urlTemplate\":\"https:\\\/\\\/www.vichycatalan.com\\\/ca\\\/?s={search_term_string}\"},\"query-input\":{\"@type\":\"PropertyValueSpecification\",\"valueRequired\":true,\"valueName\":\"search_term_string\"}}],\"inLanguage\":\"ca\"}]}<\/script>\n<!-- \/ Yoast SEO plugin. -->","yoast_head_json":{"title":"Euroacqua - Vichy Catalan Corporation","description":"Euroacqua brolla de les entranyes de les muntanyes del Parc Natural del Montseny-Guilleries, un lloc m\u00e0gic on emana la serenitat de l'entorn.","robots":{"index":"index","follow":"follow","max-snippet":"max-snippet:-1","max-image-preview":"max-image-preview:large","max-video-preview":"max-video-preview:-1"},"canonical":"https:\/\/www.vichycatalan.com\/ca\/les-nostres-marques\/euroacqua\/","og_locale":"ca_ES","og_type":"article","og_title":"Euroacqua - Vichy Catalan Corporation","og_description":"Euroacqua brolla de les entranyes de les muntanyes del Parc Natural del Montseny-Guilleries, un lloc m\u00e0gic on emana la serenitat de l'entorn.","og_url":"https:\/\/www.vichycatalan.com\/ca\/les-nostres-marques\/euroacqua\/","og_site_name":"Vichy Catalan Corporation","article_modified_time":"2019-04-17T14:39:26+00:00","twitter_card":"summary_large_image","twitter_misc":{"Temps estimat de lectura":"5 minuts"},"schema":{"@context":"https:\/\/schema.org","@graph":[{"@type":"WebPage","@id":"https:\/\/www.vichycatalan.com\/ca\/les-nostres-marques\/euroacqua\/","url":"https:\/\/www.vichycatalan.com\/ca\/les-nostres-marques\/euroacqua\/","name":"Euroacqua - Vichy Catalan Corporation","isPartOf":{"@id":"https:\/\/www.vichycatalan.com\/ca\/#website"},"datePublished":"2019-01-15T08:54:54+00:00","dateModified":"2019-04-17T14:39:26+00:00","description":"Euroacqua brolla de les entranyes de les muntanyes del Parc Natural del Montseny-Guilleries, un lloc m\u00e0gic on emana la serenitat de l'entorn.","breadcrumb":{"@id":"https:\/\/www.vichycatalan.com\/ca\/les-nostres-marques\/euroacqua\/#breadcrumb"},"inLanguage":"ca","potentialAction":[{"@type":"ReadAction","target":["https:\/\/www.vichycatalan.com\/ca\/les-nostres-marques\/euroacqua\/"]}]},{"@type":"BreadcrumbList","@id":"https:\/\/www.vichycatalan.com\/ca\/les-nostres-marques\/euroacqua\/#breadcrumb","itemListElement":[{"@type":"ListItem","position":1,"name":"Portada","item":"https:\/\/www.vichycatalan.com\/ca\/"},{"@type":"ListItem","position":2,"name":"Les nostres marques","item":"https:\/\/www.vichycatalan.com\/ca\/les-nostres-marques\/"},{"@type":"ListItem","position":3,"name":"Euroacqua"}]},{"@type":"WebSite","@id":"https:\/\/www.vichycatalan.com\/ca\/#website","url":"https:\/\/www.vichycatalan.com\/ca\/","name":"Vichy Catalan Corporation","description":"Web de Vichy Catalan Corporation","potentialAction":[{"@type":"SearchAction","target":{"@type":"EntryPoint","urlTemplate":"https:\/\/www.vichycatalan.com\/ca\/?s={search_term_string}"},"query-input":{"@type":"PropertyValueSpecification","valueRequired":true,"valueName":"search_term_string"}}],"inLanguage":"ca"}]}},"_links":{"self":[{"href":"https:\/\/www.vichycatalan.com\/ca\/wp-json\/wp\/v2\/pages\/9425","targetHints":{"allow":["GET"]}}],"collection":[{"href":"https:\/\/www.vichycatalan.com\/ca\/wp-json\/wp\/v2\/pages"}],"about":[{"href":"https:\/\/www.vichycatalan.com\/ca\/wp-json\/wp\/v2\/types\/page"}],"author":[{"embeddable":true,"href":"https:\/\/www.vichycatalan.com\/ca\/wp-json\/wp\/v2\/users\/1"}],"replies":[{"embeddable":true,"href":"https:\/\/www.vichycatalan.com\/ca\/wp-json\/wp\/v2\/comments?post=9425"}],"version-history":[{"count":0,"href":"https:\/\/www.vichycatalan.com\/ca\/wp-json\/wp\/v2\/pages\/9425\/revisions"}],"up":[{"embeddable":true,"href":"https:\/\/www.vichycatalan.com\/ca\/wp-json\/wp\/v2\/pages\/9658"}],"wp:attachment":[{"href":"https:\/\/www.vichycatalan.com\/ca\/wp-json\/wp\/v2\/media?parent=9425"}],"curies":[{"name":"wp","href":"https:\/\/api.w.org\/{rel}","templated":true}]}}