{"id":9392,"date":"2019-01-11T08:57:47","date_gmt":"2019-01-11T07:57:47","guid":{"rendered":"https:\/\/www.vichycatalan.com\/lambda\/historia\/"},"modified":"2019-05-22T09:05:54","modified_gmt":"2019-05-22T07:05:54","slug":"historia","status":"publish","type":"page","link":"https:\/\/www.vichycatalan.com\/ca\/les-nostres-marques\/lambda\/historia\/","title":{"rendered":"Hist\u00f2ria"},"content":{"rendered":"<p>[et_pb_section fb_built=&#8221;1&#8243; fullwidth=&#8221;on&#8221; _builder_version=&#8221;3.22.3&#8243; custom_padding=&#8221;||||false|false&#8221; bottom_divider_color=&#8221;#ffffff&#8221; bottom_divider_height=&#8221;50px&#8221;][et_pb_fullwidth_header title=&#8221;Hist\u00f2ria Lambda&#8221; background_overlay_color=&#8221;rgba(44,42,41,0)&#8221; content_max_width=&#8221;60%&#8221; content_max_width_tablet=&#8221;100%&#8221; content_max_width_last_edited=&#8221;on|phone&#8221; _builder_version=&#8221;3.19.4&#8243; title_font=&#8221;Helvetica Neue standar|700|||||||&#8221; title_font_size=&#8221;56px&#8221; title_text_shadow_style=&#8221;preset1&#8243; content_text_align=&#8221;left&#8221; content_font_size=&#8221;23px&#8221; content_line_height=&#8221;1.1em&#8221; content_text_shadow_style=&#8221;preset1&#8243; background_image=&#8221;https:\/\/www.vichycatalan.com\/wp-content\/uploads\/2019\/01\/header-historia-lambda.jpg&#8221; custom_margin=&#8221;0px|0px|0px|0px&#8221; custom_padding=&#8221;100px|0px|200px|0px&#8221; custom_padding_tablet=&#8221;50px|0px|150px|0px&#8221; custom_padding_phone=&#8221;0px||100px&#8221; custom_padding_last_edited=&#8221;on|phone&#8221; text_shadow_style=&#8221;preset1&#8243; divienhancer_set=&#8221;none&#8221;]Referent des del seu inici en el sector dels sucs i n\u00e8ctars.<br \/>\n[\/et_pb_fullwidth_header][\/et_pb_section][et_pb_section fb_built=&#8221;1&#8243; _builder_version=&#8221;3.22.3&#8243; background_video_width=&#8221;1280&#8243; background_video_height=&#8221;720&#8243; custom_margin=&#8221;||&#8221; custom_padding=&#8221;0|0px|16px|0px|false|false&#8221; top_divider_color=&#8221;#ffffff&#8221; top_divider_height=&#8221;50px&#8221; bottom_divider_color=&#8221;#c1c1c1&#8243; bottom_divider_height=&#8221;136px&#8221;][et_pb_row custom_margin=&#8221;40px|||&#8221; _builder_version=&#8221;3.22.3&#8243; background_size=&#8221;initial&#8221; background_position=&#8221;top_left&#8221; background_repeat=&#8221;repeat&#8221;][et_pb_column type=&#8221;1_2&#8243; _builder_version=&#8221;3.0.47&#8243;][et_pb_image src=&#8221;https:\/\/www.vichycatalan.com\/wp-content\/uploads\/2019\/01\/lambda-historia-main-img.jpg&#8221; _builder_version=&#8221;3.19.4&#8243; box_shadow_style=&#8221;preset2&#8243; box_shadow_horizontal=&#8221;31px&#8221; box_shadow_vertical=&#8221;29px&#8221; box_shadow_blur=&#8221;35px&#8221; box_shadow_spread=&#8221;-22px&#8221; animation_style=&#8221;slide&#8221; animation_direction=&#8221;left&#8221; animation_duration=&#8221;1500ms&#8221; animation_intensity_slide=&#8221;10%&#8221; divienhancer_set=&#8221;none&#8221;][\/et_pb_image][\/et_pb_column][et_pb_column type=&#8221;1_2&#8243; _builder_version=&#8221;3.0.47&#8243;][et_pb_text _builder_version=&#8221;3.19.4&#8243; animation_style=&#8221;fade&#8221; animation_direction=&#8221;right&#8221; animation_delay=&#8221;100ms&#8221; divienhancer_set=&#8221;none&#8221;]<span class=\"et-dropcap\">Z<\/span>umos Lambda va ser fundada el 1985 per empresaris canaris del sector de l&#8217;embotellament i \u00e9s un referent des del seu inici en el sector de la fabricaci\u00f3 i distribuci\u00f3 de sucs i n\u00e8ctars.<\/p>\n<p>Les nostres instal\u00b7lacions s\u00f3n al municipi de Telde, a l&#8217;illa de Gran Can\u00e0ria, a Espanya.<\/p>\n<p>La mat\u00e8ria primera per elaborar els sucs Lambda procedeix de les millors collites d&#8217;arreu del m\u00f3n, les quals estan obligades a passar uns controls exhaustius de qualitat duts a terme pel nostre laboratori.<\/p>\n<p>Totes les nostres produccions segueixen les estrictes lleis espanyoles i de la Comunitat Europea quant a seguretat i higiene, tal com es recomana en el registre sanitari n\u00famero 21.030.20\/ GC vigent per a l&#8217;elaboraci\u00f3, empaquetatge i distribuci\u00f3 dels sucs i n\u00e8ctars de fruita.<\/p>\n<p>Pel nostre origen i experi\u00e8ncia som MESTRES CANARIS EN FRUITA.<br \/>\n[\/et_pb_text][\/et_pb_column][\/et_pb_row][\/et_pb_section][et_pb_section fb_built=&#8221;1&#8243; _builder_version=&#8221;3.22.3&#8243;][et_pb_row custom_padding=&#8221;0||0px||false|false&#8221; _builder_version=&#8221;3.22.3&#8243;][et_pb_column type=&#8221;4_4&#8243; _builder_version=&#8221;3.0.47&#8243;][et_pb_divider divider_style=&#8221;double&#8221; divider_position=&#8221;center&#8221; divider_weight=&#8221;7px&#8221; _builder_version=&#8221;3.17.6&#8243; divienhancer_set=&#8221;none&#8221;][\/et_pb_divider][\/et_pb_column][\/et_pb_row][et_pb_row custom_padding=&#8221;32px|0px|7px|0px|false|false&#8221; _builder_version=&#8221;3.22.3&#8243; background_size=&#8221;initial&#8221; background_position=&#8221;top_left&#8221; background_repeat=&#8221;repeat&#8221;][et_pb_column type=&#8221;4_4&#8243; _builder_version=&#8221;3.0.47&#8243;][et_pb_text admin_label=&#8221;Nuestras marcas&#8221; _builder_version=&#8221;3.19.4&#8243; header_2_font=&#8221;Helvetica Neue standar||||||||&#8221; header_2_font_size=&#8221;39px&#8221; background_color=&#8221;#ffffff&#8221; max_width=&#8221;40%&#8221; module_alignment=&#8221;center&#8221; custom_margin=&#8221;-60px||&#8221; divienhancer_set=&#8221;none&#8221; inline_fonts=&#8221;Helvetica Neue bold&#8221;]<\/p>\n<h2 style=\"text-align: center;\">GAMMA DE <span face=\"Helvetica Neue bold\" style=\"font-family: 'Helvetica Neue bold';\">LAMBDA<\/span><\/h2>\n<p>[\/et_pb_text][\/et_pb_column][\/et_pb_row][et_pb_row custom_padding=&#8221;3px|0px|0px|0px|false|false&#8221; custom_margin=&#8221;||49px&#8221; module_class=&#8221;submarcas&#8221; _builder_version=&#8221;3.22.3&#8243;][et_pb_column type=&#8221;1_3&#8243; _builder_version=&#8221;3.0.47&#8243;][et_pb_image src=&#8221;https:\/\/www.vichycatalan.com\/wp-content\/uploads\/2018\/11\/lambda.jpg&#8221; url=&#8221;https:\/\/www.vichycatalan.com\/ca\/les-nostres-marques\/lambda-seleccion\/&#8221; use_overlay=&#8221;on&#8221; overlay_icon_color=&#8221;#ffffff&#8221; hover_overlay_color=&#8221;rgba(252,210,153,0.66)&#8221; hover_icon=&#8221;%%47%%&#8221; show_bottom_space=&#8221;off&#8221; align=&#8221;center&#8221; _builder_version=&#8221;3.22.7&#8243; divienhancer_set=&#8221;none&#8221;][\/et_pb_image][\/et_pb_column][et_pb_column type=&#8221;1_3&#8243; _builder_version=&#8221;3.0.47&#8243;][et_pb_image src=&#8221;https:\/\/www.vichycatalan.com\/wp-content\/uploads\/2018\/11\/lambda-free.jpg&#8221; url=&#8221;https:\/\/www.vichycatalan.com\/ca\/les-nostres-marques\/lambda-free\/&#8221; use_overlay=&#8221;on&#8221; overlay_icon_color=&#8221;#ffffff&#8221; hover_overlay_color=&#8221;rgba(252,210,153,0.66)&#8221; hover_icon=&#8221;%%47%%&#8221; show_bottom_space=&#8221;off&#8221; align=&#8221;center&#8221; _builder_version=&#8221;3.22.7&#8243; divienhancer_set=&#8221;none&#8221;][\/et_pb_image][\/et_pb_column][et_pb_column type=&#8221;1_3&#8243; _builder_version=&#8221;3.0.47&#8243;][et_pb_image src=&#8221;https:\/\/www.vichycatalan.com\/wp-content\/uploads\/2018\/11\/lambda-bio.jpg&#8221; url=&#8221;https:\/\/www.vichycatalan.com\/ca\/les-nostres-marques\/lambda-bio\/&#8221; use_overlay=&#8221;on&#8221; overlay_icon_color=&#8221;#ffffff&#8221; hover_overlay_color=&#8221;rgba(252,210,153,0.66)&#8221; hover_icon=&#8221;%%47%%&#8221; show_bottom_space=&#8221;off&#8221; align=&#8221;center&#8221; _builder_version=&#8221;3.22.7&#8243; divienhancer_set=&#8221;none&#8221;][\/et_pb_image][\/et_pb_column][\/et_pb_row][\/et_pb_section][et_pb_section fb_built=&#8221;1&#8243; fullwidth=&#8221;on&#8221; admin_label=&#8221;fondo colores&#8221; module_class=&#8221;stop&#8221; _builder_version=&#8221;3.22.3&#8243; background_image=&#8221;https:\/\/www.vichycatalan.com\/wp-content\/uploads\/2018\/10\/trencadis-corporate.png&#8221; background_position=&#8221;top_center&#8221; background_repeat=&#8221;repeat-x&#8221; custom_padding=&#8221;190px||||false|false&#8221;][\/et_pb_section]<\/p>\n","protected":false},"excerpt":{"rendered":"<p>Referent des del seu inici en el sector dels sucs i n\u00e8ctars. Zumos Lambda va ser fundada el 1985 per empresaris canaris del sector de l&#8217;embotellament i \u00e9s un referent des del seu inici en el sector de la fabricaci\u00f3 i distribuci\u00f3 de sucs i n\u00e8ctars. Les nostres instal\u00b7lacions s\u00f3n al municipi de Telde, a [&hellip;]<\/p>\n","protected":false},"author":1,"featured_media":0,"parent":9362,"menu_order":0,"comment_status":"closed","ping_status":"closed","template":"","meta":{"_acf_changed":false,"_et_pb_use_builder":"on","_et_pb_old_content":"","_et_gb_content_width":"","footnotes":""},"class_list":["post-9392","page","type-page","status-publish","hentry"],"acf":{"pagina_de_marca":null,"campos_de_marca":null},"yoast_head":"<!-- This site is optimized with the Yoast SEO plugin v27.2 - https:\/\/yoast.com\/product\/yoast-seo-wordpress\/ -->\n<title>Hist\u00f2ria - Vichy Catalan Corporation<\/title>\n<meta name=\"description\" content=\"Zumos Lambda va ser fundada el 1985 i \u00e9s un referent des del seu inici en el sector dels sucs i n\u00e8ctars.\" \/>\n<meta name=\"robots\" content=\"index, follow, max-snippet:-1, max-image-preview:large, max-video-preview:-1\" \/>\n<link rel=\"canonical\" href=\"https:\/\/www.vichycatalan.com\/ca\/les-nostres-marques\/lambda\/historia\/\" \/>\n<meta property=\"og:locale\" content=\"ca_ES\" \/>\n<meta property=\"og:type\" content=\"article\" \/>\n<meta property=\"og:title\" content=\"Hist\u00f2ria - Vichy Catalan Corporation\" \/>\n<meta property=\"og:description\" content=\"Zumos Lambda va ser fundada el 1985 i \u00e9s un referent des del seu inici en el sector dels sucs i n\u00e8ctars.\" \/>\n<meta property=\"og:url\" content=\"https:\/\/www.vichycatalan.com\/ca\/les-nostres-marques\/lambda\/historia\/\" \/>\n<meta property=\"og:site_name\" content=\"Vichy Catalan Corporation\" \/>\n<meta property=\"article:modified_time\" content=\"2019-05-22T07:05:54+00:00\" \/>\n<meta name=\"twitter:card\" content=\"summary_large_image\" \/>\n<meta name=\"twitter:label1\" content=\"Temps estimat de lectura\" \/>\n\t<meta name=\"twitter:data1\" content=\"4 minuts\" \/>\n<script type=\"application\/ld+json\" class=\"yoast-schema-graph\">{\"@context\":\"https:\/\/schema.org\",\"@graph\":[{\"@type\":\"WebPage\",\"@id\":\"https:\/\/www.vichycatalan.com\/ca\/les-nostres-marques\/lambda\/historia\/\",\"url\":\"https:\/\/www.vichycatalan.com\/ca\/les-nostres-marques\/lambda\/historia\/\",\"name\":\"Hist\u00f2ria - Vichy Catalan Corporation\",\"isPartOf\":{\"@id\":\"https:\/\/www.vichycatalan.com\/ca\/#website\"},\"datePublished\":\"2019-01-11T07:57:47+00:00\",\"dateModified\":\"2019-05-22T07:05:54+00:00\",\"description\":\"Zumos Lambda va ser fundada el 1985 i \u00e9s un referent des del seu inici en el sector dels sucs i n\u00e8ctars.\",\"breadcrumb\":{\"@id\":\"https:\/\/www.vichycatalan.com\/ca\/les-nostres-marques\/lambda\/historia\/#breadcrumb\"},\"inLanguage\":\"ca\",\"potentialAction\":[{\"@type\":\"ReadAction\",\"target\":[\"https:\/\/www.vichycatalan.com\/ca\/les-nostres-marques\/lambda\/historia\/\"]}]},{\"@type\":\"BreadcrumbList\",\"@id\":\"https:\/\/www.vichycatalan.com\/ca\/les-nostres-marques\/lambda\/historia\/#breadcrumb\",\"itemListElement\":[{\"@type\":\"ListItem\",\"position\":1,\"name\":\"Portada\",\"item\":\"https:\/\/www.vichycatalan.com\/ca\/\"},{\"@type\":\"ListItem\",\"position\":2,\"name\":\"Les nostres marques\",\"item\":\"https:\/\/www.vichycatalan.com\/ca\/les-nostres-marques\/\"},{\"@type\":\"ListItem\",\"position\":3,\"name\":\"Lambda\",\"item\":\"https:\/\/www.vichycatalan.com\/ca\/les-nostres-marques\/lambda\/\"},{\"@type\":\"ListItem\",\"position\":4,\"name\":\"Hist\u00f2ria\"}]},{\"@type\":\"WebSite\",\"@id\":\"https:\/\/www.vichycatalan.com\/ca\/#website\",\"url\":\"https:\/\/www.vichycatalan.com\/ca\/\",\"name\":\"Vichy Catalan Corporation\",\"description\":\"Web de Vichy Catalan Corporation\",\"potentialAction\":[{\"@type\":\"SearchAction\",\"target\":{\"@type\":\"EntryPoint\",\"urlTemplate\":\"https:\/\/www.vichycatalan.com\/ca\/?s={search_term_string}\"},\"query-input\":{\"@type\":\"PropertyValueSpecification\",\"valueRequired\":true,\"valueName\":\"search_term_string\"}}],\"inLanguage\":\"ca\"}]}<\/script>\n<!-- \/ Yoast SEO plugin. -->","yoast_head_json":{"title":"Hist\u00f2ria - Vichy Catalan Corporation","description":"Zumos Lambda va ser fundada el 1985 i \u00e9s un referent des del seu inici en el sector dels sucs i n\u00e8ctars.","robots":{"index":"index","follow":"follow","max-snippet":"max-snippet:-1","max-image-preview":"max-image-preview:large","max-video-preview":"max-video-preview:-1"},"canonical":"https:\/\/www.vichycatalan.com\/ca\/les-nostres-marques\/lambda\/historia\/","og_locale":"ca_ES","og_type":"article","og_title":"Hist\u00f2ria - Vichy Catalan Corporation","og_description":"Zumos Lambda va ser fundada el 1985 i \u00e9s un referent des del seu inici en el sector dels sucs i n\u00e8ctars.","og_url":"https:\/\/www.vichycatalan.com\/ca\/les-nostres-marques\/lambda\/historia\/","og_site_name":"Vichy Catalan Corporation","article_modified_time":"2019-05-22T07:05:54+00:00","twitter_card":"summary_large_image","twitter_misc":{"Temps estimat de lectura":"4 minuts"},"schema":{"@context":"https:\/\/schema.org","@graph":[{"@type":"WebPage","@id":"https:\/\/www.vichycatalan.com\/ca\/les-nostres-marques\/lambda\/historia\/","url":"https:\/\/www.vichycatalan.com\/ca\/les-nostres-marques\/lambda\/historia\/","name":"Hist\u00f2ria - Vichy Catalan Corporation","isPartOf":{"@id":"https:\/\/www.vichycatalan.com\/ca\/#website"},"datePublished":"2019-01-11T07:57:47+00:00","dateModified":"2019-05-22T07:05:54+00:00","description":"Zumos Lambda va ser fundada el 1985 i \u00e9s un referent des del seu inici en el sector dels sucs i n\u00e8ctars.","breadcrumb":{"@id":"https:\/\/www.vichycatalan.com\/ca\/les-nostres-marques\/lambda\/historia\/#breadcrumb"},"inLanguage":"ca","potentialAction":[{"@type":"ReadAction","target":["https:\/\/www.vichycatalan.com\/ca\/les-nostres-marques\/lambda\/historia\/"]}]},{"@type":"BreadcrumbList","@id":"https:\/\/www.vichycatalan.com\/ca\/les-nostres-marques\/lambda\/historia\/#breadcrumb","itemListElement":[{"@type":"ListItem","position":1,"name":"Portada","item":"https:\/\/www.vichycatalan.com\/ca\/"},{"@type":"ListItem","position":2,"name":"Les nostres marques","item":"https:\/\/www.vichycatalan.com\/ca\/les-nostres-marques\/"},{"@type":"ListItem","position":3,"name":"Lambda","item":"https:\/\/www.vichycatalan.com\/ca\/les-nostres-marques\/lambda\/"},{"@type":"ListItem","position":4,"name":"Hist\u00f2ria"}]},{"@type":"WebSite","@id":"https:\/\/www.vichycatalan.com\/ca\/#website","url":"https:\/\/www.vichycatalan.com\/ca\/","name":"Vichy Catalan Corporation","description":"Web de Vichy Catalan Corporation","potentialAction":[{"@type":"SearchAction","target":{"@type":"EntryPoint","urlTemplate":"https:\/\/www.vichycatalan.com\/ca\/?s={search_term_string}"},"query-input":{"@type":"PropertyValueSpecification","valueRequired":true,"valueName":"search_term_string"}}],"inLanguage":"ca"}]}},"_links":{"self":[{"href":"https:\/\/www.vichycatalan.com\/ca\/wp-json\/wp\/v2\/pages\/9392","targetHints":{"allow":["GET"]}}],"collection":[{"href":"https:\/\/www.vichycatalan.com\/ca\/wp-json\/wp\/v2\/pages"}],"about":[{"href":"https:\/\/www.vichycatalan.com\/ca\/wp-json\/wp\/v2\/types\/page"}],"author":[{"embeddable":true,"href":"https:\/\/www.vichycatalan.com\/ca\/wp-json\/wp\/v2\/users\/1"}],"replies":[{"embeddable":true,"href":"https:\/\/www.vichycatalan.com\/ca\/wp-json\/wp\/v2\/comments?post=9392"}],"version-history":[{"count":2,"href":"https:\/\/www.vichycatalan.com\/ca\/wp-json\/wp\/v2\/pages\/9392\/revisions"}],"predecessor-version":[{"id":11588,"href":"https:\/\/www.vichycatalan.com\/ca\/wp-json\/wp\/v2\/pages\/9392\/revisions\/11588"}],"up":[{"embeddable":true,"href":"https:\/\/www.vichycatalan.com\/ca\/wp-json\/wp\/v2\/pages\/9362"}],"wp:attachment":[{"href":"https:\/\/www.vichycatalan.com\/ca\/wp-json\/wp\/v2\/media?parent=9392"}],"curies":[{"name":"wp","href":"https:\/\/api.w.org\/{rel}","templated":true}]}}