{"id":9226,"date":"2018-11-14T10:18:15","date_gmt":"2018-11-14T09:18:15","guid":{"rendered":"https:\/\/www.vichycatalan.com\/els-nostres-productes-pel-mon\/"},"modified":"2019-04-08T16:44:02","modified_gmt":"2019-04-08T14:44:02","slug":"els-nostres-productes-pel-mon","status":"publish","type":"page","link":"https:\/\/www.vichycatalan.com\/ca\/els-nostres-productes-pel-mon\/","title":{"rendered":"Els nostres productes pel m\u00f3n"},"content":{"rendered":"<p>[et_pb_section bb_built=&#8221;1&#8243; fullwidth=&#8221;on&#8221; _builder_version=&#8221;3.17.2&#8243; custom_padding=&#8221;||||false|false&#8221; bottom_divider_color=&#8221;#ffffff&#8221; bottom_divider_height=&#8221;50px&#8221; next_background_color=&#8221;#000000&#8243;][et_pb_fullwidth_header title=&#8221;Els nostres productes pel m\u00f3n&#8221; background_overlay_color=&#8221;rgba(0,0,0,0.21)&#8221; content_max_width=&#8221;60%&#8221; content_max_width_tablet=&#8221;100%&#8221; content_max_width_phone=&#8221;100%&#8221; content_max_width_last_edited=&#8221;on|phone&#8221; _builder_version=&#8221;3.17.6&#8243; title_font=&#8221;Helvetica Neue standar|700|||||||&#8221; title_font_size=&#8221;56px&#8221; title_text_shadow_style=&#8221;preset1&#8243; content_font=&#8221;||||||||&#8221; content_text_align=&#8221;left&#8221; content_font_size=&#8221;23px&#8221; content_line_height=&#8221;1.1em&#8221; content_text_shadow_style=&#8221;preset1&#8243; background_image=&#8221;https:\/\/www.vichycatalan.com\/wp-content\/uploads\/2018\/11\/nuestros-productos-por-el-mundo.jpg&#8221; custom_margin=&#8221;0px|0px|0px|0px&#8221; custom_padding=&#8221;100px|0px|200px|0px&#8221; text_shadow_style=&#8221;preset1&#8243;]<\/p>\n<p>\nConsulta els pa\u00efsos on es poden trobar les marques de Vichy Catalan Corporation.<\/p>\n<p>[\/et_pb_fullwidth_header][\/et_pb_section][et_pb_section bb_built=&#8221;1&#8243; _builder_version=&#8221;3.17.6&#8243; custom_padding=&#8221;11px|0px|65px|0px|false|false&#8221; prev_background_color=&#8221;#000000&#8243; next_background_color=&#8221;#000000&#8243;][et_pb_row _builder_version=&#8221;3.17.6&#8243; custom_padding=&#8221;16px|0px|32px|0px|false|false&#8221;][et_pb_column type=&#8221;4_4&#8243;][et_pb_text _builder_version=&#8221;3.17.6&#8243;]<\/p>\n<p>Fes clic al mapa interactiu per descobrir els pa\u00efsos on es distribueixen els nostres productes. <\/p>\n<p>[\/et_pb_text][et_pb_text _builder_version=&#8221;3.17.6&#8243; divienhancer_set=&#8221;none&#8221; divienhancer_hover_effect=&#8221;none&#8221; divienhancer_sticky_module=&#8221;none&#8221; divienhancer_modal_overlay=&#8221;#333333&#8243; divienhancer_module_menu_button_background=&#8221;#333333&#8243; divienhancer_module_menu_button_color=&#8221;#ffffff&#8221;]<\/p>\n <!-- start Fla-shop.com HTML5 Map --> <div class='worldcountriesHtml5Mapbottom htmlMapResponsive' style='max-width:1300px'><div id='worldcountries-html5-map-map-container_0' class='worldcountriesHtml5MapContainer' data-map-variable='worldcountrieshtml5map_map_0'><\/div><div style='clear:both; height: 20px;'><\/div> <style> #worldcountries-html5-map-map-container_0 { } #worldcountries-html5-map-map-container_0 .fm-tooltip-name { color: #000000; font-size: 40px; } #worldcountries-html5-map-map-container_0 .fm-tooltip-comment { } @media only screen and (max-width: 480px) { #worldcountries-html5-map-map-container_0 { float: none; width: 100%; } } <\/style><script type=\"text\/javascript\"> jQuery(function(){ var hightlighted = null; worldcountrieshtml5map_map_0 = new FlaShopWorldMap(worldcountrieshtml5map_map_cfg_0); worldcountrieshtml5map_map_0.draw('worldcountries-html5-map-map-container_0'); worldcountrieshtml5map_map_0.on('mousein', function(ev, sid, map) { if (hightlighted && sid != hightlighted) { map.stateHighlightOut(hightlighted); hightlighted = null; } }); var html5map_onclick = function(ev, sid, map) { var cfg = worldcountrieshtml5map_map_cfg_0; var link = map.fetchStateAttr(sid, 'link'); var is_group = map.fetchStateAttr(sid, 'group'); var popup_id = map.fetchStateAttr(sid, 'popup-id'); var is_group_info = false; if (typeof cfg.map_data[sid] !== 'undefined') jQuery('#worldcountries-html5-map-selector_0').val(sid); else jQuery('#worldcountries-html5-map-selector_0').val(''); if (is_group==undefined) { if (sid.substr(0,1)=='p') { popup_id = map.fetchPointAttr(sid, 'popup_id'); link = map.fetchPointAttr(sid, 'link'); } } else if (typeof cfg.groups[is_group]['ignore_link'] == 'undefined' || ! cfg.groups[is_group].ignore_link) { link = cfg.groups[is_group].link; popup_id = cfg.groups[is_group]['popup_id']; is_group_info = true; } if (link=='#popup') { if (typeof SG_POPUP_DATA == \"object\") { if (popup_id in SG_POPUP_DATA) { SGPopup.prototype.showPopup(popup_id,false); } else { jQuery.ajax({ type: 'POST', url: 'https:\/\/www.vichycatalan.com\/index.php?worldcountrieshtml5map_get_popup', data: {popup_id:popup_id}, }).done(function(data) { jQuery('body').append(data); SGPopup.prototype.showPopup(popup_id,false); }); } } else if (typeof SGPBPopup == \"function\") { var popup = SGPBPopup.createPopupObjById(popup_id); popup.prepareOpen(); popup.open(); } return false; } if (link == '#info') { var id = is_group_info ? is_group : (sid.substr(0,1)=='p' ? sid : map.fetchStateAttr(sid, 'id')); jQuery('#worldcountries-html5-map-state-info_0').html('Loading...'); jQuery.ajax({ type: 'POST', url: 'https:\/\/www.vichycatalan.com\/index.php?worldcountrieshtml5map_get_'+(is_group_info ? 'group' : 'state')+'_info='+id+'&map_id=0', success: function(data, textStatus, jqXHR){ jQuery('#worldcountries-html5-map-state-info_0').html(data); }, dataType: 'text' }); return false; } if (ev===null && link!='') { if (!jQuery('.html5dummilink').length) { jQuery('body').append('<a href=\"#\" class=\"html5dummilink\" style=\"display:none\"><\/a>'); } jQuery('.html5dummilink').attr('href',link).attr('target',(map.fetchStateAttr(sid, 'isNewWindow') ? '_blank' : '_self'))[0].click(); } }; worldcountrieshtml5map_map_0.on('click',html5map_onclick); }); <\/script><div id='worldcountries-html5-map-state-info_0' class='worldcountriesHtml5MapStateInfo'><\/div> <\/div> <div style='clear: both'><\/div> <!-- end HTML5 Map --> \n<p>[\/et_pb_text][et_pb_text _builder_version=&#8221;3.17.6&#8243;]<\/p>\n<p>Et pots posar en contacte amb el nostre Departament d&#8217;Exportaci\u00f3 al correu electr\u00f2nic seg\u00fcent: <a href=\"mailto:exportacion@pmg1881.com\">exportacion@pmg1881.com<\/a><\/p>\n<p>[\/et_pb_text][\/et_pb_column][\/et_pb_row][\/et_pb_section][et_pb_section bb_built=&#8221;1&#8243; admin_label=&#8221;fondo colores&#8221; fullwidth=&#8221;on&#8221; module_class=&#8221;stop&#8221; _builder_version=&#8221;3.17.6&#8243; background_image=&#8221;https:\/\/www.vichycatalan.com\/wp-content\/uploads\/2018\/10\/trencadis-corporate.png&#8221; background_position=&#8221;top_center&#8221; background_repeat=&#8221;repeat-x&#8221; custom_padding=&#8221;190px||||false|false&#8221; prev_background_color=&#8221;#ffffff&#8221; global_module=&#8221;634&#8243;][\/et_pb_section]<\/p>\n","protected":false},"excerpt":{"rendered":"<p>Consulta els pa\u00efsos on es poden trobar les marques de Vichy Catalan Corporation. Fes clic al mapa interactiu per descobrir els pa\u00efsos on es distribueixen els nostres productes.  <!-- start Fla-shop.com HTML5 Map --> <div class='worldcountriesHtml5Mapbottom htmlMapResponsive' style='max-width:1300px'><div id='worldcountries-html5-map-map-container_1' class='worldcountriesHtml5MapContainer' data-map-variable='worldcountrieshtml5map_map_1'><\/div><div style='clear:both; height: 20px;'><\/div> <style> #worldcountries-html5-map-map-container_1 { } #worldcountries-html5-map-map-container_1 .fm-tooltip-name { color: #000000; font-size: 40px; } #worldcountries-html5-map-map-container_1 .fm-tooltip-comment { } @media only screen and (max-width: 480px) { #worldcountries-html5-map-map-container_1 { float: none; width: 100%; } } <\/style><script type=\"text\/javascript\"> jQuery(function(){ var hightlighted = null; worldcountrieshtml5map_map_1 = new FlaShopWorldMap(worldcountrieshtml5map_map_cfg_0); worldcountrieshtml5map_map_1.draw('worldcountries-html5-map-map-container_1'); worldcountrieshtml5map_map_1.on('mousein', function(ev, sid, map) { if (hightlighted && sid != hightlighted) { map.stateHighlightOut(hightlighted); hightlighted = null; } }); var html5map_onclick = function(ev, sid, map) { var cfg = worldcountrieshtml5map_map_cfg_0; var link = map.fetchStateAttr(sid, 'link'); var is_group = map.fetchStateAttr(sid, 'group'); var popup_id = map.fetchStateAttr(sid, 'popup-id'); var is_group_info = false; if (typeof cfg.map_data[sid] !== 'undefined') jQuery('#worldcountries-html5-map-selector_1').val(sid); else jQuery('#worldcountries-html5-map-selector_1').val(''); if (is_group==undefined) { if (sid.substr(0,1)=='p') { popup_id = map.fetchPointAttr(sid, 'popup_id'); link = map.fetchPointAttr(sid, 'link'); } } else if (typeof cfg.groups[is_group]['ignore_link'] == 'undefined' || ! cfg.groups[is_group].ignore_link) { link = cfg.groups[is_group].link; popup_id = cfg.groups[is_group]['popup_id']; is_group_info = true; } if (link=='#popup') { if (typeof SG_POPUP_DATA == \"object\") { if (popup_id in SG_POPUP_DATA) { SGPopup.prototype.showPopup(popup_id,false); } else { jQuery.ajax({ type: 'POST', url: 'https:\/\/www.vichycatalan.com\/index.php?worldcountrieshtml5map_get_popup', data: {popup_id:popup_id}, }).done(function(data) { jQuery('body').append(data); SGPopup.prototype.showPopup(popup_id,false); }); } } else if (typeof SGPBPopup == \"function\") { var popup = SGPBPopup.createPopupObjById(popup_id); popup.prepareOpen(); popup.open(); } return false; } if (link == '#info') { var id = is_group_info ? is_group : (sid.substr(0,1)=='p' ? sid : map.fetchStateAttr(sid, 'id')); jQuery('#worldcountries-html5-map-state-info_1').html('Loading...'); jQuery.ajax({ type: 'POST', url: 'https:\/\/www.vichycatalan.com\/index.php?worldcountrieshtml5map_get_'+(is_group_info ? 'group' : 'state')+'_info='+id+'&map_id=0', success: function(data, textStatus, jqXHR){ jQuery('#worldcountries-html5-map-state-info_1').html(data); }, dataType: 'text' }); return false; } if (ev===null && link!='') { if (!jQuery('.html5dummilink').length) { jQuery('body').append('<a href=\"#\" class=\"html5dummilink\" style=\"display:none\"><\/a>'); } jQuery('.html5dummilink').attr('href',link).attr('target',(map.fetchStateAttr(sid, 'isNewWindow') ? '_blank' : '_self'))[0].click(); } }; worldcountrieshtml5map_map_1.on('click',html5map_onclick); }); <\/script><div id='worldcountries-html5-map-state-info_1' class='worldcountriesHtml5MapStateInfo'><\/div> <\/div> <div style='clear: both'><\/div> <!-- end HTML5 Map -->  Et pots posar en contacte amb el nostre Departament d&#8217;Exportaci\u00f3 al correu electr\u00f2nic seg\u00fcent: exportacion@pmg1881.com<\/p>\n","protected":false},"author":1,"featured_media":0,"parent":0,"menu_order":0,"comment_status":"closed","ping_status":"closed","template":"","meta":{"_acf_changed":false,"_et_pb_use_builder":"on","_et_pb_old_content":"","_et_gb_content_width":"","footnotes":""},"class_list":["post-9226","page","type-page","status-publish","hentry"],"acf":{"pagina_de_marca":null,"campos_de_marca":null},"yoast_head":"<!-- This site is optimized with the Yoast SEO plugin v27.5 - https:\/\/yoast.com\/product\/yoast-seo-wordpress\/ -->\n<title>Els nostres productes pel m\u00f3n - Vichy Catalan Corporation<\/title>\n<meta name=\"description\" content=\"Consulta els pa\u00efsos on es poden trobar les marques de Vichy Catalan Corporation.\" \/>\n<meta name=\"robots\" content=\"index, follow, max-snippet:-1, max-image-preview:large, max-video-preview:-1\" \/>\n<link rel=\"canonical\" href=\"https:\/\/www.vichycatalan.com\/ca\/els-nostres-productes-pel-mon\/\" \/>\n<meta property=\"og:locale\" content=\"ca_ES\" \/>\n<meta property=\"og:type\" content=\"article\" \/>\n<meta property=\"og:title\" content=\"Els nostres productes pel m\u00f3n - Vichy Catalan Corporation\" \/>\n<meta property=\"og:description\" content=\"Consulta els pa\u00efsos on es poden trobar les marques de Vichy Catalan Corporation.\" \/>\n<meta property=\"og:url\" content=\"https:\/\/www.vichycatalan.com\/ca\/els-nostres-productes-pel-mon\/\" \/>\n<meta property=\"og:site_name\" content=\"Vichy Catalan Corporation\" \/>\n<meta property=\"article:modified_time\" content=\"2019-04-08T14:44:02+00:00\" \/>\n<meta name=\"twitter:card\" content=\"summary_large_image\" \/>\n<meta name=\"twitter:label1\" content=\"Temps estimat de lectura\" \/>\n\t<meta name=\"twitter:data1\" content=\"2 minuts\" \/>\n<script type=\"application\/ld+json\" class=\"yoast-schema-graph\">{\"@context\":\"https:\\\/\\\/schema.org\",\"@graph\":[{\"@type\":\"WebPage\",\"@id\":\"https:\\\/\\\/www.vichycatalan.com\\\/ca\\\/els-nostres-productes-pel-mon\\\/\",\"url\":\"https:\\\/\\\/www.vichycatalan.com\\\/ca\\\/els-nostres-productes-pel-mon\\\/\",\"name\":\"Els nostres productes pel m\u00f3n - Vichy Catalan Corporation\",\"isPartOf\":{\"@id\":\"https:\\\/\\\/www.vichycatalan.com\\\/ca\\\/#website\"},\"datePublished\":\"2018-11-14T09:18:15+00:00\",\"dateModified\":\"2019-04-08T14:44:02+00:00\",\"description\":\"Consulta els pa\u00efsos on es poden trobar les marques de Vichy Catalan Corporation.\",\"breadcrumb\":{\"@id\":\"https:\\\/\\\/www.vichycatalan.com\\\/ca\\\/els-nostres-productes-pel-mon\\\/#breadcrumb\"},\"inLanguage\":\"ca\",\"potentialAction\":[{\"@type\":\"ReadAction\",\"target\":[\"https:\\\/\\\/www.vichycatalan.com\\\/ca\\\/els-nostres-productes-pel-mon\\\/\"]}]},{\"@type\":\"BreadcrumbList\",\"@id\":\"https:\\\/\\\/www.vichycatalan.com\\\/ca\\\/els-nostres-productes-pel-mon\\\/#breadcrumb\",\"itemListElement\":[{\"@type\":\"ListItem\",\"position\":1,\"name\":\"Portada\",\"item\":\"https:\\\/\\\/www.vichycatalan.com\\\/ca\\\/\"},{\"@type\":\"ListItem\",\"position\":2,\"name\":\"Els nostres productes pel m\u00f3n\"}]},{\"@type\":\"WebSite\",\"@id\":\"https:\\\/\\\/www.vichycatalan.com\\\/ca\\\/#website\",\"url\":\"https:\\\/\\\/www.vichycatalan.com\\\/ca\\\/\",\"name\":\"Vichy Catalan Corporation\",\"description\":\"Web de Vichy Catalan Corporation\",\"potentialAction\":[{\"@type\":\"SearchAction\",\"target\":{\"@type\":\"EntryPoint\",\"urlTemplate\":\"https:\\\/\\\/www.vichycatalan.com\\\/ca\\\/?s={search_term_string}\"},\"query-input\":{\"@type\":\"PropertyValueSpecification\",\"valueRequired\":true,\"valueName\":\"search_term_string\"}}],\"inLanguage\":\"ca\"}]}<\/script>\n<!-- \/ Yoast SEO plugin. -->","yoast_head_json":{"title":"Els nostres productes pel m\u00f3n - Vichy Catalan Corporation","description":"Consulta els pa\u00efsos on es poden trobar les marques de Vichy Catalan Corporation.","robots":{"index":"index","follow":"follow","max-snippet":"max-snippet:-1","max-image-preview":"max-image-preview:large","max-video-preview":"max-video-preview:-1"},"canonical":"https:\/\/www.vichycatalan.com\/ca\/els-nostres-productes-pel-mon\/","og_locale":"ca_ES","og_type":"article","og_title":"Els nostres productes pel m\u00f3n - Vichy Catalan Corporation","og_description":"Consulta els pa\u00efsos on es poden trobar les marques de Vichy Catalan Corporation.","og_url":"https:\/\/www.vichycatalan.com\/ca\/els-nostres-productes-pel-mon\/","og_site_name":"Vichy Catalan Corporation","article_modified_time":"2019-04-08T14:44:02+00:00","twitter_card":"summary_large_image","twitter_misc":{"Temps estimat de lectura":"2 minuts"},"schema":{"@context":"https:\/\/schema.org","@graph":[{"@type":"WebPage","@id":"https:\/\/www.vichycatalan.com\/ca\/els-nostres-productes-pel-mon\/","url":"https:\/\/www.vichycatalan.com\/ca\/els-nostres-productes-pel-mon\/","name":"Els nostres productes pel m\u00f3n - Vichy Catalan Corporation","isPartOf":{"@id":"https:\/\/www.vichycatalan.com\/ca\/#website"},"datePublished":"2018-11-14T09:18:15+00:00","dateModified":"2019-04-08T14:44:02+00:00","description":"Consulta els pa\u00efsos on es poden trobar les marques de Vichy Catalan Corporation.","breadcrumb":{"@id":"https:\/\/www.vichycatalan.com\/ca\/els-nostres-productes-pel-mon\/#breadcrumb"},"inLanguage":"ca","potentialAction":[{"@type":"ReadAction","target":["https:\/\/www.vichycatalan.com\/ca\/els-nostres-productes-pel-mon\/"]}]},{"@type":"BreadcrumbList","@id":"https:\/\/www.vichycatalan.com\/ca\/els-nostres-productes-pel-mon\/#breadcrumb","itemListElement":[{"@type":"ListItem","position":1,"name":"Portada","item":"https:\/\/www.vichycatalan.com\/ca\/"},{"@type":"ListItem","position":2,"name":"Els nostres productes pel m\u00f3n"}]},{"@type":"WebSite","@id":"https:\/\/www.vichycatalan.com\/ca\/#website","url":"https:\/\/www.vichycatalan.com\/ca\/","name":"Vichy Catalan Corporation","description":"Web de Vichy Catalan Corporation","potentialAction":[{"@type":"SearchAction","target":{"@type":"EntryPoint","urlTemplate":"https:\/\/www.vichycatalan.com\/ca\/?s={search_term_string}"},"query-input":{"@type":"PropertyValueSpecification","valueRequired":true,"valueName":"search_term_string"}}],"inLanguage":"ca"}]}},"_links":{"self":[{"href":"https:\/\/www.vichycatalan.com\/ca\/wp-json\/wp\/v2\/pages\/9226","targetHints":{"allow":["GET"]}}],"collection":[{"href":"https:\/\/www.vichycatalan.com\/ca\/wp-json\/wp\/v2\/pages"}],"about":[{"href":"https:\/\/www.vichycatalan.com\/ca\/wp-json\/wp\/v2\/types\/page"}],"author":[{"embeddable":true,"href":"https:\/\/www.vichycatalan.com\/ca\/wp-json\/wp\/v2\/users\/1"}],"replies":[{"embeddable":true,"href":"https:\/\/www.vichycatalan.com\/ca\/wp-json\/wp\/v2\/comments?post=9226"}],"version-history":[{"count":0,"href":"https:\/\/www.vichycatalan.com\/ca\/wp-json\/wp\/v2\/pages\/9226\/revisions"}],"wp:attachment":[{"href":"https:\/\/www.vichycatalan.com\/ca\/wp-json\/wp\/v2\/media?parent=9226"}],"curies":[{"name":"wp","href":"https:\/\/api.w.org\/{rel}","templated":true}]}}