{"id":9212,"date":"2018-10-31T15:35:34","date_gmt":"2018-10-31T14:35:34","guid":{"rendered":"https:\/\/www.vichycatalan.com\/hotel-balneari-vichy-catalan\/"},"modified":"2025-02-18T10:35:41","modified_gmt":"2025-02-18T09:35:41","slug":"1881-hotels","status":"publish","type":"page","link":"https:\/\/www.vichycatalan.com\/ca\/1881-hotels\/","title":{"rendered":"1881 Hotels"},"content":{"rendered":"<p>[et_pb_section fb_built=&#8221;1&#8243; fullwidth=&#8221;on&#8221; _builder_version=&#8221;4.16&#8243; custom_padding=&#8221;||||false|false&#8221; bottom_divider_color=&#8221;#ffffff&#8221; bottom_divider_height=&#8221;50px&#8221; global_colors_info=&#8221;{}&#8221;][et_pb_fullwidth_header title=&#8221;1881 HOTELS&#8221; background_overlay_color=&#8221;rgba(44,42,41,0.24)&#8221; content_max_width=&#8221;60%&#8221; content_max_width_tablet=&#8221;100%&#8221; content_max_width_phone=&#8221;&#8221; content_max_width_last_edited=&#8221;on|phone&#8221; _builder_version=&#8221;4.27.4&#8243; title_font=&#8221;Helvetica Neue standar|700|||||||&#8221; title_font_size=&#8221;56px&#8221; content_font=&#8221;||||||||&#8221; content_text_align=&#8221;left&#8221; content_font_size=&#8221;23px&#8221; content_line_height=&#8221;1.1em&#8221; background_image=&#8221;https:\/\/www.vichycatalan.com\/wp-content\/uploads\/2018\/10\/hotel-balneario-1.jpg&#8221; custom_margin=&#8221;0px|0px|0px|0px&#8221; custom_padding=&#8221;100px|0px|200px|0px&#8221; custom_padding_tablet=&#8221;0px|0px|100px|0px&#8221; custom_padding_phone=&#8221;||50px&#8221; custom_padding_last_edited=&#8221;on|phone&#8221; title_text_shadow_style=&#8221;preset1&#8243; content_text_shadow_style=&#8221;preset1&#8243; text_shadow_style=&#8221;preset1&#8243; global_colors_info=&#8221;{}&#8221;]Un lloc id\u00edl\u00b7lic per gaudir de la tranquil\u00b7litat i el benestar.<br \/>\n[\/et_pb_fullwidth_header][\/et_pb_section][et_pb_section fb_built=&#8221;1&#8243; _builder_version=&#8221;4.16&#8243; custom_padding=&#8221;0|0px|65px|0px|false|false&#8221; global_colors_info=&#8221;{}&#8221;][et_pb_row column_structure=&#8221;1_2,1_2&#8243; use_custom_gutter=&#8221;on&#8221; make_equal=&#8221;on&#8221; _builder_version=&#8221;4.16&#8243; background_size=&#8221;initial&#8221; background_position=&#8221;top_left&#8221; background_repeat=&#8221;repeat&#8221; custom_margin=&#8221;||&#8221; custom_padding=&#8221;32px|0px|46px|0px|false|false&#8221; global_colors_info=&#8221;{}&#8221;][et_pb_column type=&#8221;1_2&#8243; _builder_version=&#8221;4.16&#8243; custom_padding=&#8221;|||&#8221; global_colors_info=&#8221;{}&#8221; custom_padding__hover=&#8221;|||&#8221;][et_pb_image src=&#8221;https:\/\/www.vichycatalan.com\/wp-content\/uploads\/2024\/02\/Captura.png&#8221; alt=&#8221;1881 hotels&#8221; title_text=&#8221;Captura&#8221; align=&#8221;center&#8221; force_fullwidth=&#8221;on&#8221; align_tablet=&#8221;center&#8221; align_phone=&#8221;center&#8221; align_last_edited=&#8221;on|desktop&#8221; _builder_version=&#8221;4.27.4&#8243; custom_margin=&#8221;-100px||&#8221; animation_style=&#8221;slide&#8221; animation_direction=&#8221;bottom&#8221; animation_duration=&#8221;1400ms&#8221; animation_intensity_slide=&#8221;10%&#8221; border_radii=&#8221;|50px||50px|&#8221; box_shadow_style=&#8221;preset1&#8243; global_colors_info=&#8221;{}&#8221;]<\/p>\n<p>[\/et_pb_image][\/et_pb_column][et_pb_column type=&#8221;1_2&#8243; _builder_version=&#8221;4.16&#8243; custom_padding=&#8221;|||&#8221; custom_css_main_element=&#8221;align-items:center;||justify-content:center;&#8221; global_colors_info=&#8221;{}&#8221; custom_padding__hover=&#8221;|||&#8221;][et_pb_text _builder_version=&#8221;4.27.4&#8243; text_font=&#8221;||||||||&#8221; text_orientation=&#8221;justified&#8221; custom_padding=&#8221;9px|20px|20px|20px||&#8221; animation_style=&#8221;slide&#8221; animation_direction=&#8221;right&#8221; animation_duration=&#8221;1500ms&#8221; animation_delay=&#8221;1500ms&#8221; animation_intensity_slide=&#8221;8%&#8221; box_shadow_style=&#8221;preset2&#8243; box_shadow_horizontal=&#8221;18px&#8221; box_shadow_vertical=&#8221;17px&#8221; box_shadow_blur=&#8221;49px&#8221; box_shadow_spread=&#8221;-26px&#8221; global_colors_info=&#8221;{}&#8221;]<\/p>\n<p><span class='et-dropcap'>E<\/span>l grup hoteler 1881 Hotels neix de la visi\u00f3 de Vichy Catalan Corporation per oferir una experi\u00e8ncia de benestar a l\u2019usuari.<\/p>\n<p data-start=\"128\" data-end=\"292\">La ubicaci\u00f3 dels diferents hotels del grup ha estat pensada perqu\u00e8 qualsevol persona que viatgi per feina o per oci disposi d\u2019un lloc on allotjar-se i relaxar-se.<\/p>\n<p data-start=\"294\" data-end=\"428\">Durant m\u00e9s de 140 anys, una part vital del projecte de Vichy Catalan Corporation ha estat l\u2019emblem\u00e0tic Hotel Balneari Vichy Catalan.<\/p>\n<p data-start=\"430\" data-end=\"641\" data-is-last-node=\"\">Un lloc que, tal com van marcar el doctor Furest i els indians en els seus inicis, ha perseguit concedir una experi\u00e8ncia de cura personal adaptada a les necessitats de la societat i de cada un dels seus clients.<\/p>\n<p>[\/et_pb_text][\/et_pb_column][\/et_pb_row][et_pb_row _builder_version=&#8221;4.16&#8243; custom_padding=&#8221;41px|0px|0|0px|false|false&#8221; global_colors_info=&#8221;{}&#8221;][et_pb_column type=&#8221;4_4&#8243; _builder_version=&#8221;4.16&#8243; custom_padding=&#8221;|||&#8221; global_colors_info=&#8221;{}&#8221; custom_padding__hover=&#8221;|||&#8221;][et_pb_divider _builder_version=&#8221;4.16&#8243; custom_css_main_element=&#8221;z-index:-1;&#8221; global_colors_info=&#8221;{}&#8221;]<\/p>\n<p>[\/et_pb_divider][et_pb_text content_tablet=&#8221;<\/p>\n<h2 style=%22text-align: center;%22>HOTELS<\/h2>\n<p>&#8221; content_phone=&#8221;&#8221; content_last_edited=&#8221;on|phone&#8221; _builder_version=&#8221;4.27.4&#8243; header_font=&#8221;||||||||&#8221; header_2_font=&#8221;MyriadPro Regular|600|||||||&#8221; header_2_font_size=&#8221;41px&#8221; custom_margin=&#8221;-64px||&#8221; custom_margin_tablet=&#8221;-70px||||false|false&#8221; custom_margin_phone=&#8221;-70px||||false|false&#8221; custom_margin_last_edited=&#8221;on|tablet&#8221; header_2_font_size_tablet=&#8221;37px&#8221; header_2_font_size_phone=&#8221;37px&#8221; header_2_font_size_last_edited=&#8221;on|tablet&#8221; background_color_tablet=&#8221;#FFFFFF&#8221; background_color_phone=&#8221;RGBA(255,255,255,0)&#8221; background_last_edited=&#8221;on|phone&#8221; background_enable_color_tablet=&#8221;on&#8221; background_enable_color_phone=&#8221;on&#8221; custom_css_main_element=&#8221;z-index:999;||background-color:white;||width:20%;||text-align:center;||margin:0 auto;&#8221; global_colors_info=&#8221;{}&#8221;]<\/p>\n<h2 style=\"text-align: center;\">HOTELS<\/h2>\n<p>[\/et_pb_text][\/et_pb_column][\/et_pb_row][et_pb_row _builder_version=&#8221;4.27.4&#8243; _module_preset=&#8221;default&#8221; global_colors_info=&#8221;{}&#8221;][et_pb_column type=&#8221;4_4&#8243; _builder_version=&#8221;4.27.4&#8243; _module_preset=&#8221;default&#8221; global_colors_info=&#8221;{}&#8221;][et_pb_text content_tablet=&#8221;&#8221; content_phone=&#8221;<\/p>\n<h2 style=%22text-align: center;%22>HOTELS<\/h2>\n<p>&#8221; content_last_edited=&#8221;on|phone&#8221; _builder_version=&#8221;4.27.4&#8243; _module_preset=&#8221;default&#8221; header_2_font=&#8221;MyriadPro Regular|600|||||||&#8221; header_2_font_size_tablet=&#8221;35px&#8221; header_2_font_size_phone=&#8221;26px&#8221; header_2_font_size_last_edited=&#8221;on|tablet&#8221; global_colors_info=&#8221;{}&#8221;][\/et_pb_text][\/et_pb_column][\/et_pb_row][et_pb_row column_structure=&#8221;1_3,1_3,1_3&#8243; _builder_version=&#8221;4.27.4&#8243; _module_preset=&#8221;default&#8221; global_colors_info=&#8221;{}&#8221;][et_pb_column type=&#8221;1_3&#8243; _builder_version=&#8221;4.27.4&#8243; _module_preset=&#8221;default&#8221; global_colors_info=&#8221;{}&#8221;][et_pb_image src=&#8221;https:\/\/www.vichycatalan.com\/wp-content\/uploads\/2024\/02\/Captura3.jpg&#8221; alt=&#8221;1881 Hotel Balneario Vichy Catalan&#8221; title_text=&#8221;1881 Hotel Balneario Vichy Catalan&#8221; align=&#8221;center&#8221; _builder_version=&#8221;4.27.4&#8243; _module_preset=&#8221;default&#8221; animation_style=&#8221;slide&#8221; animation_direction=&#8221;right&#8221; border_radii=&#8221;off|50px||50px|&#8221; global_colors_info=&#8221;{}&#8221;][\/et_pb_image][et_pb_text _builder_version=&#8221;4.27.4&#8243; _module_preset=&#8221;default&#8221; text_orientation=&#8221;justified&#8221; animation_style=&#8221;slide&#8221; animation_direction=&#8221;left&#8221; global_colors_info=&#8221;{}&#8221;]<\/p>\n<p>A l\u2019Hotel Balneari Vichy Catalan gaudir\u00e0s, a m\u00e9s de l\u2019allotjament i dels serveis de termalisme, de la tranquil\u00b7litat i el benestar. Deixa\u2019t portar per l\u2019encant del Modernisme, els extensos jardins i els espais comuns d\u2019un hotel amb una personalitat \u00fanica.<\/p>\n<p>[\/et_pb_text][et_pb_image src=&#8221;https:\/\/www.vichycatalan.com\/wp-content\/uploads\/2024\/02\/Proyecto-nuevo-2-1.jpg&#8221; alt=&#8221;1881 Hotel Balneario Vichy Catalan&#8221; title_text=&#8221;1881 Hotel Balneario Vichy Catalan&#8221; align=&#8221;center&#8221; _builder_version=&#8221;4.27.4&#8243; _module_preset=&#8221;default&#8221; global_colors_info=&#8221;{}&#8221;][\/et_pb_image][et_pb_button button_url=&#8221;https:\/\/www.hotelbalnearivichycatalan.com\/es\/&#8221; button_text=&#8221;VISITAR LA WEB&#8221; button_alignment=&#8221;center&#8221; _builder_version=&#8221;4.27.4&#8243; _module_preset=&#8221;default&#8221; hover_enabled=&#8221;0&#8243; global_colors_info=&#8221;{}&#8221; sticky_enabled=&#8221;0&#8243;][\/et_pb_button][\/et_pb_column][et_pb_column type=&#8221;1_3&#8243; _builder_version=&#8221;4.27.4&#8243; _module_preset=&#8221;default&#8221; global_colors_info=&#8221;{}&#8221;][et_pb_image src=&#8221;https:\/\/www.vichycatalan.com\/wp-content\/uploads\/2024\/02\/Captura3-1.jpg&#8221; alt=&#8221;1881 Madrid Ventas Hotel&#8221; title_text=&#8221;1881 Madrid Ventas Hotel&#8221; _builder_version=&#8221;4.27.4&#8243; _module_preset=&#8221;default&#8221; animation_style=&#8221;slide&#8221; animation_direction=&#8221;right&#8221; border_radii=&#8221;off|50px||50px|&#8221; global_colors_info=&#8221;{}&#8221;][\/et_pb_image][et_pb_text _builder_version=&#8221;4.27.4&#8243; _module_preset=&#8221;default&#8221; text_orientation=&#8221;justified&#8221; animation_style=&#8221;slide&#8221; animation_direction=&#8221;right&#8221; global_colors_info=&#8221;{}&#8221;]<\/p>\n<p>Descobreix l\u2019ess\u00e8ncia vibrant de Madrid, la capital espanyola. Submergeix-te en la combinaci\u00f3 perfecta d\u2019hist\u00f2ria i modernitat, assaboreix la seva gastronomia \u00fanica i deixa\u2019t portar per la seva energia contagiosa. Vine a viure l\u2019experi\u00e8ncia inoblidable que nom\u00e9s Madrid et pot oferir!<\/p>\n<p>[\/et_pb_text][et_pb_image src=&#8221;https:\/\/www.vichycatalan.com\/wp-content\/uploads\/2024\/02\/Proyecto-nuevo-4.jpg&#8221; alt=&#8221;1881 Hotels Las ventas&#8221; title_text=&#8221;1881 Hotels Las ventas&#8221; align=&#8221;center&#8221; _builder_version=&#8221;4.27.4&#8243; _module_preset=&#8221;default&#8221; global_colors_info=&#8221;{}&#8221;][\/et_pb_image][et_pb_button button_url=&#8221;https:\/\/www.1881madridventashotel.com\/es\/&#8221; button_text=&#8221;VISITAR LA WEB&#8221; button_alignment=&#8221;center&#8221; _builder_version=&#8221;4.27.4&#8243; _module_preset=&#8221;default&#8221; hover_enabled=&#8221;0&#8243; global_colors_info=&#8221;{}&#8221; sticky_enabled=&#8221;0&#8243;][\/et_pb_button][\/et_pb_column][et_pb_column type=&#8221;1_3&#8243; _builder_version=&#8221;4.27.4&#8243; _module_preset=&#8221;default&#8221; global_colors_info=&#8221;{}&#8221;][et_pb_image src=&#8221;https:\/\/www.vichycatalan.com\/wp-content\/uploads\/2024\/02\/Captura3-2.jpg&#8221; alt=&#8221;1881 Barcelona Gran Rosell\u00f3n Hotel&#8221; title_text=&#8221;1881 Barcelona Gran Rosell\u00f3n Hotel&#8221; _builder_version=&#8221;4.27.4&#8243; _module_preset=&#8221;default&#8221; animation_style=&#8221;slide&#8221; animation_direction=&#8221;right&#8221; border_radii=&#8221;off|50px||50px|&#8221; global_colors_info=&#8221;{}&#8221;][\/et_pb_image][et_pb_text _builder_version=&#8221;4.27.4&#8243; _module_preset=&#8221;default&#8221; text_orientation=&#8221;justified&#8221; animation_style=&#8221;slide&#8221; global_colors_info=&#8221;{}&#8221;]<\/p>\n<p>Descobreix la fascinant Barcelona, on la modernitat es fusiona amb la hist\u00f2ria, i tria el 1881 Barcelona Gran Rosell\u00f3n Hotel. Les seves elegants habitacions, terrasses panor\u00e0miques i comoditats excepcionals et submergiran en l\u2019ess\u00e8ncia vibrant d\u2019aquesta ciutat en constant moviment.<\/p>\n<p>[\/et_pb_text][et_pb_image src=&#8221;https:\/\/www.vichycatalan.com\/wp-content\/uploads\/2024\/02\/Proyecto-nuevo-1-1.jpg&#8221; alt=&#8221;1881 hotels Gran Rosellon&#8221; title_text=&#8221;1881 hotels Gran Rosellon&#8221; align=&#8221;center&#8221; _builder_version=&#8221;4.27.4&#8243; _module_preset=&#8221;default&#8221; global_colors_info=&#8221;{}&#8221;][\/et_pb_image][et_pb_button button_url=&#8221;https:\/\/www.1881granrosellonhotel.com\/es\/&#8221; button_text=&#8221;VISITAR LA WEB&#8221; button_alignment=&#8221;center&#8221; _builder_version=&#8221;4.27.4&#8243; _module_preset=&#8221;default&#8221; hover_enabled=&#8221;0&#8243; global_colors_info=&#8221;{}&#8221; sticky_enabled=&#8221;0&#8243;][\/et_pb_button][\/et_pb_column][\/et_pb_row][\/et_pb_section][et_pb_section fb_built=&#8221;1&#8243; fullwidth=&#8221;on&#8221; admin_label=&#8221;fondo colores&#8221; module_class=&#8221;stop&#8221; _builder_version=&#8221;4.16&#8243; background_image=&#8221;https:\/\/www.vichycatalan.com\/wp-content\/uploads\/2018\/10\/trencadis-corporate.png&#8221; background_position=&#8221;top_center&#8221; background_repeat=&#8221;repeat-x&#8221; custom_padding=&#8221;190px||||false|false&#8221; global_colors_info=&#8221;{}&#8221;][\/et_pb_section]<\/p>\n","protected":false},"excerpt":{"rendered":"<p>Un lloc id\u00edl\u00b7lic per gaudir de la tranquil\u00b7litat i el benestar. <span class='et-dropcap'>E<\/span>l grup hoteler 1881 Hotels neix de la visi\u00f3 de Vichy Catalan Corporation per oferir una experi\u00e8ncia de benestar a l\u2019usuari. La ubicaci\u00f3 dels diferents hotels del grup ha estat pensada perqu\u00e8 qualsevol persona que viatgi per feina o per oci disposi d\u2019un lloc [&hellip;]<\/p>\n","protected":false},"author":1,"featured_media":0,"parent":0,"menu_order":0,"comment_status":"closed","ping_status":"closed","template":"","meta":{"_acf_changed":false,"_et_pb_use_builder":"on","_et_pb_old_content":"","_et_gb_content_width":"","footnotes":""},"class_list":["post-9212","page","type-page","status-publish","hentry"],"acf":{"pagina_de_marca":"no"},"yoast_head":"<!-- This site is optimized with the Yoast SEO plugin v27.5 - https:\/\/yoast.com\/product\/yoast-seo-wordpress\/ -->\n<title>1881 Hotels - Vichy Catalan Corporation<\/title>\n<meta name=\"description\" content=\"1881 Hotels neix de la visi\u00f3 de Vichy Catalan Corporation per oferir als seus hostes una experi\u00e8ncia de benestar \u00fanica.\" \/>\n<meta name=\"robots\" content=\"index, follow, max-snippet:-1, max-image-preview:large, max-video-preview:-1\" \/>\n<link rel=\"canonical\" href=\"https:\/\/www.vichycatalan.com\/ca\/1881-hotels\/\" \/>\n<meta property=\"og:locale\" content=\"ca_ES\" \/>\n<meta property=\"og:type\" content=\"article\" \/>\n<meta property=\"og:title\" content=\"1881 Hotels - Vichy Catalan Corporation\" \/>\n<meta property=\"og:description\" content=\"1881 Hotels neix de la visi\u00f3 de Vichy Catalan Corporation per oferir als seus hostes una experi\u00e8ncia de benestar \u00fanica.\" \/>\n<meta property=\"og:url\" content=\"https:\/\/www.vichycatalan.com\/ca\/1881-hotels\/\" \/>\n<meta property=\"og:site_name\" content=\"Vichy Catalan Corporation\" \/>\n<meta property=\"article:modified_time\" content=\"2025-02-18T09:35:41+00:00\" \/>\n<meta name=\"twitter:card\" content=\"summary_large_image\" \/>\n<meta name=\"twitter:label1\" content=\"Temps estimat de lectura\" \/>\n\t<meta name=\"twitter:data1\" content=\"3 minuts\" \/>\n<script type=\"application\/ld+json\" class=\"yoast-schema-graph\">{\"@context\":\"https:\\\/\\\/schema.org\",\"@graph\":[{\"@type\":\"WebPage\",\"@id\":\"https:\\\/\\\/www.vichycatalan.com\\\/ca\\\/1881-hotels\\\/\",\"url\":\"https:\\\/\\\/www.vichycatalan.com\\\/ca\\\/1881-hotels\\\/\",\"name\":\"1881 Hotels - Vichy Catalan Corporation\",\"isPartOf\":{\"@id\":\"https:\\\/\\\/www.vichycatalan.com\\\/ca\\\/#website\"},\"datePublished\":\"2018-10-31T14:35:34+00:00\",\"dateModified\":\"2025-02-18T09:35:41+00:00\",\"description\":\"1881 Hotels neix de la visi\u00f3 de Vichy Catalan Corporation per oferir als seus hostes una experi\u00e8ncia de benestar \u00fanica.\",\"breadcrumb\":{\"@id\":\"https:\\\/\\\/www.vichycatalan.com\\\/ca\\\/1881-hotels\\\/#breadcrumb\"},\"inLanguage\":\"ca\",\"potentialAction\":[{\"@type\":\"ReadAction\",\"target\":[\"https:\\\/\\\/www.vichycatalan.com\\\/ca\\\/1881-hotels\\\/\"]}]},{\"@type\":\"BreadcrumbList\",\"@id\":\"https:\\\/\\\/www.vichycatalan.com\\\/ca\\\/1881-hotels\\\/#breadcrumb\",\"itemListElement\":[{\"@type\":\"ListItem\",\"position\":1,\"name\":\"Portada\",\"item\":\"https:\\\/\\\/www.vichycatalan.com\\\/ca\\\/\"},{\"@type\":\"ListItem\",\"position\":2,\"name\":\"1881 Hotels\"}]},{\"@type\":\"WebSite\",\"@id\":\"https:\\\/\\\/www.vichycatalan.com\\\/ca\\\/#website\",\"url\":\"https:\\\/\\\/www.vichycatalan.com\\\/ca\\\/\",\"name\":\"Vichy Catalan Corporation\",\"description\":\"Web de Vichy Catalan Corporation\",\"potentialAction\":[{\"@type\":\"SearchAction\",\"target\":{\"@type\":\"EntryPoint\",\"urlTemplate\":\"https:\\\/\\\/www.vichycatalan.com\\\/ca\\\/?s={search_term_string}\"},\"query-input\":{\"@type\":\"PropertyValueSpecification\",\"valueRequired\":true,\"valueName\":\"search_term_string\"}}],\"inLanguage\":\"ca\"}]}<\/script>\n<!-- \/ Yoast SEO plugin. -->","yoast_head_json":{"title":"1881 Hotels - Vichy Catalan Corporation","description":"1881 Hotels neix de la visi\u00f3 de Vichy Catalan Corporation per oferir als seus hostes una experi\u00e8ncia de benestar \u00fanica.","robots":{"index":"index","follow":"follow","max-snippet":"max-snippet:-1","max-image-preview":"max-image-preview:large","max-video-preview":"max-video-preview:-1"},"canonical":"https:\/\/www.vichycatalan.com\/ca\/1881-hotels\/","og_locale":"ca_ES","og_type":"article","og_title":"1881 Hotels - Vichy Catalan Corporation","og_description":"1881 Hotels neix de la visi\u00f3 de Vichy Catalan Corporation per oferir als seus hostes una experi\u00e8ncia de benestar \u00fanica.","og_url":"https:\/\/www.vichycatalan.com\/ca\/1881-hotels\/","og_site_name":"Vichy Catalan Corporation","article_modified_time":"2025-02-18T09:35:41+00:00","twitter_card":"summary_large_image","twitter_misc":{"Temps estimat de lectura":"3 minuts"},"schema":{"@context":"https:\/\/schema.org","@graph":[{"@type":"WebPage","@id":"https:\/\/www.vichycatalan.com\/ca\/1881-hotels\/","url":"https:\/\/www.vichycatalan.com\/ca\/1881-hotels\/","name":"1881 Hotels - Vichy Catalan Corporation","isPartOf":{"@id":"https:\/\/www.vichycatalan.com\/ca\/#website"},"datePublished":"2018-10-31T14:35:34+00:00","dateModified":"2025-02-18T09:35:41+00:00","description":"1881 Hotels neix de la visi\u00f3 de Vichy Catalan Corporation per oferir als seus hostes una experi\u00e8ncia de benestar \u00fanica.","breadcrumb":{"@id":"https:\/\/www.vichycatalan.com\/ca\/1881-hotels\/#breadcrumb"},"inLanguage":"ca","potentialAction":[{"@type":"ReadAction","target":["https:\/\/www.vichycatalan.com\/ca\/1881-hotels\/"]}]},{"@type":"BreadcrumbList","@id":"https:\/\/www.vichycatalan.com\/ca\/1881-hotels\/#breadcrumb","itemListElement":[{"@type":"ListItem","position":1,"name":"Portada","item":"https:\/\/www.vichycatalan.com\/ca\/"},{"@type":"ListItem","position":2,"name":"1881 Hotels"}]},{"@type":"WebSite","@id":"https:\/\/www.vichycatalan.com\/ca\/#website","url":"https:\/\/www.vichycatalan.com\/ca\/","name":"Vichy Catalan Corporation","description":"Web de Vichy Catalan Corporation","potentialAction":[{"@type":"SearchAction","target":{"@type":"EntryPoint","urlTemplate":"https:\/\/www.vichycatalan.com\/ca\/?s={search_term_string}"},"query-input":{"@type":"PropertyValueSpecification","valueRequired":true,"valueName":"search_term_string"}}],"inLanguage":"ca"}]}},"_links":{"self":[{"href":"https:\/\/www.vichycatalan.com\/ca\/wp-json\/wp\/v2\/pages\/9212","targetHints":{"allow":["GET"]}}],"collection":[{"href":"https:\/\/www.vichycatalan.com\/ca\/wp-json\/wp\/v2\/pages"}],"about":[{"href":"https:\/\/www.vichycatalan.com\/ca\/wp-json\/wp\/v2\/types\/page"}],"author":[{"embeddable":true,"href":"https:\/\/www.vichycatalan.com\/ca\/wp-json\/wp\/v2\/users\/1"}],"replies":[{"embeddable":true,"href":"https:\/\/www.vichycatalan.com\/ca\/wp-json\/wp\/v2\/comments?post=9212"}],"version-history":[{"count":0,"href":"https:\/\/www.vichycatalan.com\/ca\/wp-json\/wp\/v2\/pages\/9212\/revisions"}],"wp:attachment":[{"href":"https:\/\/www.vichycatalan.com\/ca\/wp-json\/wp\/v2\/media?parent=9212"}],"curies":[{"name":"wp","href":"https:\/\/api.w.org\/{rel}","templated":true}]}}