{"id":27867,"date":"2025-10-27T10:52:32","date_gmt":"2025-10-27T09:52:32","guid":{"rendered":"https:\/\/www.vichycatalan.com\/cupra-x-vichy-catalan\/"},"modified":"2025-10-27T13:50:03","modified_gmt":"2025-10-27T12:50:03","slug":"cupra-x-vichy-catalan","status":"publish","type":"page","link":"https:\/\/www.vichycatalan.com\/ca\/cupra-x-vichy-catalan\/","title":{"rendered":"CUPRA X VICHY CATALAN"},"content":{"rendered":"<p>[et_pb_section fb_built=&#8221;1&#8243; custom_padding_last_edited=&#8221;on|phone&#8221; _builder_version=&#8221;4.27.4&#8243; _module_preset=&#8221;default&#8221; background_image=&#8221;https:\/\/www.vichycatalan.com\/wp-content\/uploads\/2025\/10\/VCxCUPRA-1920&#215;490-v3.jpg&#8221; custom_margin_tablet=&#8221;&#8221; custom_margin_phone=&#8221;-35px||-34px||false|false&#8221; custom_margin_last_edited=&#8221;on|phone&#8221; custom_padding=&#8221;||230px||false|false&#8221; custom_padding_tablet=&#8221;||230px||false|false&#8221; custom_padding_phone=&#8221;||230px||false|false&#8221; background_last_edited=&#8221;on|desktop&#8221; background_size_phone=&#8221;custom&#8221; background_image_width_phone=&#8221;0%&#8221; background_image_height_phone=&#8221;85%&#8221; global_colors_info=&#8221;{}&#8221;][et_pb_row _builder_version=&#8221;4.27.0&#8243; _module_preset=&#8221;default&#8221; global_colors_info=&#8221;{}&#8221;][et_pb_column type=&#8221;4_4&#8243; _builder_version=&#8221;4.27.0&#8243; _module_preset=&#8221;default&#8221; global_colors_info=&#8221;{}&#8221;][et_pb_image _builder_version=&#8221;4.27.0&#8243; _module_preset=&#8221;default&#8221; global_colors_info=&#8221;{}&#8221;][\/et_pb_image][\/et_pb_column][\/et_pb_row][\/et_pb_section][et_pb_section fb_built=&#8221;1&#8243; _builder_version=&#8221;4.27.0&#8243; _module_preset=&#8221;default&#8221; background_color=&#8221;#000000&#8243; custom_padding=&#8221;124px||26px|||&#8221; global_colors_info=&#8221;{}&#8221;][et_pb_row _builder_version=&#8221;4.27.0&#8243; _module_preset=&#8221;default&#8221; global_colors_info=&#8221;{}&#8221;][et_pb_column type=&#8221;4_4&#8243; _builder_version=&#8221;4.27.0&#8243; _module_preset=&#8221;default&#8221; global_colors_info=&#8221;{}&#8221;][et_pb_heading title=&#8221;CUPRA X VICHY CATALAN BRAND PARTNERSHIP&#8221; _builder_version=&#8221;4.27.0&#8243; _module_preset=&#8221;default&#8221; title_font=&#8221;Helvetica Neue bold||||||||&#8221; title_text_align=&#8221;center&#8221; title_text_color=&#8221;#FFFFFF&#8221; title_font_size=&#8221;40px&#8221; custom_margin=&#8221;||37px|||&#8221; global_colors_info=&#8221;{}&#8221;][\/et_pb_heading][et_pb_text _builder_version=&#8221;4.27.4&#8243; _module_preset=&#8221;default&#8221; text_font=&#8221;Helvetica Neue standar||||||||&#8221; text_text_color=&#8221;#FFFFFF&#8221; text_font_size=&#8221;18px&#8221; header_text_color=&#8221;RGBA(255,255,255,0)&#8221; global_colors_info=&#8221;{}&#8221;]VICHY CATALAN i CUPRA s\u2019associen per incorporar el sentit del gust a l\u2019experi\u00e8ncia dels usuaris de CUPRA. Despr\u00e9s de destacar en els aspectes visuals, t\u00e0ctils, auditius i olfactius, ara aquestes dues marques ic\u00f2niques presenten una beguda que reflecteix el dinamisme de CUPRA i la qualitat de VICHY CATALAN, ambdues amb un fort arrelament a Barcelona.[\/et_pb_text][\/et_pb_column][\/et_pb_row][\/et_pb_section][et_pb_section fb_built=&#8221;1&#8243; _builder_version=&#8221;4.27.0&#8243; _module_preset=&#8221;default&#8221; background_color=&#8221;#000000&#8243; custom_margin=&#8221;||-5px|||&#8221; custom_padding=&#8221;32px||89px|||&#8221; global_colors_info=&#8221;{}&#8221;][et_pb_row column_structure=&#8221;1_2,1_2&#8243; _builder_version=&#8221;4.27.0&#8243; _module_preset=&#8221;default&#8221; global_colors_info=&#8221;{}&#8221;][et_pb_column type=&#8221;1_2&#8243; _builder_version=&#8221;4.27.0&#8243; _module_preset=&#8221;default&#8221; global_colors_info=&#8221;{}&#8221;][et_pb_text _builder_version=&#8221;4.27.4&#8243; _module_preset=&#8221;default&#8221; text_text_color=&#8221;#FFFFFF&#8221; text_font_size=&#8221;32px&#8221; header_font_size=&#8221;28px&#8221; header_3_font=&#8221;Helvetica Neue bold||||||||&#8221; header_3_text_color=&#8221;#FFFFFF&#8221; header_3_font_size=&#8221;30px&#8221; custom_padding=&#8221;140px|||||&#8221; global_colors_info=&#8221;{}&#8221;]<\/p>\n<h3><strong>GINGER LIME SPARKLING WATER<\/strong><\/h3>\n<p>[\/et_pb_text][et_pb_text _builder_version=&#8221;4.27.4&#8243; _module_preset=&#8221;default&#8221; text_font=&#8221;Helvetica Neue standar||||||||&#8221; text_text_color=&#8221;#FFFFFF&#8221; text_font_size=&#8221;18px&#8221; global_colors_info=&#8221;{}&#8221;]<\/p>\n<p>El picant del gingebre, l\u2019\u00e0cid de la llima i l\u2019aigua amb gas ic\u00f2nica de Vichy Catalan s\u2019uneixen per crear el sabor de Cupra. Vichy Catalan i Cupra s\u2019associen per oferir-te una experi\u00e8ncia electrificant amb una beguda que \u00e9s tot menys convencional.<\/p>\n<p>[\/et_pb_text][et_pb_image src=&#8221;https:\/\/www.vichycatalan.com\/wp-content\/uploads\/2024\/10\/VICHY-CATALAN-CUPRA-INGREDIENTES.jpg&#8221; alt=&#8221;VICHY CATALAN CUPRA INGREDIENTES&#8221; title_text=&#8221;VICHY CATALAN CUPRA INGREDIENTES&#8221; _builder_version=&#8221;4.27.0&#8243; _module_preset=&#8221;default&#8221; global_colors_info=&#8221;{}&#8221;][\/et_pb_image][\/et_pb_column][et_pb_column type=&#8221;1_2&#8243; _builder_version=&#8221;4.27.0&#8243; _module_preset=&#8221;default&#8221; global_colors_info=&#8221;{}&#8221;][et_pb_image src=&#8221;https:\/\/www.vichycatalan.com\/wp-content\/uploads\/2024\/10\/VICHY-CATALAN-CUPRA-LATA-2.jpg&#8221; alt=&#8221;VICHY CATALAN CUPRA LATA 1&#8243; title_text=&#8221;VICHY CATALAN CUPRA LATA 2&#8243; _builder_version=&#8221;4.27.0&#8243; _module_preset=&#8221;default&#8221; custom_padding=&#8221;0px|||||&#8221; global_colors_info=&#8221;{}&#8221;][\/et_pb_image][\/et_pb_column][\/et_pb_row][\/et_pb_section][et_pb_section fb_built=&#8221;1&#8243; _builder_version=&#8221;4.27.4&#8243; _module_preset=&#8221;default&#8221; background_video_mp4=&#8221;https:\/\/www.vichycatalan.com\/wp-content\/uploads\/2024\/10\/VICHY-CATALAN-CUPRA-VID.mp4&#8243; custom_margin_tablet=&#8221;&#8221; custom_margin_phone=&#8221;||||false|false&#8221; custom_margin_last_edited=&#8221;on|phone&#8221; custom_padding=&#8221;178px||733px||false|false&#8221; background_last_edited=&#8221;on|phone&#8221; background_video_mp4_phone=&#8221;https:\/\/www.vichycatalan.com\/wp-content\/uploads\/2024\/10\/VICHY-CATALAN-CUPRA-VID-MOBILE.mp4&#8243; background_enable_video_mp4_phone=&#8221;on&#8221; global_colors_info=&#8221;{}&#8221;][\/et_pb_section][et_pb_section fb_built=&#8221;1&#8243; _builder_version=&#8221;4.27.4&#8243; _module_preset=&#8221;default&#8221; background_color=&#8221;#000000&#8243; custom_margin_tablet=&#8221;&#8221; custom_margin_phone=&#8221;-137px||||false|false&#8221; custom_margin_last_edited=&#8221;on|phone&#8221; custom_padding=&#8221;0px||||false|false&#8221; global_colors_info=&#8221;{}&#8221;][et_pb_row column_structure=&#8221;1_2,1_2&#8243; _builder_version=&#8221;4.27.0&#8243; _module_preset=&#8221;default&#8221; custom_padding=&#8221;150px|||||&#8221; global_colors_info=&#8221;{}&#8221;][et_pb_column type=&#8221;1_2&#8243; _builder_version=&#8221;4.27.0&#8243; _module_preset=&#8221;default&#8221; global_colors_info=&#8221;{}&#8221;][et_pb_image src=&#8221;https:\/\/www.vichycatalan.com\/wp-content\/uploads\/2024\/10\/VICHY-CATALAN-CUPRA-BANDERA.jpg&#8221; alt=&#8221;VICHY CATALAN CUPRA BANDERA&#8221; title_text=&#8221;VICHY CATALAN CUPRA BANDERA&#8221; _builder_version=&#8221;4.27.4&#8243; _module_preset=&#8221;default&#8221; custom_padding=&#8221;4px||0px||false|false&#8221; global_colors_info=&#8221;{}&#8221;][\/et_pb_image][\/et_pb_column][et_pb_column type=&#8221;1_2&#8243; _builder_version=&#8221;4.27.0&#8243; _module_preset=&#8221;default&#8221; global_colors_info=&#8221;{}&#8221;][et_pb_text _builder_version=&#8221;4.27.4&#8243; _module_preset=&#8221;default&#8221; header_font=&#8221;Helvetica Neue bold||||||||&#8221; header_3_font=&#8221;Helvetica Neue bold||||||||&#8221; header_3_text_color=&#8221;#FFFFFF&#8221; header_3_font_size=&#8221;30px&#8221; custom_margin=&#8221;||29px|||&#8221; global_colors_info=&#8221;{}&#8221;]<\/p>\n<h3><strong>ESPERIT I ESTIL \u00daNIC<\/strong><\/h3>\n<p>[\/et_pb_text][et_pb_text _builder_version=&#8221;4.27.4&#8243; _module_preset=&#8221;default&#8221; text_font=&#8221;Helvetica Neue standar||||||||&#8221; text_text_color=&#8221;#FFFFFF&#8221; text_font_size=&#8221;18px&#8221; global_colors_info=&#8221;{}&#8221;]El disseny de Vichy Catalan, inspirat en les obres de Gaud\u00ed, i <strong>l\u2019aud\u00e0cia<\/strong> de CUPRA, una marca que desafia all\u00f2 convencional, es fusionen per crear una beguda que representa el sabor i l\u2019emoci\u00f3 de CUPRA: \u00fanica, intensa i plena de car\u00e0cter.[\/et_pb_text][et_pb_image src=&#8221;https:\/\/www.vichycatalan.com\/wp-content\/uploads\/2024\/10\/VICHY-CATALAN-CUPRA-LATA-LATERAL.jpg&#8221; alt=&#8221;VICHY CATALAN CUPRA LATA LATERAL&#8221; title_text=&#8221;VICHY CATALAN CUPRA LATA LATERAL&#8221; _builder_version=&#8221;4.27.0&#8243; _module_preset=&#8221;default&#8221; custom_margin=&#8221;-10px|||||&#8221; custom_padding=&#8221;0px|||||&#8221; global_colors_info=&#8221;{}&#8221;][\/et_pb_image][\/et_pb_column][\/et_pb_row][\/et_pb_section][et_pb_section fb_built=&#8221;1&#8243; _builder_version=&#8221;4.27.0&#8243; _module_preset=&#8221;default&#8221; background_color=&#8221;#000000&#8243; custom_padding=&#8221;34px||101px|||&#8221; global_colors_info=&#8221;{}&#8221;][et_pb_row _builder_version=&#8221;4.27.0&#8243; _module_preset=&#8221;default&#8221; custom_margin=&#8221;|auto|37px|auto||&#8221; custom_padding=&#8221;||52px|||&#8221; global_colors_info=&#8221;{}&#8221;][et_pb_column type=&#8221;4_4&#8243; _builder_version=&#8221;4.27.0&#8243; _module_preset=&#8221;default&#8221; global_colors_info=&#8221;{}&#8221;][et_pb_text _builder_version=&#8221;4.27.4&#8243; _module_preset=&#8221;default&#8221; text_font=&#8221;Helvetica Neue bold||||||||&#8221; text_text_color=&#8221;#FFFFFF&#8221; text_font_size=&#8221;36px&#8221; text_line_height=&#8221;1.8em&#8221; custom_margin=&#8221;||43px|||&#8221; hover_enabled=&#8221;0&#8243; text_font_size_tablet=&#8221;36px&#8221; text_font_size_phone=&#8221;32px&#8221; text_font_size_last_edited=&#8221;on|phone&#8221; global_colors_info=&#8221;{}&#8221; sticky_enabled=&#8221;0&#8243;]<\/p>\n<p style=\"text-align: center;\"><a style=\"color: white; text-decoration: none;\"<a href=\"https:\/\/latiendavichy.com\/es\/0-azucar\/vichy-catalan-sabores\/cupra\/\">UNEIX-TE AL VIATGE!<\/a><\/p>\n<p>[\/et_pb_text][\/et_pb_column][\/et_pb_row][\/et_pb_section]<\/p>\n","protected":false},"excerpt":{"rendered":"<p>VICHY CATALAN i CUPRA s\u2019associen per incorporar el sentit del gust a l\u2019experi\u00e8ncia dels usuaris de CUPRA. Despr\u00e9s de destacar en els aspectes visuals, t\u00e0ctils, auditius i olfactius, ara aquestes dues marques ic\u00f2niques presenten una beguda que reflecteix el dinamisme de CUPRA i la qualitat de VICHY CATALAN, ambdues amb un fort arrelament a Barcelona.GINGER [&hellip;]<\/p>\n","protected":false},"author":3,"featured_media":0,"parent":0,"menu_order":0,"comment_status":"closed","ping_status":"closed","template":"","meta":{"_acf_changed":false,"_et_pb_use_builder":"on","_et_pb_old_content":"","_et_gb_content_width":"","footnotes":""},"class_list":["post-27867","page","type-page","status-publish","hentry"],"acf":{"pagina_de_marca":"no"},"yoast_head":"<!-- This site is optimized with the Yoast SEO plugin v27.5 - https:\/\/yoast.com\/product\/yoast-seo-wordpress\/ -->\n<title>CUPRA X VICHY CATALAN - Vichy Catalan Corporation<\/title>\n<meta name=\"description\" content=\"CUPRA X VICHY CATALAN: sabor y dinamismo en una bebida \u00fanica con jengibre, lima y agua con gas. \u00a1Vive la experiencia!\" \/>\n<meta name=\"robots\" content=\"index, follow, max-snippet:-1, max-image-preview:large, max-video-preview:-1\" \/>\n<link rel=\"canonical\" href=\"https:\/\/www.vichycatalan.com\/ca\/cupra-x-vichy-catalan\/\" \/>\n<meta property=\"og:locale\" content=\"ca_ES\" \/>\n<meta property=\"og:type\" content=\"article\" \/>\n<meta property=\"og:title\" content=\"CUPRA X VICHY CATALAN - Vichy Catalan Corporation\" \/>\n<meta property=\"og:description\" content=\"CUPRA X VICHY CATALAN: sabor y dinamismo en una bebida \u00fanica con jengibre, lima y agua con gas. \u00a1Vive la experiencia!\" \/>\n<meta property=\"og:url\" content=\"https:\/\/www.vichycatalan.com\/ca\/cupra-x-vichy-catalan\/\" \/>\n<meta property=\"og:site_name\" content=\"Vichy Catalan Corporation\" \/>\n<meta property=\"article:modified_time\" content=\"2025-10-27T12:50:03+00:00\" \/>\n<meta name=\"twitter:card\" content=\"summary_large_image\" \/>\n<meta name=\"twitter:label1\" content=\"Temps estimat de lectura\" \/>\n\t<meta name=\"twitter:data1\" content=\"2 minuts\" \/>\n<script type=\"application\/ld+json\" class=\"yoast-schema-graph\">{\"@context\":\"https:\\\/\\\/schema.org\",\"@graph\":[{\"@type\":\"WebPage\",\"@id\":\"https:\\\/\\\/www.vichycatalan.com\\\/ca\\\/cupra-x-vichy-catalan\\\/\",\"url\":\"https:\\\/\\\/www.vichycatalan.com\\\/ca\\\/cupra-x-vichy-catalan\\\/\",\"name\":\"CUPRA X VICHY CATALAN - Vichy Catalan Corporation\",\"isPartOf\":{\"@id\":\"https:\\\/\\\/www.vichycatalan.com\\\/ca\\\/#website\"},\"datePublished\":\"2025-10-27T09:52:32+00:00\",\"dateModified\":\"2025-10-27T12:50:03+00:00\",\"description\":\"CUPRA X VICHY CATALAN: sabor y dinamismo en una bebida \u00fanica con jengibre, lima y agua con gas. \u00a1Vive la experiencia!\",\"breadcrumb\":{\"@id\":\"https:\\\/\\\/www.vichycatalan.com\\\/ca\\\/cupra-x-vichy-catalan\\\/#breadcrumb\"},\"inLanguage\":\"ca\",\"potentialAction\":[{\"@type\":\"ReadAction\",\"target\":[\"https:\\\/\\\/www.vichycatalan.com\\\/ca\\\/cupra-x-vichy-catalan\\\/\"]}]},{\"@type\":\"BreadcrumbList\",\"@id\":\"https:\\\/\\\/www.vichycatalan.com\\\/ca\\\/cupra-x-vichy-catalan\\\/#breadcrumb\",\"itemListElement\":[{\"@type\":\"ListItem\",\"position\":1,\"name\":\"Portada\",\"item\":\"https:\\\/\\\/www.vichycatalan.com\\\/ca\\\/\"},{\"@type\":\"ListItem\",\"position\":2,\"name\":\"CUPRA X VICHY CATALAN\"}]},{\"@type\":\"WebSite\",\"@id\":\"https:\\\/\\\/www.vichycatalan.com\\\/ca\\\/#website\",\"url\":\"https:\\\/\\\/www.vichycatalan.com\\\/ca\\\/\",\"name\":\"Vichy Catalan Corporation\",\"description\":\"Web de Vichy Catalan Corporation\",\"potentialAction\":[{\"@type\":\"SearchAction\",\"target\":{\"@type\":\"EntryPoint\",\"urlTemplate\":\"https:\\\/\\\/www.vichycatalan.com\\\/ca\\\/?s={search_term_string}\"},\"query-input\":{\"@type\":\"PropertyValueSpecification\",\"valueRequired\":true,\"valueName\":\"search_term_string\"}}],\"inLanguage\":\"ca\"}]}<\/script>\n<!-- \/ Yoast SEO plugin. -->","yoast_head_json":{"title":"CUPRA X VICHY CATALAN - Vichy Catalan Corporation","description":"CUPRA X VICHY CATALAN: sabor y dinamismo en una bebida \u00fanica con jengibre, lima y agua con gas. \u00a1Vive la experiencia!","robots":{"index":"index","follow":"follow","max-snippet":"max-snippet:-1","max-image-preview":"max-image-preview:large","max-video-preview":"max-video-preview:-1"},"canonical":"https:\/\/www.vichycatalan.com\/ca\/cupra-x-vichy-catalan\/","og_locale":"ca_ES","og_type":"article","og_title":"CUPRA X VICHY CATALAN - Vichy Catalan Corporation","og_description":"CUPRA X VICHY CATALAN: sabor y dinamismo en una bebida \u00fanica con jengibre, lima y agua con gas. \u00a1Vive la experiencia!","og_url":"https:\/\/www.vichycatalan.com\/ca\/cupra-x-vichy-catalan\/","og_site_name":"Vichy Catalan Corporation","article_modified_time":"2025-10-27T12:50:03+00:00","twitter_card":"summary_large_image","twitter_misc":{"Temps estimat de lectura":"2 minuts"},"schema":{"@context":"https:\/\/schema.org","@graph":[{"@type":"WebPage","@id":"https:\/\/www.vichycatalan.com\/ca\/cupra-x-vichy-catalan\/","url":"https:\/\/www.vichycatalan.com\/ca\/cupra-x-vichy-catalan\/","name":"CUPRA X VICHY CATALAN - Vichy Catalan Corporation","isPartOf":{"@id":"https:\/\/www.vichycatalan.com\/ca\/#website"},"datePublished":"2025-10-27T09:52:32+00:00","dateModified":"2025-10-27T12:50:03+00:00","description":"CUPRA X VICHY CATALAN: sabor y dinamismo en una bebida \u00fanica con jengibre, lima y agua con gas. \u00a1Vive la experiencia!","breadcrumb":{"@id":"https:\/\/www.vichycatalan.com\/ca\/cupra-x-vichy-catalan\/#breadcrumb"},"inLanguage":"ca","potentialAction":[{"@type":"ReadAction","target":["https:\/\/www.vichycatalan.com\/ca\/cupra-x-vichy-catalan\/"]}]},{"@type":"BreadcrumbList","@id":"https:\/\/www.vichycatalan.com\/ca\/cupra-x-vichy-catalan\/#breadcrumb","itemListElement":[{"@type":"ListItem","position":1,"name":"Portada","item":"https:\/\/www.vichycatalan.com\/ca\/"},{"@type":"ListItem","position":2,"name":"CUPRA X VICHY CATALAN"}]},{"@type":"WebSite","@id":"https:\/\/www.vichycatalan.com\/ca\/#website","url":"https:\/\/www.vichycatalan.com\/ca\/","name":"Vichy Catalan Corporation","description":"Web de Vichy Catalan Corporation","potentialAction":[{"@type":"SearchAction","target":{"@type":"EntryPoint","urlTemplate":"https:\/\/www.vichycatalan.com\/ca\/?s={search_term_string}"},"query-input":{"@type":"PropertyValueSpecification","valueRequired":true,"valueName":"search_term_string"}}],"inLanguage":"ca"}]}},"_links":{"self":[{"href":"https:\/\/www.vichycatalan.com\/ca\/wp-json\/wp\/v2\/pages\/27867","targetHints":{"allow":["GET"]}}],"collection":[{"href":"https:\/\/www.vichycatalan.com\/ca\/wp-json\/wp\/v2\/pages"}],"about":[{"href":"https:\/\/www.vichycatalan.com\/ca\/wp-json\/wp\/v2\/types\/page"}],"author":[{"embeddable":true,"href":"https:\/\/www.vichycatalan.com\/ca\/wp-json\/wp\/v2\/users\/3"}],"replies":[{"embeddable":true,"href":"https:\/\/www.vichycatalan.com\/ca\/wp-json\/wp\/v2\/comments?post=27867"}],"version-history":[{"count":0,"href":"https:\/\/www.vichycatalan.com\/ca\/wp-json\/wp\/v2\/pages\/27867\/revisions"}],"wp:attachment":[{"href":"https:\/\/www.vichycatalan.com\/ca\/wp-json\/wp\/v2\/media?parent=27867"}],"curies":[{"name":"wp","href":"https:\/\/api.w.org\/{rel}","templated":true}]}}