{"id":11838,"date":"2019-06-04T10:43:50","date_gmt":"2019-06-04T08:43:50","guid":{"rendered":"https:\/\/www.vichycatalan.com\/quan-una-cosa-es-genuina-es-fa-universal\/"},"modified":"2019-06-12T12:25:24","modified_gmt":"2019-06-12T10:25:24","slug":"quan-una-cosa-es-genuina-es-fa-universal","status":"publish","type":"page","link":"https:\/\/www.vichycatalan.com\/ca\/quan-una-cosa-es-genuina-es-fa-universal\/","title":{"rendered":"Quan una cosa \u00e9s genu\u00efna, es fa universal"},"content":{"rendered":"<p>[et_pb_section fb_built=&#8221;1&#8243; _builder_version=&#8221;3.23.3&#8243; min_height=&#8221;158px&#8221; custom_padding=&#8221;10px||0px|||&#8221;][et_pb_row custom_padding=&#8221;||3px|||&#8221; _builder_version=&#8221;3.23.3&#8243;][et_pb_column type=&#8221;4_4&#8243; _builder_version=&#8221;3.23.3&#8243;][et_pb_text _builder_version=&#8221;3.23.3&#8243; text_font=&#8221;||||||||&#8221; text_font_size=&#8221;20px&#8221; text_line_height=&#8221;1.8em&#8221; custom_margin_last_edited=&#8221;on|phone&#8221; custom_padding=&#8221;|250px||250px||false&#8221; custom_padding_tablet=&#8221;|50px||50px&#8221; custom_padding_phone=&#8221;|0px|30px|0px&#8221; custom_padding_last_edited=&#8221;on|phone&#8221; text_font_size_last_edited=&#8221;on|phone&#8221; text_letter_spacing_phone=&#8221;0px&#8221; text_letter_spacing_last_edited=&#8221;off|desktop&#8221; text_line_height_tablet=&#8221;1.6em&#8221; text_line_height_phone=&#8221;1.3em&#8221; text_line_height_last_edited=&#8221;on|tablet&#8221;]<\/p>\n<p style=\"text-align: center;\">En el <span style=\"color: #ba9b38;\"><strong>nou anunci<\/strong><\/span> vol\u00edem desvetllar <span style=\"color: #ba9b38;\"><b>l&#8217;origen de Vichy Catalan<\/b><\/span>, aix\u00ed que hem hagut d&#8217;anar lluny, molt lluny&#8230; Al segle XIX concretament:<\/p>\n<p>[\/et_pb_text][\/et_pb_column][\/et_pb_row][\/et_pb_section][et_pb_section fb_built=&#8221;1&#8243; _builder_version=&#8221;3.23.3&#8243; min_height=&#8221;728px&#8221; custom_margin=&#8221;||45px|||&#8221; custom_margin_tablet=&#8221;||-345px&#8221; custom_margin_phone=&#8221;||-481px&#8221; custom_margin_last_edited=&#8221;on|desktop&#8221; custom_padding=&#8221;0px||0px|||&#8221;][et_pb_row custom_padding=&#8221;||0px|||&#8221; custom_margin=&#8221;|auto|-3px|auto||&#8221; _builder_version=&#8221;3.23.3&#8243;][et_pb_column type=&#8221;4_4&#8243; _builder_version=&#8221;3.23.3&#8243;][et_pb_video src=&#8221;https:\/\/www.youtube.com\/watch?v=RiT4Rc5sLS4&#8243; _builder_version=&#8221;3.23.3&#8243; min_height=&#8221;225px&#8221; custom_margin=&#8221;-32px|1px|-3px|||&#8221; custom_padding=&#8221;||0px|||&#8221;][\/et_pb_video][\/et_pb_column][\/et_pb_row][\/et_pb_section][et_pb_section fb_built=&#8221;1&#8243; _builder_version=&#8221;3.23.3&#8243; min_height=&#8221;620px&#8221; custom_margin=&#8221;0px|||||&#8221; custom_padding=&#8221;3px||3px|||&#8221;][et_pb_row custom_padding=&#8221;50px||0px|||&#8221; custom_margin=&#8221;|auto|45px|auto||&#8221; disabled_on=&#8221;off|off|off&#8221; _builder_version=&#8221;3.23.3&#8243; background_image=&#8221;https:\/\/www.vichycatalan.com\/wp-content\/uploads\/2019\/06\/Primera-botella-vichy-catalan-barras.jpg&#8221; allow_player_pause=&#8221;on&#8221; background_video_pause_outside_viewport=&#8221;off&#8221; min_height=&#8221;581px&#8221;][et_pb_column type=&#8221;1_2&#8243; _builder_version=&#8221;3.23.3&#8243;][et_pb_text _builder_version=&#8221;3.23.3&#8243; text_font=&#8221;||on||||||&#8221; text_text_align=&#8221;left&#8221; text_text_color=&#8221;#ffffff&#8221; text_font_size=&#8221;23px&#8221; text_line_height=&#8221;1.3em&#8221; header_font=&#8221;||||||||&#8221; width=&#8221;76.9%&#8221; min_height=&#8221;88px&#8221; custom_margin=&#8221;-3px|0px||73px||&#8221; custom_margin_tablet=&#8221;-34px|0px||21px&#8221; custom_margin_phone=&#8221;-41px||&#8221; custom_margin_last_edited=&#8221;on|phone&#8221; custom_padding=&#8221;0px||0px|0px&#8221; text_text_color_last_edited=&#8221;on|phone&#8221;]<em>Un moment \u00fanic que ho va canviar tot: el dia que el Dr. Modest Furest va tenir, a les seves mans, la primera ampolla de Vichy Catalan<\/em>[\/et_pb_text][\/et_pb_column][et_pb_column type=&#8221;1_2&#8243; _builder_version=&#8221;3.23.3&#8243;][\/et_pb_column][\/et_pb_row][\/et_pb_section][et_pb_section fb_built=&#8221;1&#8243; _builder_version=&#8221;3.23.3&#8243; min_height=&#8221;605px&#8221; custom_margin=&#8221;-48px|||||&#8221; custom_padding=&#8221;44px||3px|||&#8221;][et_pb_row custom_padding=&#8221;34px||34px|||&#8221; custom_margin=&#8221;|auto|45px|auto||&#8221; disabled_on=&#8221;off|off|off&#8221; _builder_version=&#8221;3.23.3&#8243; background_video_webm=&#8221;https:\/\/www.vichycatalan.com\/wp-content\/uploads\/2019\/06\/DrFurest.webm&#8221; allow_player_pause=&#8221;on&#8221; min_height=&#8221;620px&#8221;][et_pb_column type=&#8221;1_2&#8243; _builder_version=&#8221;3.23.3&#8243;][et_pb_text _builder_version=&#8221;3.23.3&#8243; text_font=&#8221;||on||||||&#8221; text_text_align=&#8221;left&#8221; text_text_color=&#8221;#ffffff&#8221; text_font_size=&#8221;27px&#8221; text_line_height=&#8221;1.2em&#8221; width=&#8221;76.9%&#8221; width_phone=&#8221;100%&#8221; width_last_edited=&#8221;on|phone&#8221; max_width=&#8221;77%&#8221; min_height=&#8221;88px&#8221; custom_margin=&#8221;65px|||96px||&#8221; custom_margin_tablet=&#8221;6px|||68px&#8221; custom_margin_phone=&#8221;-2px|||42px&#8221; custom_margin_last_edited=&#8221;on|tablet&#8221; text_font_size_last_edited=&#8221;on|desktop&#8221;]<span style=\"color: #000000;\"><em>Al 1881, el Dr. Modest Furest va iniciar un viatge a la recerca d&#8217;una aigua amb unes propietats \u00faniques. I la va trobar<\/em><\/span>[\/et_pb_text][\/et_pb_column][et_pb_column type=&#8221;1_2&#8243; _builder_version=&#8221;3.23.3&#8243;][\/et_pb_column][\/et_pb_row][\/et_pb_section][et_pb_section fb_built=&#8221;1&#8243; _builder_version=&#8221;3.23.3&#8243; custom_margin=&#8221;-3px||15px|||&#8221; custom_padding=&#8221;13px||0px|||&#8221;][et_pb_row custom_padding=&#8221;||0px|||&#8221; _builder_version=&#8221;3.23.3&#8243;][et_pb_column type=&#8221;4_4&#8243; _builder_version=&#8221;3.23.3&#8243;][et_pb_divider color=&#8221;#ba9b38&#8243; _builder_version=&#8221;3.23.3&#8243; min_height=&#8221;16px&#8221;][\/et_pb_divider][\/et_pb_column][\/et_pb_row][et_pb_row _builder_version=&#8221;3.23.3&#8243; min_height=&#8221;125px&#8221;][et_pb_column type=&#8221;4_4&#8243; _builder_version=&#8221;3.23.3&#8243;][et_pb_text _builder_version=&#8221;3.23.3&#8243; text_font=&#8221;||||||||&#8221; text_font_size=&#8221;20px&#8221; text_line_height=&#8221;1.8em&#8221; custom_padding=&#8221;|250px||250px||false&#8221; custom_padding_tablet=&#8221;|50px||50px&#8221; custom_padding_phone=&#8221;||30px&#8221; custom_padding_last_edited=&#8221;on|phone&#8221; text_font_size_last_edited=&#8221;on|phone&#8221; text_letter_spacing_phone=&#8221;0px&#8221; text_letter_spacing_last_edited=&#8221;off|desktop&#8221; text_line_height_tablet=&#8221;1.6em&#8221; text_line_height_phone=&#8221;1.3em&#8221; text_line_height_last_edited=&#8221;on|tablet&#8221; custom_margin=&#8221;||-11px|||&#8221;]<\/p>\n<p style=\"text-align: center;\">I tu, coneixes els origens de <span style=\"color: #ba9b38;\"><strong>Vichy Catalan<\/strong><\/span>?<br \/>\nParticipa en el nostre <span style=\"color: #ba9b38;\"><strong>quiz<\/strong><\/span> i guanya <span style=\"color: #ba9b38;\"><strong>fant\u00e0stics premis<\/strong><\/span><\/p>\n<p>[\/et_pb_text][et_pb_text _builder_version=&#8221;3.23.3&#8243; text_font=&#8221;||||||||&#8221; text_text_align=&#8221;center&#8221; min_height=&#8221;40px&#8221;]&nbsp;<\/p>\n<p><em>En breus tindrem el quiz disponible<\/em>[\/et_pb_text][\/et_pb_column][\/et_pb_row][et_pb_row custom_padding=&#8221;0px|||||&#8221; custom_margin=&#8221;|auto|-51px|auto||&#8221; _builder_version=&#8221;3.23.3&#8243;][et_pb_column type=&#8221;4_4&#8243; _builder_version=&#8221;3.23.3&#8243;][et_pb_divider color=&#8221;#ba9b38&#8243; _builder_version=&#8221;3.23.3&#8243; min_height=&#8221;39px&#8221; custom_margin=&#8221;||-19px|||&#8221;][\/et_pb_divider][\/et_pb_column][\/et_pb_row][\/et_pb_section][et_pb_section fb_built=&#8221;1&#8243; _builder_version=&#8221;3.23.3&#8243; min_height=&#8221;135px&#8221; custom_padding=&#8221;10px||0px|||&#8221;][et_pb_row custom_padding=&#8221;||3px|||&#8221; _builder_version=&#8221;3.23.3&#8243;][et_pb_column type=&#8221;4_4&#8243; _builder_version=&#8221;3.23.3&#8243;][et_pb_text _builder_version=&#8221;3.23.3&#8243; text_font=&#8221;||||||||&#8221; text_font_size=&#8221;20px&#8221; text_line_height=&#8221;1.8em&#8221; custom_margin_last_edited=&#8221;on|phone&#8221; custom_padding=&#8221;0px|250px||250px||false&#8221; custom_padding_tablet=&#8221;|50px||50px&#8221; custom_padding_phone=&#8221;|0px|30px|0px&#8221; custom_padding_last_edited=&#8221;on|phone&#8221; text_font_size_last_edited=&#8221;on|phone&#8221; text_letter_spacing_phone=&#8221;0px&#8221; text_letter_spacing_last_edited=&#8221;off|desktop&#8221; text_line_height_tablet=&#8221;1.6em&#8221; text_line_height_phone=&#8221;1.3em&#8221; text_line_height_last_edited=&#8221;on|tablet&#8221;]<\/p>\n<p style=\"text-align: center;\">I per els\/les m\u00e9s curiosos\/es&#8230; Aix\u00ed es va rodar l&#8217;anunci! Descobreix els secrets darrera de les c\u00e0meres en aquest <strong><span style=\"color: #ba9b38;\">making of<\/span><\/strong>:<\/p>\n<p>[\/et_pb_text][\/et_pb_column][\/et_pb_row][\/et_pb_section][et_pb_section fb_built=&#8221;1&#8243; _builder_version=&#8221;3.23.3&#8243; min_height=&#8221;241px&#8221; custom_margin=&#8221;12px||0px|||&#8221; custom_margin_phone=&#8221;12px||-3px|||&#8221; custom_margin_last_edited=&#8221;on|desktop&#8221; custom_padding=&#8221;0px||0px|||&#8221;][et_pb_row custom_padding=&#8221;2px|||||&#8221; custom_margin=&#8221;|auto|5px|auto||&#8221; _builder_version=&#8221;3.23.3&#8243; min_height=&#8221;298px&#8221;][et_pb_column type=&#8221;4_4&#8243; _builder_version=&#8221;3.23.3&#8243;][et_pb_video src=&#8221;https:\/\/www.youtube.com\/watch?v=BDIuFzFjVxo&#038;feature=youtu.be&#8221; _builder_version=&#8221;3.23.3&#8243; custom_margin=&#8221;||-6px|||&#8221; custom_padding=&#8221;||10px|||&#8221;][\/et_pb_video][\/et_pb_column][\/et_pb_row][\/et_pb_section]<\/p>\n","protected":false},"excerpt":{"rendered":"<p>En el nou anunci vol\u00edem desvetllar l&#8217;origen de Vichy Catalan, aix\u00ed que hem hagut d&#8217;anar lluny, molt lluny&#8230; Al segle XIX concretament:Un moment \u00fanic que ho va canviar tot: el dia que el Dr. Modest Furest va tenir, a les seves mans, la primera ampolla de Vichy CatalanAl 1881, el Dr. Modest Furest va iniciar [&hellip;]<\/p>\n","protected":false},"author":1,"featured_media":0,"parent":0,"menu_order":0,"comment_status":"closed","ping_status":"closed","template":"","meta":{"_acf_changed":false,"_et_pb_use_builder":"on","_et_pb_old_content":"","_et_gb_content_width":"","footnotes":""},"class_list":["post-11838","page","type-page","status-publish","hentry"],"acf":{"pagina_de_marca":null,"campos_de_marca":null},"yoast_head":"<!-- This site is optimized with the Yoast SEO plugin v27.2 - https:\/\/yoast.com\/product\/yoast-seo-wordpress\/ -->\n<title>Quan una cosa \u00e9s genu\u00efna, es fa universal - Vichy Catalan Corporation<\/title>\n<meta name=\"description\" content=\"Al 1881, el Dr. Modest Furest va iniciar un viatge a la recerca d&#039;una aigua amb unes propietats \u00faniques. I la va trobar. No et perdis el nou anunci!\" \/>\n<meta name=\"robots\" content=\"index, follow, max-snippet:-1, max-image-preview:large, max-video-preview:-1\" \/>\n<link rel=\"canonical\" href=\"https:\/\/www.vichycatalan.com\/ca\/quan-una-cosa-es-genuina-es-fa-universal\/\" \/>\n<meta property=\"og:locale\" content=\"ca_ES\" \/>\n<meta property=\"og:type\" content=\"article\" \/>\n<meta property=\"og:title\" content=\"Quan una cosa \u00e9s genu\u00efna, es fa universal - Vichy Catalan Corporation\" \/>\n<meta property=\"og:description\" content=\"Al 1881, el Dr. Modest Furest va iniciar un viatge a la recerca d&#039;una aigua amb unes propietats \u00faniques. I la va trobar. No et perdis el nou anunci!\" \/>\n<meta property=\"og:url\" content=\"https:\/\/www.vichycatalan.com\/ca\/quan-una-cosa-es-genuina-es-fa-universal\/\" \/>\n<meta property=\"og:site_name\" content=\"Vichy Catalan Corporation\" \/>\n<meta property=\"article:modified_time\" content=\"2019-06-12T10:25:24+00:00\" \/>\n<meta name=\"twitter:card\" content=\"summary_large_image\" \/>\n<meta name=\"twitter:label1\" content=\"Temps estimat de lectura\" \/>\n\t<meta name=\"twitter:data1\" content=\"5 minuts\" \/>\n<script type=\"application\/ld+json\" class=\"yoast-schema-graph\">{\"@context\":\"https:\/\/schema.org\",\"@graph\":[{\"@type\":\"WebPage\",\"@id\":\"https:\/\/www.vichycatalan.com\/ca\/quan-una-cosa-es-genuina-es-fa-universal\/\",\"url\":\"https:\/\/www.vichycatalan.com\/ca\/quan-una-cosa-es-genuina-es-fa-universal\/\",\"name\":\"Quan una cosa \u00e9s genu\u00efna, es fa universal - Vichy Catalan Corporation\",\"isPartOf\":{\"@id\":\"https:\/\/www.vichycatalan.com\/ca\/#website\"},\"datePublished\":\"2019-06-04T08:43:50+00:00\",\"dateModified\":\"2019-06-12T10:25:24+00:00\",\"description\":\"Al 1881, el Dr. Modest Furest va iniciar un viatge a la recerca d'una aigua amb unes propietats \u00faniques. I la va trobar. No et perdis el nou anunci!\",\"breadcrumb\":{\"@id\":\"https:\/\/www.vichycatalan.com\/ca\/quan-una-cosa-es-genuina-es-fa-universal\/#breadcrumb\"},\"inLanguage\":\"ca\",\"potentialAction\":[{\"@type\":\"ReadAction\",\"target\":[\"https:\/\/www.vichycatalan.com\/ca\/quan-una-cosa-es-genuina-es-fa-universal\/\"]}]},{\"@type\":\"BreadcrumbList\",\"@id\":\"https:\/\/www.vichycatalan.com\/ca\/quan-una-cosa-es-genuina-es-fa-universal\/#breadcrumb\",\"itemListElement\":[{\"@type\":\"ListItem\",\"position\":1,\"name\":\"Portada\",\"item\":\"https:\/\/www.vichycatalan.com\/ca\/\"},{\"@type\":\"ListItem\",\"position\":2,\"name\":\"Quan una cosa \u00e9s genu\u00efna, es fa universal\"}]},{\"@type\":\"WebSite\",\"@id\":\"https:\/\/www.vichycatalan.com\/ca\/#website\",\"url\":\"https:\/\/www.vichycatalan.com\/ca\/\",\"name\":\"Vichy Catalan Corporation\",\"description\":\"Web de Vichy Catalan Corporation\",\"potentialAction\":[{\"@type\":\"SearchAction\",\"target\":{\"@type\":\"EntryPoint\",\"urlTemplate\":\"https:\/\/www.vichycatalan.com\/ca\/?s={search_term_string}\"},\"query-input\":{\"@type\":\"PropertyValueSpecification\",\"valueRequired\":true,\"valueName\":\"search_term_string\"}}],\"inLanguage\":\"ca\"}]}<\/script>\n<!-- \/ Yoast SEO plugin. -->","yoast_head_json":{"title":"Quan una cosa \u00e9s genu\u00efna, es fa universal - Vichy Catalan Corporation","description":"Al 1881, el Dr. Modest Furest va iniciar un viatge a la recerca d'una aigua amb unes propietats \u00faniques. I la va trobar. No et perdis el nou anunci!","robots":{"index":"index","follow":"follow","max-snippet":"max-snippet:-1","max-image-preview":"max-image-preview:large","max-video-preview":"max-video-preview:-1"},"canonical":"https:\/\/www.vichycatalan.com\/ca\/quan-una-cosa-es-genuina-es-fa-universal\/","og_locale":"ca_ES","og_type":"article","og_title":"Quan una cosa \u00e9s genu\u00efna, es fa universal - Vichy Catalan Corporation","og_description":"Al 1881, el Dr. Modest Furest va iniciar un viatge a la recerca d'una aigua amb unes propietats \u00faniques. I la va trobar. No et perdis el nou anunci!","og_url":"https:\/\/www.vichycatalan.com\/ca\/quan-una-cosa-es-genuina-es-fa-universal\/","og_site_name":"Vichy Catalan Corporation","article_modified_time":"2019-06-12T10:25:24+00:00","twitter_card":"summary_large_image","twitter_misc":{"Temps estimat de lectura":"5 minuts"},"schema":{"@context":"https:\/\/schema.org","@graph":[{"@type":"WebPage","@id":"https:\/\/www.vichycatalan.com\/ca\/quan-una-cosa-es-genuina-es-fa-universal\/","url":"https:\/\/www.vichycatalan.com\/ca\/quan-una-cosa-es-genuina-es-fa-universal\/","name":"Quan una cosa \u00e9s genu\u00efna, es fa universal - Vichy Catalan Corporation","isPartOf":{"@id":"https:\/\/www.vichycatalan.com\/ca\/#website"},"datePublished":"2019-06-04T08:43:50+00:00","dateModified":"2019-06-12T10:25:24+00:00","description":"Al 1881, el Dr. Modest Furest va iniciar un viatge a la recerca d'una aigua amb unes propietats \u00faniques. I la va trobar. No et perdis el nou anunci!","breadcrumb":{"@id":"https:\/\/www.vichycatalan.com\/ca\/quan-una-cosa-es-genuina-es-fa-universal\/#breadcrumb"},"inLanguage":"ca","potentialAction":[{"@type":"ReadAction","target":["https:\/\/www.vichycatalan.com\/ca\/quan-una-cosa-es-genuina-es-fa-universal\/"]}]},{"@type":"BreadcrumbList","@id":"https:\/\/www.vichycatalan.com\/ca\/quan-una-cosa-es-genuina-es-fa-universal\/#breadcrumb","itemListElement":[{"@type":"ListItem","position":1,"name":"Portada","item":"https:\/\/www.vichycatalan.com\/ca\/"},{"@type":"ListItem","position":2,"name":"Quan una cosa \u00e9s genu\u00efna, es fa universal"}]},{"@type":"WebSite","@id":"https:\/\/www.vichycatalan.com\/ca\/#website","url":"https:\/\/www.vichycatalan.com\/ca\/","name":"Vichy Catalan Corporation","description":"Web de Vichy Catalan Corporation","potentialAction":[{"@type":"SearchAction","target":{"@type":"EntryPoint","urlTemplate":"https:\/\/www.vichycatalan.com\/ca\/?s={search_term_string}"},"query-input":{"@type":"PropertyValueSpecification","valueRequired":true,"valueName":"search_term_string"}}],"inLanguage":"ca"}]}},"_links":{"self":[{"href":"https:\/\/www.vichycatalan.com\/ca\/wp-json\/wp\/v2\/pages\/11838","targetHints":{"allow":["GET"]}}],"collection":[{"href":"https:\/\/www.vichycatalan.com\/ca\/wp-json\/wp\/v2\/pages"}],"about":[{"href":"https:\/\/www.vichycatalan.com\/ca\/wp-json\/wp\/v2\/types\/page"}],"author":[{"embeddable":true,"href":"https:\/\/www.vichycatalan.com\/ca\/wp-json\/wp\/v2\/users\/1"}],"replies":[{"embeddable":true,"href":"https:\/\/www.vichycatalan.com\/ca\/wp-json\/wp\/v2\/comments?post=11838"}],"version-history":[{"count":1,"href":"https:\/\/www.vichycatalan.com\/ca\/wp-json\/wp\/v2\/pages\/11838\/revisions"}],"predecessor-version":[{"id":11839,"href":"https:\/\/www.vichycatalan.com\/ca\/wp-json\/wp\/v2\/pages\/11838\/revisions\/11839"}],"wp:attachment":[{"href":"https:\/\/www.vichycatalan.com\/ca\/wp-json\/wp\/v2\/media?parent=11838"}],"curies":[{"name":"wp","href":"https:\/\/api.w.org\/{rel}","templated":true}]}}